{"id":147890,"date":"2021-01-15T10:56:14","date_gmt":"2021-01-15T10:56:14","guid":{"rendered":"https:\/\/codengine3.ch\/?product=import-placeholder-for-200300"},"modified":"2023-04-11T09:56:26","modified_gmt":"2023-04-11T07:56:26","slug":"steinhof-steineberg","status":"publish","type":"product","link":"https:\/\/pizbube.ch\/en\/shop\/steinhof-steineberg\/","title":{"rendered":"Steinhof &#8211; Steineberg"},"content":{"rendered":"<p>Klettern &#8211; Familienklettern &#8211; Bouldern<br \/>\nAm gr\u00f6ssten Findling im Mittelland und seinen Vasallen&#8230;<\/p>\n<p>Felsen f\u00fcr Gleichgewichtsk\u00fcnstler &#8211; Viel braucht es nicht um gl\u00fccklich zu<br \/>\nsein. Ein Felsblock, Kreativit\u00e4t, dazu Kletterfinken, Magnesia und ein<br \/>\nCrashpad. Und es muss nicht immer Cresciano sein. Auch n\u00f6rdlich des Gotthard &#8211;<br \/>\nunweit von Herzogenbuchsee &#8211; gibt es Felsbrocken die Schwergewichtsprobleme an<br \/>\nkleineren und gr\u00f6sseren Griffen f\u00fcr Jung und Alt bereit halten!<\/p>\n<p>1. Auflage 2015, d, 72 Seiten, 14 x 18 cm, 4-farbig<\/p>","protected":false},"excerpt":{"rendered":"<p>Klettern &#8211; Familienklettern &#8211; Bouldern Am gr\u00f6ssten Findling im Mittelland und seinen Vasallen&#8230; Felsen f\u00fcr Gleichgewichtsk\u00fcnstler &#8211; Viel braucht es nicht um gl\u00fccklich zu sein. Ein Felsblock, Kreativit\u00e4t, dazu Kletterfinken, Magnesia und ein Crashpad. Und es muss nicht immer Cresciano sein. Auch n\u00f6rdlich des Gotthard &#8211; unweit von Herzogenbuchsee &#8211; gibt es Felsbrocken die Schwergewichtsprobleme [&#8230;]\n","protected":false},"featured_media":26499,"template":"","meta":[],"product_brand":[],"product_cat":[21539],"product_tag":[],"class_list":{"0":"post-147890","1":"product","2":"type-product","3":"status-publish","4":"has-post-thumbnail","6":"product_cat-fuehrerliteratur-sportklettern-bouldern","7":"pa_autor-blum","8":"pa_erscheinungsjahr-21597","9":"pa_region-schweiz","10":"pa_sprache-de","12":"first","13":"outofstock","14":"taxable","15":"shipping-taxable","16":"purchasable","17":"product-type-simple"},"_links":{"self":[{"href":"https:\/\/pizbube.ch\/en\/wp-json\/wp\/v2\/product\/147890","targetHints":{"allow":["GET"]}}],"collection":[{"href":"https:\/\/pizbube.ch\/en\/wp-json\/wp\/v2\/product"}],"about":[{"href":"https:\/\/pizbube.ch\/en\/wp-json\/wp\/v2\/types\/product"}],"wp:featuredmedia":[{"embeddable":true,"href":"https:\/\/pizbube.ch\/en\/wp-json\/wp\/v2\/media\/26499"}],"wp:attachment":[{"href":"https:\/\/pizbube.ch\/en\/wp-json\/wp\/v2\/media?parent=147890"}],"wp:term":[{"taxonomy":"product_brand","embeddable":true,"href":"https:\/\/pizbube.ch\/en\/wp-json\/wp\/v2\/product_brand?post=147890"},{"taxonomy":"product_cat","embeddable":true,"href":"https:\/\/pizbube.ch\/en\/wp-json\/wp\/v2\/product_cat?post=147890"},{"taxonomy":"product_tag","embeddable":true,"href":"https:\/\/pizbube.ch\/en\/wp-json\/wp\/v2\/product_tag?post=147890"}],"curies":[{"name":"wp","href":"https:\/\/api.w.org\/{rel}","templated":true}]}}