{"id":147891,"date":"2021-01-15T10:56:14","date_gmt":"2021-01-15T10:56:14","guid":{"rendered":"https:\/\/codengine3.ch\/?product=import-placeholder-for-208169"},"modified":"2022-08-05T09:08:02","modified_gmt":"2022-08-05T07:08:02","slug":"emmental-mit-oberaargau-und-entlebuch","status":"publish","type":"product","link":"https:\/\/pizbube.ch\/en\/shop\/emmental-mit-oberaargau-und-entlebuch\/","title":{"rendered":"Emmental mit Oberaargau und Entlebuch"},"content":{"rendered":"<p><span class=\"value\">Drei Regionen, ein Vergn\u00fcgen: 50 Mal Wandern im Emmental, im Oberaargau und im Entlebuch \u2013 von den Alpen durchs H\u00fcgel- und Flachland bis zu den Jurah\u00f6hen. Dieser Rother Wanderf\u00fchrer hat die sch\u00f6nsten Touren f\u00fcr die abwechslungsreiche Mitte der Schweiz parat.Die drei Regionen Emmental, Oberaargau und Entlebuch rund um die St\u00e4dte Thun, Bern, Solothurn, Olten und Luzern sind wie geschaffen zum lustvollen Wandern: von sonnigen Anh\u00f6hen bis hinauf zu rund 2000 Meter hohen Gipfeln, von heimeligen D\u00f6rfern bis zu schmackhaften Bauernwirtschaften. <\/span><\/p>\n<p><span class=\"value\">Die Auswahl in diesem Wanderf\u00fchrer umfasst 49 Tagestouren und eine Zweitagestour und f\u00fchrt durch wunderbar gr\u00fcnes H\u00fcgelland, auf schroffe Kalkzinnen und ins Mittelland mit vielen Badeseen.Jede Tour bietet eine zuverl\u00e4ssige Wegbeschreibung, ein Wanderk\u00e4rtchen mit eingetragenem Rou-tenverlauf und ein aussagekr\u00e4ftiges H\u00f6henprofil. Zudem sind Busverbindungen, Einkehr- und \u00dcbernachtungsm\u00f6glichkeiten sowie Hinweise zu Varianten angegeben. Auf der Internetseite des Bergverlag Rother stehen GPS-Tracks zum Download bereit.Der bekannte Berner Alpinjournalist Daniel Anker liefert in diesem Rother Wanderf\u00fchrer nicht nur exakte Routenbeschreibungen, sondern vermittelt mit seinen Texten zu Land und Leuten auch ein gutes St\u00fcck Begeisterung f\u00fcr seine Heimat.<\/span><\/p>\n<p>2., vollst\u00e4ndig \u00fcberarbeitete Auflage 2022; 208 Seiten mit 141 Farbabbildungen<br \/>\n50 H\u00f6henprofile, 50 Wanderk\u00e4rtchen im Ma\u00dfstab 1:50.000, 1:75.000 und<br \/>\n1:100.000, eine \u00dcbersichtskarte im Ma\u00dfstab 1:400.000<\/p>","protected":false},"excerpt":{"rendered":"<p>Drei Regionen, ein Vergn\u00fcgen: 50 Mal Wandern im Emmental, im Oberaargau und im Entlebuch \u2013 von den Alpen durchs H\u00fcgel- und Flachland bis zu den Jurah\u00f6hen. Dieser Rother Wanderf\u00fchrer hat die sch\u00f6nsten Touren f\u00fcr die abwechslungsreiche Mitte der Schweiz parat.Die drei Regionen Emmental, Oberaargau und Entlebuch rund um die St\u00e4dte Thun, Bern, Solothurn, Olten und [&#8230;]\n","protected":false},"featured_media":162310,"template":"","meta":[],"product_brand":[],"product_cat":[21605],"product_tag":[],"class_list":{"0":"post-147891","1":"product","2":"type-product","3":"status-publish","4":"has-post-thumbnail","6":"product_cat-wanderfuehrer-trekking","7":"pa_autor-anker-jung","8":"pa_erscheinungsjahr-27013","9":"pa_region-schweiz","10":"pa_sprache-de","12":"first","13":"instock","14":"taxable","15":"shipping-taxable","16":"purchasable","17":"product-type-simple"},"_links":{"self":[{"href":"https:\/\/pizbube.ch\/en\/wp-json\/wp\/v2\/product\/147891","targetHints":{"allow":["GET"]}}],"collection":[{"href":"https:\/\/pizbube.ch\/en\/wp-json\/wp\/v2\/product"}],"about":[{"href":"https:\/\/pizbube.ch\/en\/wp-json\/wp\/v2\/types\/product"}],"wp:featuredmedia":[{"embeddable":true,"href":"https:\/\/pizbube.ch\/en\/wp-json\/wp\/v2\/media\/162310"}],"wp:attachment":[{"href":"https:\/\/pizbube.ch\/en\/wp-json\/wp\/v2\/media?parent=147891"}],"wp:term":[{"taxonomy":"product_brand","embeddable":true,"href":"https:\/\/pizbube.ch\/en\/wp-json\/wp\/v2\/product_brand?post=147891"},{"taxonomy":"product_cat","embeddable":true,"href":"https:\/\/pizbube.ch\/en\/wp-json\/wp\/v2\/product_cat?post=147891"},{"taxonomy":"product_tag","embeddable":true,"href":"https:\/\/pizbube.ch\/en\/wp-json\/wp\/v2\/product_tag?post=147891"}],"curies":[{"name":"wp","href":"https:\/\/api.w.org\/{rel}","templated":true}]}}