{"id":147901,"date":"2021-01-15T10:56:14","date_gmt":"2021-01-15T10:56:14","guid":{"rendered":"https:\/\/codengine3.ch\/?product=import-placeholder-for-200302"},"modified":"2021-01-15T10:56:18","modified_gmt":"2021-01-15T10:56:18","slug":"schneekristalle-martin-keller-und-die-schatten-der-silvretta","status":"publish","type":"product","link":"https:\/\/pizbube.ch\/en\/shop\/schneekristalle-martin-keller-und-die-schatten-der-silvretta\/","title":{"rendered":"Schneekristalle &#8211; Martin Keller und die Schatten der Silvretta"},"content":{"rendered":"<p>Krimi<\/p>\n<p>Eine gew\u00f6hnliche Skitour? Martin Keller ist mit Freunden auf Tour. Bei St.<br \/>\nAnton am Arlberg wird ein Werttransport \u00fcberfallen. Schweizer Grenzpolizisten<br \/>\nwollen in einer alten Zollh\u00fctte die Nacht verbringen. Die scheinbar getrennten<br \/>\nEreignisse verkn\u00fcpfen sich zu einer traumatischen Reise in die winterliche<br \/>\nSilvretta und in die Tiefen der menschlichen Seele. Spannung pur!<\/p>\n<p>Eric Barnert, geboren 1968, ist Autor und Fotograf. Mit 14 Jahren stand er auf<br \/>\nseinem ersten Viertausender. Als Fach\u00fcbungsleiter Alpinklettern und Hochtouren<br \/>\nim Deutschen Alpenverein und Betreuer der Darmst\u00e4dter H\u00fctte bei St. Anton ist<br \/>\ner bestens mit den Bergen vertraut. Nach seinem spannenden Deb\u00fct \u00bbKreuzkogel\u00ab<br \/>\nist dies sein zweiter Rother Bergkrimi um den Bergsteiger Martin Keller.<\/p>","protected":false},"excerpt":{"rendered":"<p>Krimi Eine gew\u00f6hnliche Skitour? Martin Keller ist mit Freunden auf Tour. Bei St. Anton am Arlberg wird ein Werttransport \u00fcberfallen. Schweizer Grenzpolizisten wollen in einer alten Zollh\u00fctte die Nacht verbringen. Die scheinbar getrennten Ereignisse verkn\u00fcpfen sich zu einer traumatischen Reise in die winterliche Silvretta und in die Tiefen der menschlichen Seele. Spannung pur! Eric Barnert, [&#8230;]\n","protected":false},"featured_media":26519,"template":"","meta":[],"product_brand":[],"product_cat":[21629],"product_tag":[],"class_list":{"0":"post-147901","1":"product","2":"type-product","3":"status-publish","4":"has-post-thumbnail","6":"product_cat-belletristik","7":"pa_autor-barnert","8":"pa_erscheinungsjahr-21571","9":"pa_region-deutschland","10":"pa_sprache-de","12":"first","13":"instock","14":"taxable","15":"shipping-taxable","16":"purchasable","17":"product-type-simple"},"_links":{"self":[{"href":"https:\/\/pizbube.ch\/en\/wp-json\/wp\/v2\/product\/147901","targetHints":{"allow":["GET"]}}],"collection":[{"href":"https:\/\/pizbube.ch\/en\/wp-json\/wp\/v2\/product"}],"about":[{"href":"https:\/\/pizbube.ch\/en\/wp-json\/wp\/v2\/types\/product"}],"wp:featuredmedia":[{"embeddable":true,"href":"https:\/\/pizbube.ch\/en\/wp-json\/wp\/v2\/media\/26519"}],"wp:attachment":[{"href":"https:\/\/pizbube.ch\/en\/wp-json\/wp\/v2\/media?parent=147901"}],"wp:term":[{"taxonomy":"product_brand","embeddable":true,"href":"https:\/\/pizbube.ch\/en\/wp-json\/wp\/v2\/product_brand?post=147901"},{"taxonomy":"product_cat","embeddable":true,"href":"https:\/\/pizbube.ch\/en\/wp-json\/wp\/v2\/product_cat?post=147901"},{"taxonomy":"product_tag","embeddable":true,"href":"https:\/\/pizbube.ch\/en\/wp-json\/wp\/v2\/product_tag?post=147901"}],"curies":[{"name":"wp","href":"https:\/\/api.w.org\/{rel}","templated":true}]}}