{"id":147902,"date":"2021-01-15T10:56:15","date_gmt":"2021-01-15T10:56:15","guid":{"rendered":"https:\/\/codengine3.ch\/?product=import-placeholder-for-205937"},"modified":"2026-04-14T09:02:51","modified_gmt":"2026-04-14T07:02:51","slug":"silvretta-skitouren-und-skibergsteigen","status":"publish","type":"product","link":"https:\/\/pizbube.ch\/en\/shop\/silvretta-skitouren-und-skibergsteigen\/","title":{"rendered":"Skitourenf\u00fchrer Silvretta &amp; Samnaungruppe"},"content":{"rendered":"<p>Die Silvretta gilt von je her als eines der Topskitourengebiete in den Alpen. Schon Ernest Hemingway zog es mehr als ein mal in die \u2013 zumindest damals noch \u2013 winterliche Stille der &#171;blauen&#187; Silvretta.<\/p>\n<p>So beschaulich und ruhig wie in den 20er Jahren des letzten Jahrhunderts geht es heute auf der Wiesbadener-, der Saarbr\u00fccker- oder der Jamtalh\u00fctte nat\u00fcrlich nicht mehr zu.<\/p>\n<p>Neben den Vorarlbergern Skitourengehern sind es besonders die Skibergsteiger aus dem S\u00fcdwesten Deutschlands, die es regelm\u00e4\u00dfig in die Silvretta zieht. Belohnt werden sie mit Traumtouren an den idealen Skigipfeln im Dreil\u00e4ndereck von Vorarlberg, Tirol und Graub\u00fcnden. Und avon gibt es viele: Die Seeh\u00f6rner, der Gro\u00dflitzner, die Schneeglocke, das Silvrettahorn und, nat\u00fcrlich, der Piz Buin \u2013 zwei Worte, die auf den Lippen zerschmelzen wie Firn in der Fr\u00fchjahrsonne.<\/p>\n<p>3. Auflage 2026, 344 Seiten, 120 x 185 mm, Softcover, komplett 4 Farbig<\/p>","protected":false},"excerpt":{"rendered":"<p>Die Silvretta gilt von je her als eines der Topskitourengebiete in den Alpen. Schon Ernest Hemingway zog es mehr als ein mal in die \u2013 zumindest damals noch \u2013 winterliche Stille der &#171;blauen&#187; Silvretta. So beschaulich und ruhig wie in den 20er Jahren des letzten Jahrhunderts geht es heute auf der Wiesbadener-, der Saarbr\u00fccker- oder [&#8230;]\n","protected":false},"featured_media":182342,"template":"","meta":[],"product_brand":[],"product_cat":[21540],"product_tag":[27657],"class_list":{"0":"post-147902","1":"product","2":"type-product","3":"status-publish","4":"has-post-thumbnail","6":"product_cat-fuehrerliteratur-alpin-winter","7":"product_tag-silvretta-skitouren-und-skibergsteigen","8":"pa_autor-nordmann","9":"pa_autor-piepenstock","10":"pa_erscheinungsjahr-27654","11":"pa_region-oesterreich","12":"pa_region-schweiz","13":"pa_sprache-de","15":"first","16":"instock","17":"taxable","18":"shipping-taxable","19":"purchasable","20":"product-type-simple"},"_links":{"self":[{"href":"https:\/\/pizbube.ch\/en\/wp-json\/wp\/v2\/product\/147902","targetHints":{"allow":["GET"]}}],"collection":[{"href":"https:\/\/pizbube.ch\/en\/wp-json\/wp\/v2\/product"}],"about":[{"href":"https:\/\/pizbube.ch\/en\/wp-json\/wp\/v2\/types\/product"}],"wp:featuredmedia":[{"embeddable":true,"href":"https:\/\/pizbube.ch\/en\/wp-json\/wp\/v2\/media\/182342"}],"wp:attachment":[{"href":"https:\/\/pizbube.ch\/en\/wp-json\/wp\/v2\/media?parent=147902"}],"wp:term":[{"taxonomy":"product_brand","embeddable":true,"href":"https:\/\/pizbube.ch\/en\/wp-json\/wp\/v2\/product_brand?post=147902"},{"taxonomy":"product_cat","embeddable":true,"href":"https:\/\/pizbube.ch\/en\/wp-json\/wp\/v2\/product_cat?post=147902"},{"taxonomy":"product_tag","embeddable":true,"href":"https:\/\/pizbube.ch\/en\/wp-json\/wp\/v2\/product_tag?post=147902"}],"curies":[{"name":"wp","href":"https:\/\/api.w.org\/{rel}","templated":true}]}}