{"id":147905,"date":"2021-01-15T10:56:15","date_gmt":"2021-01-15T10:56:15","guid":{"rendered":"https:\/\/codengine3.ch\/?product=import-placeholder-for-207544"},"modified":"2021-01-15T16:04:28","modified_gmt":"2021-01-15T16:04:28","slug":"gletscherkalt","status":"publish","type":"product","link":"https:\/\/pizbube.ch\/en\/shop\/gletscherkalt\/","title":{"rendered":"Gletscherkalt"},"content":{"rendered":"<p>Vor f\u00fcnfundzwanzig Jahren kommt der Innsbrucker Unternehmer Spiss mit seinem<br \/>\nWagen von der Bergstra\u00dfe ab, das Fahrzeug st\u00fcrzt den Hang hinab, verkeilt sich<br \/>\nan einem Baum. Spiss \u00fcberlebt &#8211; aber seine jugendliche Geliebte kommt ums<br \/>\nLeben. Ein halbes Jahrhundert sp\u00e4ter findet man Spiss erh\u00e4ngt unweit des<br \/>\nUnfallortes. Bald danach entdeckt man einen weiteren Toten, und ein Mann wird<br \/>\nvermisst. Wie sich herausstellt, hatten beide damals mit dem Autounfall zu<br \/>\ntun. Die junge Extrembergsteigerin Marielle Czerny macht sich auf die<br \/>\nSpurensuche in den Bergen. Und begibt sich in t\u00f6dliche Gefahr.<\/p>","protected":false},"excerpt":{"rendered":"<p>Vor f\u00fcnfundzwanzig Jahren kommt der Innsbrucker Unternehmer Spiss mit seinem Wagen von der Bergstra\u00dfe ab, das Fahrzeug st\u00fcrzt den Hang hinab, verkeilt sich an einem Baum. Spiss \u00fcberlebt &#8211; aber seine jugendliche Geliebte kommt ums Leben. Ein halbes Jahrhundert sp\u00e4ter findet man Spiss erh\u00e4ngt unweit des Unfallortes. Bald danach entdeckt man einen weiteren Toten, und [&#8230;]\n","protected":false},"featured_media":37776,"template":"","meta":[],"product_brand":[],"product_cat":[21629],"product_tag":[],"class_list":{"0":"post-147905","1":"product","2":"type-product","3":"status-publish","4":"has-post-thumbnail","6":"product_cat-belletristik","7":"pa_autor-koenig","8":"pa_erscheinungsjahr-21621","9":"pa_region-deutschland","10":"pa_sprache-de","12":"first","13":"outofstock","14":"taxable","15":"shipping-taxable","16":"purchasable","17":"product-type-simple"},"_links":{"self":[{"href":"https:\/\/pizbube.ch\/en\/wp-json\/wp\/v2\/product\/147905","targetHints":{"allow":["GET"]}}],"collection":[{"href":"https:\/\/pizbube.ch\/en\/wp-json\/wp\/v2\/product"}],"about":[{"href":"https:\/\/pizbube.ch\/en\/wp-json\/wp\/v2\/types\/product"}],"wp:featuredmedia":[{"embeddable":true,"href":"https:\/\/pizbube.ch\/en\/wp-json\/wp\/v2\/media\/37776"}],"wp:attachment":[{"href":"https:\/\/pizbube.ch\/en\/wp-json\/wp\/v2\/media?parent=147905"}],"wp:term":[{"taxonomy":"product_brand","embeddable":true,"href":"https:\/\/pizbube.ch\/en\/wp-json\/wp\/v2\/product_brand?post=147905"},{"taxonomy":"product_cat","embeddable":true,"href":"https:\/\/pizbube.ch\/en\/wp-json\/wp\/v2\/product_cat?post=147905"},{"taxonomy":"product_tag","embeddable":true,"href":"https:\/\/pizbube.ch\/en\/wp-json\/wp\/v2\/product_tag?post=147905"}],"curies":[{"name":"wp","href":"https:\/\/api.w.org\/{rel}","templated":true}]}}