{"id":147906,"date":"2021-01-15T10:56:15","date_gmt":"2021-01-15T10:56:15","guid":{"rendered":"https:\/\/codengine3.ch\/?product=import-placeholder-for-207541"},"modified":"2021-01-15T16:04:26","modified_gmt":"2021-01-15T16:04:26","slug":"kreuzkogel","status":"publish","type":"product","link":"https:\/\/pizbube.ch\/en\/shop\/kreuzkogel\/","title":{"rendered":"Kreuzkogel"},"content":{"rendered":"<p>Verfolgungsjagd in den Bergen &#8230;  <\/p>\n<p>Martin Keller geht es eigentlich bestens: Er ist ein erfolgreicher, gut<br \/>\nbezahlter Arzt und Onkologe bei einer mittelst\u00e4ndischen Konstanzer<br \/>\nPharmafirma, hat eine attraktive, sympathische neue Freundin und wohnt in<br \/>\nunmittelbarer N\u00e4he zu seinen geliebten Bergen. Doch dann entdeckt er durch<br \/>\nZufall etwas, was er nie h\u00e4tte erfahren sollen. Nun hat er die Wahl zwischen<br \/>\nLoyalit\u00e4t oder \u00e4rztlichem Gewissen. Um sich \u00fcber seine Situation klar zu<br \/>\nwerden, f\u00e4hrt er in die Tiroler Alpen.  <\/p>\n<p>Schon seine erste Unternehmung, die Besteigung des Roten Kreuzkogels, nimmt<br \/>\nnicht ganz den erw\u00fcnschten Verlauf. Als er am n\u00e4chsten Tag mit einem jungen<br \/>\nP\u00e4rchen auf einem anderen Gipfel sitzt, muss er durchs Fernglas mit ansehen,<br \/>\nwie zwei M\u00e4nner seinen im Tal geparkten Campingbus aufbrechen \u2013 der Auftakt zu<br \/>\neiner gnadenlosen Verfolgungsjagd durch das Gebirge mit t\u00f6dlichem Ausgang.  <\/p>","protected":false},"excerpt":{"rendered":"<ul>\n<li><a href=\"https:\/\/pizbube.ch\/wp-content\/uploads\/attachments\/a_025\/938DD3CAE3625FA58DABF72D7E9472A7.pdf\" target=\"_blank\" rel=\"noopener\">PDF: Leseprobe Kreuzkogel<\/a><\/li>\n<\/ul>","protected":false},"featured_media":37760,"template":"","meta":[],"product_brand":[],"product_cat":[21629],"product_tag":[],"class_list":{"0":"post-147906","1":"product","2":"type-product","3":"status-publish","4":"has-post-thumbnail","6":"product_cat-belletristik","7":"pa_autor-barnet","8":"pa_erscheinungsjahr-21568","9":"pa_region-deutschland","10":"pa_sprache-de","12":"first","13":"instock","14":"taxable","15":"shipping-taxable","16":"purchasable","17":"product-type-simple"},"_links":{"self":[{"href":"https:\/\/pizbube.ch\/en\/wp-json\/wp\/v2\/product\/147906","targetHints":{"allow":["GET"]}}],"collection":[{"href":"https:\/\/pizbube.ch\/en\/wp-json\/wp\/v2\/product"}],"about":[{"href":"https:\/\/pizbube.ch\/en\/wp-json\/wp\/v2\/types\/product"}],"wp:featuredmedia":[{"embeddable":true,"href":"https:\/\/pizbube.ch\/en\/wp-json\/wp\/v2\/media\/37760"}],"wp:attachment":[{"href":"https:\/\/pizbube.ch\/en\/wp-json\/wp\/v2\/media?parent=147906"}],"wp:term":[{"taxonomy":"product_brand","embeddable":true,"href":"https:\/\/pizbube.ch\/en\/wp-json\/wp\/v2\/product_brand?post=147906"},{"taxonomy":"product_cat","embeddable":true,"href":"https:\/\/pizbube.ch\/en\/wp-json\/wp\/v2\/product_cat?post=147906"},{"taxonomy":"product_tag","embeddable":true,"href":"https:\/\/pizbube.ch\/en\/wp-json\/wp\/v2\/product_tag?post=147906"}],"curies":[{"name":"wp","href":"https:\/\/api.w.org\/{rel}","templated":true}]}}