{"id":147907,"date":"2021-01-15T10:56:15","date_gmt":"2021-01-15T10:56:15","guid":{"rendered":"https:\/\/codengine3.ch\/?product=import-placeholder-for-200650"},"modified":"2021-01-15T10:59:37","modified_gmt":"2021-01-15T10:59:37","slug":"tod-am-piz-beverin","status":"publish","type":"product","link":"https:\/\/pizbube.ch\/en\/shop\/tod-am-piz-beverin\/","title":{"rendered":"Tod am Piz Beverin"},"content":{"rendered":"<p>Ein deutscher Tourist st\u00fcrzt in Graub\u00fcnden am Piz Beverin zu Tode. Das<br \/>\nEreignis besch\u00e4ftigt die Einwohner des winzigen Weilers auf dem Glaspass,<br \/>\nzumal sich der Deutsche nicht beliebt gemacht hat und ein Verbrechen nicht<br \/>\nausgeschlossen werden kann.<\/p>\n<p>Was hat Frank, der Wirt des Berggasthauses, zu verbergen? Warum sind die<br \/>\nRucks\u00e4cke der \u00f6sterreichischen Touristen so schwer, und weshalb macht eine<br \/>\njunge Schweizerin alleine Ferien hier am Ende der Welt?<\/p>\n<p>Als der eigenartige und eigensinnige Dorfbewohner Pulit in den Fokus der<br \/>\nErmittler ger\u00e4t, werden die einheimischen Rentner Toni und Annamaria Hunger<br \/>\naktiv, um ihren Freund zu sch\u00fctzen und zur Kl\u00e4rung des Falls beizutragen.<\/p>","protected":false},"excerpt":{"rendered":"<p>Ein deutscher Tourist st\u00fcrzt in Graub\u00fcnden am Piz Beverin zu Tode. Das Ereignis besch\u00e4ftigt die Einwohner des winzigen Weilers auf dem Glaspass, zumal sich der Deutsche nicht beliebt gemacht hat und ein Verbrechen nicht ausgeschlossen werden kann. Was hat Frank, der Wirt des Berggasthauses, zu verbergen? Warum sind die Rucks\u00e4cke der \u00f6sterreichischen Touristen so schwer, [&#8230;]\n","protected":false},"featured_media":27498,"template":"","meta":[],"product_brand":[],"product_cat":[21629],"product_tag":[],"class_list":{"0":"post-147907","1":"product","2":"type-product","3":"status-publish","4":"has-post-thumbnail","6":"product_cat-belletristik","7":"pa_autor-juon","8":"pa_erscheinungsjahr-21546","9":"pa_region-schweiz","10":"pa_sprache-de","12":"first","13":"instock","14":"taxable","15":"shipping-taxable","16":"purchasable","17":"product-type-simple"},"_links":{"self":[{"href":"https:\/\/pizbube.ch\/en\/wp-json\/wp\/v2\/product\/147907","targetHints":{"allow":["GET"]}}],"collection":[{"href":"https:\/\/pizbube.ch\/en\/wp-json\/wp\/v2\/product"}],"about":[{"href":"https:\/\/pizbube.ch\/en\/wp-json\/wp\/v2\/types\/product"}],"wp:featuredmedia":[{"embeddable":true,"href":"https:\/\/pizbube.ch\/en\/wp-json\/wp\/v2\/media\/27498"}],"wp:attachment":[{"href":"https:\/\/pizbube.ch\/en\/wp-json\/wp\/v2\/media?parent=147907"}],"wp:term":[{"taxonomy":"product_brand","embeddable":true,"href":"https:\/\/pizbube.ch\/en\/wp-json\/wp\/v2\/product_brand?post=147907"},{"taxonomy":"product_cat","embeddable":true,"href":"https:\/\/pizbube.ch\/en\/wp-json\/wp\/v2\/product_cat?post=147907"},{"taxonomy":"product_tag","embeddable":true,"href":"https:\/\/pizbube.ch\/en\/wp-json\/wp\/v2\/product_tag?post=147907"}],"curies":[{"name":"wp","href":"https:\/\/api.w.org\/{rel}","templated":true}]}}