{"id":147908,"date":"2021-01-15T10:56:15","date_gmt":"2021-01-15T10:56:15","guid":{"rendered":"https:\/\/codengine3.ch\/?product=import-placeholder-for-200303"},"modified":"2025-11-08T09:17:03","modified_gmt":"2025-11-08T08:17:03","slug":"yoga-fuer-kletterer-und-bergsportler","status":"publish","type":"product","link":"https:\/\/pizbube.ch\/en\/shop\/yoga-fuer-kletterer-und-bergsportler\/","title":{"rendered":"Yoga f\u00fcr Kletterer und Bergsportler"},"content":{"rendered":"<p>Immer mehr Kletterer und Bergsportler erleben Yoga als perfekte Erg\u00e4nzung zum<br \/>\noft kraftintensiven Bergsport. Denn um den K\u00f6rper im Gleichgewicht zu halten,<br \/>\nist es wichtig, nicht nur die Muskulatur zu kr\u00e4ftigen, sondern auch ihre<br \/>\nBeweglichkeit zu erhalten.<\/p>\n<p>Mit Yoga\u00fcbungen kann man diese auf eine Art und Weise trainieren, die Spa\u00df<br \/>\nmacht und motiviert. Yoga f\u00f6rdert die Balance und das Wohlbefinden zugleich.<br \/>\nOb im Wohnzimmer, auf der Bergwiese oder der Bouldermatte \u2013 Yoga kann man<br \/>\n\u00fcberall aus\u00fcben. Man ben\u00f6tigt weder Ger\u00e4te noch besondere Ausr\u00fcstung. Und jede<br \/>\n\u00dcbungseinheit l\u00e4sst sich an die eigenen Bed\u00fcrfnisse und F\u00e4higkeiten anpassen.<\/p>\n<p>Die Yogalehrerin, Sportwissenschaftlerin und begeisterte Alpinistin Petra Zink<br \/>\nstellt 54 ausgew\u00e4hlte Yoga\u00fcbungen vor, die sich den beanspruchten<br \/>\nK\u00f6rperpartien von Bergsportlern widmen: Handgelenke, Schultern, R\u00fccken,<br \/>\nH\u00fcften. Die Anleitungen in Bild und Text sind sehr detailliert, au\u00dferdem<br \/>\nwerden verschiedene \u00dcbungsvarianten f\u00fcr Anf\u00e4nger und Fortgeschrittene<br \/>\nangeboten.<\/p>\n<p>Zus\u00e4tzlich hat die Autorin speziell abgestimmte \u00dcbungssequenzen f\u00fcr Boulderer,<br \/>\nSport- und Alpinkletterer, Bergsteiger und Skitourengeher zusammengestellt.<br \/>\n\u00dcbt man jeweils die exakt vorgeschlagene Sequenz, ergibt das eine etwa<br \/>\n30-min\u00fctige Yoga-Routine, die auch als Video zur Verf\u00fcgung steht.<\/p>\n<p>Neben den vielen Bewegungsanleitungen l\u00e4sst Petra Zink in ihrem Buch auch<br \/>\ninternationale Kletterer, Yogalehrer und Mediziner zu Wort kommen, die ihre<br \/>\npers\u00f6nlichen Yogaerfahrungen schildern, ihr Wissen mitteilen und von ihrer<br \/>\nLeidenschaft f\u00fcr die Berge und Yoga schw\u00e4rmen.<\/p>\n<p><span class=\"value\">4., aktualisierte Auflage 2022<\/span><br \/>\n168 Seiten mit 301 Farbabbildungen<br \/>\nMit Videos zu den \u00dcbungssequenzen<br \/>\nFormat 16,3 x 23 cm, kartoniert<\/p>","protected":false},"excerpt":{"rendered":"<ul>\n<li><strong><a href=\"https:\/\/pizbube.ch\/wp-content\/uploads\/attachments\/a_002\/1D4A72DEB06A2C0E3FB3E88CFC1C59ED.pdf\" target=\"_blank\" rel=\"noopener\">PDF: yoga_f\u00fcr_kletterer_inhalt.pdf<\/a><\/strong><\/li>\n<li><strong><a href=\"https:\/\/pizbube.ch\/wp-content\/uploads\/attachments\/a_002\/1D673290E95378D6FD2BDB079D31C93C.pdf\" target=\"_blank\" rel=\"noopener\">PDF: yoga_f\u00fcr_kletterer_leseprobe.pdf<\/a><\/strong><\/li>\n<\/ul>","protected":false},"featured_media":156053,"template":"","meta":[],"product_brand":[],"product_cat":[21538],"product_tag":[],"class_list":{"0":"post-147908","1":"product","2":"type-product","3":"status-publish","4":"has-post-thumbnail","6":"product_cat-lehrbuecher","7":"pa_autor-zink","8":"pa_erscheinungsjahr-27013","9":"pa_region-klettertechnik","10":"pa_sprache-de","12":"first","13":"instock","14":"taxable","15":"shipping-taxable","16":"purchasable","17":"product-type-simple"},"_links":{"self":[{"href":"https:\/\/pizbube.ch\/en\/wp-json\/wp\/v2\/product\/147908","targetHints":{"allow":["GET"]}}],"collection":[{"href":"https:\/\/pizbube.ch\/en\/wp-json\/wp\/v2\/product"}],"about":[{"href":"https:\/\/pizbube.ch\/en\/wp-json\/wp\/v2\/types\/product"}],"wp:featuredmedia":[{"embeddable":true,"href":"https:\/\/pizbube.ch\/en\/wp-json\/wp\/v2\/media\/156053"}],"wp:attachment":[{"href":"https:\/\/pizbube.ch\/en\/wp-json\/wp\/v2\/media?parent=147908"}],"wp:term":[{"taxonomy":"product_brand","embeddable":true,"href":"https:\/\/pizbube.ch\/en\/wp-json\/wp\/v2\/product_brand?post=147908"},{"taxonomy":"product_cat","embeddable":true,"href":"https:\/\/pizbube.ch\/en\/wp-json\/wp\/v2\/product_cat?post=147908"},{"taxonomy":"product_tag","embeddable":true,"href":"https:\/\/pizbube.ch\/en\/wp-json\/wp\/v2\/product_tag?post=147908"}],"curies":[{"name":"wp","href":"https:\/\/api.w.org\/{rel}","templated":true}]}}