{"id":147911,"date":"2021-01-15T10:56:15","date_gmt":"2021-01-15T10:56:15","guid":{"rendered":"https:\/\/codengine3.ch\/?product=import-placeholder-for-208406"},"modified":"2021-01-15T17:53:38","modified_gmt":"2021-01-15T17:53:38","slug":"climbingflex-mit-yoga-beweglicher-klettern","status":"publish","type":"product","link":"https:\/\/pizbube.ch\/en\/shop\/climbingflex-mit-yoga-beweglicher-klettern\/","title":{"rendered":"ClimbingFlex &#8211; Mit Yoga beweglicher klettern"},"content":{"rendered":"<p>Yoga ist gleich Yoga &#8230; oder doch nicht? Kaum eine Disziplin erf\u00e4hrt so<br \/>\nunterschiedliche Reaktionen und Meinungen wie Yoga. Dennoch: Nicht nur in der<br \/>\nbreiten Bev\u00f6lkerung, sondern auch in Sportarten, wie dem Sportklettern, ist<br \/>\nYoga immer mehr im Kommen. Yoga in unserer Gesellschaft richtet sich<br \/>\nallerdings meistens an stressgeplagte Personen, die mit Yoga mehr Entspannung<br \/>\nfinden m\u00f6chten, oder umgekehrt an Yoga-Praktizierende, die in ihrer<br \/>\nBeweglichkeit sehr fortgeschritten sind. Kletterer dagegen stellen eine Gruppe<br \/>\ndar, die g\u00e4ngige Yoga\u00fcbungen oftmals als unangenehm empfinden und damit nicht<br \/>\nausreichend an kletterspezifischen Problemzonen arbeiten.<\/p>\n<p>In diesem Yogabuch f\u00fcr Kletterer wirst Du die folgenden f\u00fcnf \u00dcbungsbereiche<br \/>\nabdecken: &#8211; Schultern und R\u00fccken &#8211; Brustkorbmuskulatur &#8211; H\u00fcftflexibilit\u00e4t &#8211;<br \/>\nBeinr\u00fcckseiten &#8211; Deine K\u00f6rperspannung Dieses Trainingsbuch mit meiner Methode<br \/>\nwird Dir als Kletterer helfen, Deine Beweglichkeit zu verbessern und<br \/>\nkontrollierter und geschmeidiger zu klettern.<\/p>\n<p>Stefanie Fischer Fern\u00e1ndez ist Trainerin f\u00fcr Yoga und f\u00fcr progressive<br \/>\nMuskelentspannung. Ihr Schwerpunkt: Mehr Beweglichkeit, mehr Leichtigkeit und<br \/>\nmehr Genuss f\u00fcr Kletterer. W\u00e4hrend l\u00e4ngerer Aufenthalte und Reisen durch<br \/>\nChile, Argentinien, Spanien und Frankreich wuchs ihre Faszination f\u00fcr das<br \/>\nKlettern immer mehr. Auf den Reisen lernte sie Kletterer kennen, die ebenfalls<br \/>\nYoga praktizierten. Diese Begegnungen waren der Ansto\u00df f\u00fcr die Idee, Yoga<br \/>\ngezielt auf Kletterer auszurichten. Nach Workshops mit Kletterern<br \/>\nverschiedener Nationalit\u00e4ten sammelte die Autorin Erfahrungen mit den<br \/>\nunterschiedlichen Herausforderungen von Kletterern.<\/p>","protected":false},"excerpt":{"rendered":"<p>Yoga ist gleich Yoga &#8230; oder doch nicht? Kaum eine Disziplin erf\u00e4hrt so unterschiedliche Reaktionen und Meinungen wie Yoga. Dennoch: Nicht nur in der breiten Bev\u00f6lkerung, sondern auch in Sportarten, wie dem Sportklettern, ist Yoga immer mehr im Kommen. Yoga in unserer Gesellschaft richtet sich allerdings meistens an stressgeplagte Personen, die mit Yoga mehr Entspannung [&#8230;]\n","protected":false},"featured_media":40111,"template":"","meta":[],"product_brand":[],"product_cat":[21538],"product_tag":[],"class_list":{"0":"post-147911","1":"product","2":"type-product","3":"status-publish","4":"has-post-thumbnail","6":"product_cat-lehrbuecher","7":"pa_autor-fischer-fernandez","8":"pa_erscheinungsjahr-21568","9":"pa_region-klettertechnik","10":"pa_sprache-de","12":"first","13":"instock","14":"taxable","15":"shipping-taxable","16":"purchasable","17":"product-type-simple"},"_links":{"self":[{"href":"https:\/\/pizbube.ch\/en\/wp-json\/wp\/v2\/product\/147911","targetHints":{"allow":["GET"]}}],"collection":[{"href":"https:\/\/pizbube.ch\/en\/wp-json\/wp\/v2\/product"}],"about":[{"href":"https:\/\/pizbube.ch\/en\/wp-json\/wp\/v2\/types\/product"}],"wp:featuredmedia":[{"embeddable":true,"href":"https:\/\/pizbube.ch\/en\/wp-json\/wp\/v2\/media\/40111"}],"wp:attachment":[{"href":"https:\/\/pizbube.ch\/en\/wp-json\/wp\/v2\/media?parent=147911"}],"wp:term":[{"taxonomy":"product_brand","embeddable":true,"href":"https:\/\/pizbube.ch\/en\/wp-json\/wp\/v2\/product_brand?post=147911"},{"taxonomy":"product_cat","embeddable":true,"href":"https:\/\/pizbube.ch\/en\/wp-json\/wp\/v2\/product_cat?post=147911"},{"taxonomy":"product_tag","embeddable":true,"href":"https:\/\/pizbube.ch\/en\/wp-json\/wp\/v2\/product_tag?post=147911"}],"curies":[{"name":"wp","href":"https:\/\/api.w.org\/{rel}","templated":true}]}}