{"id":147914,"date":"2021-01-15T10:56:15","date_gmt":"2021-01-15T10:56:15","guid":{"rendered":"https:\/\/codengine3.ch\/?product=import-placeholder-for-202222"},"modified":"2021-01-15T12:34:26","modified_gmt":"2021-01-15T12:34:26","slug":"dhaulagiri","status":"publish","type":"product","link":"https:\/\/pizbube.ch\/en\/shop\/dhaulagiri\/","title":{"rendered":"Dhaulagiri"},"content":{"rendered":"<p>Das Buch zur Jubil\u00e4umsexpedition: Skizzen- Tagebuch. Formen, Stimmungen und<br \/>\nEindr\u00fccke mit dem Zeichenstift festgehalten. Mit Portr\u00e4its und Interviews der<br \/>\nTeilnehmenden. 88 Seiten, 62 Abb. ein- und vierfarbig, 30x 21 cm. Einband mit<br \/>\nSiebdruck.<\/p>","protected":false},"excerpt":{"rendered":"<p>Das Buch zur Jubil\u00e4umsexpedition: Skizzen- Tagebuch. Formen, Stimmungen und Eindr\u00fccke mit dem Zeichenstift festgehalten. Mit Portr\u00e4its und Interviews der Teilnehmenden. 88 Seiten, 62 Abb. ein- und vierfarbig, 30x 21 cm. Einband mit Siebdruck.<\/p>","protected":false},"featured_media":29607,"template":"","meta":[],"product_brand":[],"product_cat":[21580],"product_tag":[],"class_list":{"0":"post-147914","1":"product","2":"type-product","3":"status-publish","4":"has-post-thumbnail","6":"product_cat-kunst-kultur","7":"pa_autor-weber","8":"pa_erscheinungsjahr-21750","9":"pa_region-schweiz","10":"pa_sprache-de","12":"first","13":"instock","14":"taxable","15":"shipping-taxable","16":"purchasable","17":"product-type-simple"},"_links":{"self":[{"href":"https:\/\/pizbube.ch\/en\/wp-json\/wp\/v2\/product\/147914","targetHints":{"allow":["GET"]}}],"collection":[{"href":"https:\/\/pizbube.ch\/en\/wp-json\/wp\/v2\/product"}],"about":[{"href":"https:\/\/pizbube.ch\/en\/wp-json\/wp\/v2\/types\/product"}],"wp:featuredmedia":[{"embeddable":true,"href":"https:\/\/pizbube.ch\/en\/wp-json\/wp\/v2\/media\/29607"}],"wp:attachment":[{"href":"https:\/\/pizbube.ch\/en\/wp-json\/wp\/v2\/media?parent=147914"}],"wp:term":[{"taxonomy":"product_brand","embeddable":true,"href":"https:\/\/pizbube.ch\/en\/wp-json\/wp\/v2\/product_brand?post=147914"},{"taxonomy":"product_cat","embeddable":true,"href":"https:\/\/pizbube.ch\/en\/wp-json\/wp\/v2\/product_cat?post=147914"},{"taxonomy":"product_tag","embeddable":true,"href":"https:\/\/pizbube.ch\/en\/wp-json\/wp\/v2\/product_tag?post=147914"}],"curies":[{"name":"wp","href":"https:\/\/api.w.org\/{rel}","templated":true}]}}