{"id":147916,"date":"2021-01-15T10:56:15","date_gmt":"2021-01-15T10:56:15","guid":{"rendered":"https:\/\/codengine3.ch\/?product=import-placeholder-for-200305"},"modified":"2026-03-25T10:48:53","modified_gmt":"2026-03-25T09:48:53","slug":"faehrten-lesen-und-spuren-suchen","status":"publish","type":"product","link":"https:\/\/pizbube.ch\/en\/shop\/faehrten-lesen-und-spuren-suchen\/","title":{"rendered":"F\u00e4hrten lesen und Spuren suchen"},"content":{"rendered":"<p>Eine Spuren-Leseschule und ein umfassendes Nachschlagewerk f\u00fcr alle<br \/>\nNaturfreunde.<\/p>\n<p>Mehr als nur F\u00e4hrten: Eier, Knochen, Fra\u00dfspuren und vieles mehr in einem Buch.<br \/>\nReich bebildert, kurzweilig und informativ: ein Naturf\u00fchrer f\u00fcr jedes Alter.<\/p>\n<p>Geheimnisvolle L\u00f6cher im Boden oder wirre Nester im Baum &#8211; wer wohnt hier?<br \/>\nAngeknabberte Zapfen, Fra\u00dfspuren an Bl\u00e4ttern &#8211; wer hat hier gefressen?<\/p>\n<p>Oftmals sind Spuren die einzigen Hinweise darauf, dass ein Tier in der N\u00e4he<br \/>\nist. Kann man diese Spuren lesen, bieten sie einen faszinierenden Einblick in<br \/>\ndie Lebensweise und das Verhalten der Tiere. Dieses umfassende Handbuch f\u00fchrt<br \/>\nin die Kunst des Spurenlesens ein, erkl\u00e4rt, wie Trittsiegel und F\u00e4hrten<br \/>\nvermessen und bearbeitet werden k\u00f6nnen, zeigt die artspezifischen Unterschiede<br \/>\nvon Bauten, Nestern, H\u00f6hlen, Fra\u00df- und Kotspuren und gibt einen Einblick in<br \/>\ndie Vielfalt von Fundst\u00fccken wie Knochen, Federn, H\u00fcllen, H\u00e4uten oder<br \/>\n\u00dcberresten von Mahlzeiten.<\/p>\n<p>3. Auflage 2026<br \/>\n288 Seiten, durchgehend farbige Fotos und Illustrationen<br \/>\nSoftcover (Flexobroschur), 14,8 x 21 cm, 565 g<\/p>","protected":false},"excerpt":{"rendered":"<p>Eine Spuren-Leseschule und ein umfassendes Nachschlagewerk f\u00fcr alle Naturfreunde. Mehr als nur F\u00e4hrten: Eier, Knochen, Fra\u00dfspuren und vieles mehr in einem Buch. Reich bebildert, kurzweilig und informativ: ein Naturf\u00fchrer f\u00fcr jedes Alter. Geheimnisvolle L\u00f6cher im Boden oder wirre Nester im Baum &#8211; wer wohnt hier? Angeknabberte Zapfen, Fra\u00dfspuren an Bl\u00e4ttern &#8211; wer hat hier gefressen? [&#8230;]\n","protected":false},"featured_media":183577,"template":"","meta":[],"product_brand":[],"product_cat":[21538],"product_tag":[],"class_list":{"0":"post-147916","1":"product","2":"type-product","3":"status-publish","4":"has-post-thumbnail","6":"product_cat-lehrbuecher","7":"pa_autor-baker","8":"pa_erscheinungsjahr-27654","9":"pa_region-fauna-flora-geologie-glaziologie","10":"pa_sprache-de","12":"first","13":"instock","14":"taxable","15":"shipping-taxable","16":"purchasable","17":"product-type-simple"},"_links":{"self":[{"href":"https:\/\/pizbube.ch\/en\/wp-json\/wp\/v2\/product\/147916","targetHints":{"allow":["GET"]}}],"collection":[{"href":"https:\/\/pizbube.ch\/en\/wp-json\/wp\/v2\/product"}],"about":[{"href":"https:\/\/pizbube.ch\/en\/wp-json\/wp\/v2\/types\/product"}],"wp:featuredmedia":[{"embeddable":true,"href":"https:\/\/pizbube.ch\/en\/wp-json\/wp\/v2\/media\/183577"}],"wp:attachment":[{"href":"https:\/\/pizbube.ch\/en\/wp-json\/wp\/v2\/media?parent=147916"}],"wp:term":[{"taxonomy":"product_brand","embeddable":true,"href":"https:\/\/pizbube.ch\/en\/wp-json\/wp\/v2\/product_brand?post=147916"},{"taxonomy":"product_cat","embeddable":true,"href":"https:\/\/pizbube.ch\/en\/wp-json\/wp\/v2\/product_cat?post=147916"},{"taxonomy":"product_tag","embeddable":true,"href":"https:\/\/pizbube.ch\/en\/wp-json\/wp\/v2\/product_tag?post=147916"}],"curies":[{"name":"wp","href":"https:\/\/api.w.org\/{rel}","templated":true}]}}