{"id":147918,"date":"2021-01-15T10:56:15","date_gmt":"2021-01-15T10:56:15","guid":{"rendered":"https:\/\/codengine3.ch\/?product=import-placeholder-for-202646"},"modified":"2021-01-15T12:38:08","modified_gmt":"2021-01-15T12:38:08","slug":"der-blv-naturfuehrer-fuer-unterwegs","status":"publish","type":"product","link":"https:\/\/pizbube.ch\/en\/shop\/der-blv-naturfuehrer-fuer-unterwegs\/","title":{"rendered":"Der BLV Naturf\u00fchrer f\u00fcr unterwegs"},"content":{"rendered":"<p>W\u00e4lder, Wiesen, Felder, Feuchtgebiete, Alpen.<\/p>\n<p>Idealer Begleiter bei jedem Spaziergang &#8211; ob im Wald, in den Bergen oder<br \/>\nanderswo &#8211; ist `Der neue BLV Naturf\u00fchrer f\u00fcr unterwegs` im handlichen<br \/>\nEinsteckformat-<br \/>\nMit 433 Farbfotos und einer F\u00fclle pr\u00e4ziser Informationen macht er Sie vertraut<br \/>\nmit den Pflanzen und Tieren der Lebensr\u00e4ume W\u00e4lder, Wiesen und Felder,<br \/>\nFeuchtgebiete und Alpen.  <\/p>\n<p>Beste Qualit\u00e4t \u2013 der Naturf\u00fchrer-Klassiker in Neuauflage. Leicht bestimmen:<br \/>\nPflanzen und Tiere der Lebensr\u00e4ume W\u00e4lder, Wiesen und Felder, Feuchtgebiete,<br \/>\nK\u00fcste und Alpen \u00b7 Mit Sonderteilen auf einen Blick bestimmen: Fr\u00fcchte der<br \/>\nB\u00e4ume und Str\u00e4ucher, Raupen, Vogeleier, Tierspuren.<br \/>\n13. Auflg., Neuauflage<\/p>","protected":false},"excerpt":{"rendered":"<p>W\u00e4lder, Wiesen, Felder, Feuchtgebiete, Alpen. Idealer Begleiter bei jedem Spaziergang &#8211; ob im Wald, in den Bergen oder anderswo &#8211; ist `Der neue BLV Naturf\u00fchrer f\u00fcr unterwegs` im handlichen Einsteckformat- Mit 433 Farbfotos und einer F\u00fclle pr\u00e4ziser Informationen macht er Sie vertraut mit den Pflanzen und Tieren der Lebensr\u00e4ume W\u00e4lder, Wiesen und Felder, Feuchtgebiete und [&#8230;]\n","protected":false},"featured_media":27163,"template":"","meta":[],"product_brand":[],"product_cat":[21538],"product_tag":[],"class_list":{"0":"post-147918","1":"product","2":"type-product","3":"status-publish","4":"has-post-thumbnail","6":"product_cat-lehrbuecher","7":"pa_autor-eisenreich","8":"pa_erscheinungsjahr-21568","9":"pa_region-fauna-flora-geologie-glaziologie","10":"pa_sprache-de","12":"first","13":"instock","14":"taxable","15":"shipping-taxable","16":"purchasable","17":"product-type-simple"},"_links":{"self":[{"href":"https:\/\/pizbube.ch\/en\/wp-json\/wp\/v2\/product\/147918","targetHints":{"allow":["GET"]}}],"collection":[{"href":"https:\/\/pizbube.ch\/en\/wp-json\/wp\/v2\/product"}],"about":[{"href":"https:\/\/pizbube.ch\/en\/wp-json\/wp\/v2\/types\/product"}],"wp:featuredmedia":[{"embeddable":true,"href":"https:\/\/pizbube.ch\/en\/wp-json\/wp\/v2\/media\/27163"}],"wp:attachment":[{"href":"https:\/\/pizbube.ch\/en\/wp-json\/wp\/v2\/media?parent=147918"}],"wp:term":[{"taxonomy":"product_brand","embeddable":true,"href":"https:\/\/pizbube.ch\/en\/wp-json\/wp\/v2\/product_brand?post=147918"},{"taxonomy":"product_cat","embeddable":true,"href":"https:\/\/pizbube.ch\/en\/wp-json\/wp\/v2\/product_cat?post=147918"},{"taxonomy":"product_tag","embeddable":true,"href":"https:\/\/pizbube.ch\/en\/wp-json\/wp\/v2\/product_tag?post=147918"}],"curies":[{"name":"wp","href":"https:\/\/api.w.org\/{rel}","templated":true}]}}