{"id":147919,"date":"2021-01-15T10:56:15","date_gmt":"2021-01-15T10:56:15","guid":{"rendered":"https:\/\/codengine3.ch\/?product=import-placeholder-for-200877"},"modified":"2021-01-15T11:01:43","modified_gmt":"2021-01-15T11:01:43","slug":"spuren-und-faehrten-unserer-tiere","status":"publish","type":"product","link":"https:\/\/pizbube.ch\/en\/shop\/spuren-und-faehrten-unserer-tiere\/","title":{"rendered":"Spuren und F\u00e4hrten unserer Tiere"},"content":{"rendered":"<p>Um B\u00e4ren- von Hasenspuren unterscheiden zu k\u00f6nnen&#8230; erm\u00f6glicht ein besonders<br \/>\neinfaches Bestimmen von Spuren und F\u00e4hrten unserer Tiere: Mit<br \/>\nNaturfotografieen, Bestimmungstexte, Grafiken<br \/>\n\u00dcbersichtlich und vollst\u00e4ndig: Fu\u00df- und Fra\u00dfspuren, Gew\u00f6lle, Losungen,<br \/>\nWohnh\u00f6hlen und Nester von S\u00e4ugetieren und V\u00f6geln \u00b7 Detaillierte<br \/>\nBeschreibungen: Tierspuren und ihre Verursacher, \u00e4hnliche Spuren im Vergleich<br \/>\n\u00b7 Erg\u00e4nzende Grafiken mit interessanten Details.<br \/>\n9. \u00fcberarbeit. Auflg.  <\/p>","protected":false},"excerpt":{"rendered":"<p>Um B\u00e4ren- von Hasenspuren unterscheiden zu k\u00f6nnen&#8230; erm\u00f6glicht ein besonders einfaches Bestimmen von Spuren und F\u00e4hrten unserer Tiere: Mit Naturfotografieen, Bestimmungstexte, Grafiken \u00dcbersichtlich und vollst\u00e4ndig: Fu\u00df- und Fra\u00dfspuren, Gew\u00f6lle, Losungen, Wohnh\u00f6hlen und Nester von S\u00e4ugetieren und V\u00f6geln \u00b7 Detaillierte Beschreibungen: Tierspuren und ihre Verursacher, \u00e4hnliche Spuren im Vergleich \u00b7 Erg\u00e4nzende Grafiken mit interessanten Details. 9. [&#8230;]\n","protected":false},"featured_media":27976,"template":"","meta":[],"product_brand":[],"product_cat":[21538],"product_tag":[],"class_list":{"0":"post-147919","1":"product","2":"type-product","3":"status-publish","4":"has-post-thumbnail","6":"product_cat-lehrbuecher","7":"pa_autor-lang","8":"pa_erscheinungsjahr-21830","9":"pa_region-fauna-flora-geologie-glaziologie","10":"pa_sprache-de","12":"first","13":"instock","14":"taxable","15":"shipping-taxable","16":"purchasable","17":"product-type-simple"},"_links":{"self":[{"href":"https:\/\/pizbube.ch\/en\/wp-json\/wp\/v2\/product\/147919","targetHints":{"allow":["GET"]}}],"collection":[{"href":"https:\/\/pizbube.ch\/en\/wp-json\/wp\/v2\/product"}],"about":[{"href":"https:\/\/pizbube.ch\/en\/wp-json\/wp\/v2\/types\/product"}],"wp:featuredmedia":[{"embeddable":true,"href":"https:\/\/pizbube.ch\/en\/wp-json\/wp\/v2\/media\/27976"}],"wp:attachment":[{"href":"https:\/\/pizbube.ch\/en\/wp-json\/wp\/v2\/media?parent=147919"}],"wp:term":[{"taxonomy":"product_brand","embeddable":true,"href":"https:\/\/pizbube.ch\/en\/wp-json\/wp\/v2\/product_brand?post=147919"},{"taxonomy":"product_cat","embeddable":true,"href":"https:\/\/pizbube.ch\/en\/wp-json\/wp\/v2\/product_cat?post=147919"},{"taxonomy":"product_tag","embeddable":true,"href":"https:\/\/pizbube.ch\/en\/wp-json\/wp\/v2\/product_tag?post=147919"}],"curies":[{"name":"wp","href":"https:\/\/api.w.org\/{rel}","templated":true}]}}