{"id":147922,"date":"2021-01-15T10:56:15","date_gmt":"2021-01-15T10:56:15","guid":{"rendered":"https:\/\/codengine3.ch\/?product=import-placeholder-for-200306"},"modified":"2024-10-19T12:52:17","modified_gmt":"2024-10-19T10:52:17","slug":"alpenkueche-alpine-hotels-und-ihre-regionale-kueche","status":"publish","type":"product","link":"https:\/\/pizbube.ch\/en\/shop\/alpenkueche-alpine-hotels-und-ihre-regionale-kueche\/","title":{"rendered":"AlpenK\u00fcche &#8211; Alpine Hotels und ihre regionale K\u00fcche"},"content":{"rendered":"<p>In Zusammenarbeit mit den K\u00fcchenchefs der Sunstar Hotelgruppe hat der<br \/>\nerfolgreiche Spitzen&#8211;gastronom Urs Messerli eine einmalige Rezeptsammlung mit<br \/>\nneuzeitlichen und traditionellen Gerichten zusammengestellt.<\/p>\n<p>Die f\u00fcnf Sunstar-Regionen:<br \/>\nBerner Oberland, Graub\u00fcnden, Wallis, Tessin und<br \/>\nPiemont pr\u00e4sentieren sich mit siebzig schmackhaften Rezepten, die jeweils mit<br \/>\ntypischen lokalen Gerichten erg\u00e4nzt werden. Die Rezepte eignen sich zum<br \/>\nNachkochen und bringen alpinen Komfort in Ihr Zuhause!<\/p>\n<p>240 Seiten, 24 x 32 cm, gebunden, Hardcover<\/p>","protected":false},"excerpt":{"rendered":"<p>In Zusammenarbeit mit den K\u00fcchenchefs der Sunstar Hotelgruppe hat der erfolgreiche Spitzen&#8211;gastronom Urs Messerli eine einmalige Rezeptsammlung mit neuzeitlichen und traditionellen Gerichten zusammengestellt. Die f\u00fcnf Sunstar-Regionen: Berner Oberland, Graub\u00fcnden, Wallis, Tessin und Piemont pr\u00e4sentieren sich mit siebzig schmackhaften Rezepten, die jeweils mit typischen lokalen Gerichten erg\u00e4nzt werden. Die Rezepte eignen sich zum Nachkochen und bringen [&#8230;]\n","protected":false},"featured_media":176836,"template":"","meta":[],"product_brand":[],"product_cat":[21542],"product_tag":[],"class_list":{"0":"post-147922","1":"product","2":"type-product","3":"status-publish","4":"has-post-thumbnail","6":"product_cat-sachbuecher-dokumentationen","7":"pa_autor-messerli","8":"pa_erscheinungsjahr-21571","9":"pa_region-schweiz","10":"pa_sprache-de","12":"first","13":"onbackorder","14":"taxable","15":"shipping-taxable","16":"purchasable","17":"product-type-simple"},"_links":{"self":[{"href":"https:\/\/pizbube.ch\/en\/wp-json\/wp\/v2\/product\/147922","targetHints":{"allow":["GET"]}}],"collection":[{"href":"https:\/\/pizbube.ch\/en\/wp-json\/wp\/v2\/product"}],"about":[{"href":"https:\/\/pizbube.ch\/en\/wp-json\/wp\/v2\/types\/product"}],"wp:featuredmedia":[{"embeddable":true,"href":"https:\/\/pizbube.ch\/en\/wp-json\/wp\/v2\/media\/176836"}],"wp:attachment":[{"href":"https:\/\/pizbube.ch\/en\/wp-json\/wp\/v2\/media?parent=147922"}],"wp:term":[{"taxonomy":"product_brand","embeddable":true,"href":"https:\/\/pizbube.ch\/en\/wp-json\/wp\/v2\/product_brand?post=147922"},{"taxonomy":"product_cat","embeddable":true,"href":"https:\/\/pizbube.ch\/en\/wp-json\/wp\/v2\/product_cat?post=147922"},{"taxonomy":"product_tag","embeddable":true,"href":"https:\/\/pizbube.ch\/en\/wp-json\/wp\/v2\/product_tag?post=147922"}],"curies":[{"name":"wp","href":"https:\/\/api.w.org\/{rel}","templated":true}]}}