{"id":147923,"date":"2021-01-15T10:56:15","date_gmt":"2021-01-15T10:56:15","guid":{"rendered":"https:\/\/codengine3.ch\/?product=import-placeholder-for-203763"},"modified":"2021-01-15T14:26:20","modified_gmt":"2021-01-15T14:26:20","slug":"alpine-wellness-kueche","status":"publish","type":"product","link":"https:\/\/pizbube.ch\/en\/shop\/alpine-wellness-kueche\/","title":{"rendered":"Alpine Wellness K\u00fcche"},"content":{"rendered":"<p>\u00dcberraschend neue Impulse bringt die Alpine Wellness-K\u00fcche, die nach den<br \/>\nneuesten Erkenntnissen der Ern\u00e4hrungsforschung und den modernen Wellness-<br \/>\nBed\u00fcrfnissen, regionale Produkte zu k\u00f6stlichen Gerichten verarbeitet.<br \/>\nHeimische Produkte, Kr\u00e4uter und D\u00fcfte bilden in den Gerichten der S\u00fcdtiroler<br \/>\nK\u00fcchenmeister Reinhard Steger und Karl Volgger eine wunderbare Symbiose und<br \/>\nschaffen eine erlebbare K\u00fcche, in der Frische, Naturn\u00e4he und Gesundheit<br \/>\nselbstverst\u00e4ndlich sind.<br \/>\n&#8211; Einfache, bek\u00f6mmliche Rezepte, die auch Fisch und Fleisch ber\u00fccksichtigen<br \/>\n&#8211; Herzhafte Salate, leichte Suppen, Vorspeisen, Hauptgerichte, Desserts,<br \/>\nMundbissen und Brot<br \/>\n&#8211; Mit alpinen Rarit\u00e4ten wie Bergblumenheu\u00f6l, Zirmn\u00fcssen, Grauk\u00e4se oder<br \/>\nL\u00f6wenzahnhonig<br \/>\n&#8211; Viel Wissenswertes rund um Kr\u00e4uter, Aromen und Produkte aus den Alpen<br \/>\n&#8211; Verf\u00fchrerische Pr\u00e4sentation mit appetitanregenden Bildern<\/p>","protected":false},"excerpt":{"rendered":"<p>\u00dcberraschend neue Impulse bringt die Alpine Wellness-K\u00fcche, die nach den neuesten Erkenntnissen der Ern\u00e4hrungsforschung und den modernen Wellness- Bed\u00fcrfnissen, regionale Produkte zu k\u00f6stlichen Gerichten verarbeitet. Heimische Produkte, Kr\u00e4uter und D\u00fcfte bilden in den Gerichten der S\u00fcdtiroler K\u00fcchenmeister Reinhard Steger und Karl Volgger eine wunderbare Symbiose und schaffen eine erlebbare K\u00fcche, in der Frische, Naturn\u00e4he und [&#8230;]\n","protected":false},"featured_media":31439,"template":"","meta":[],"product_brand":[],"product_cat":[21542],"product_tag":[],"class_list":{"0":"post-147923","1":"product","2":"type-product","3":"status-publish","4":"has-post-thumbnail","6":"product_cat-sachbuecher-dokumentationen","7":"pa_autor-steger-volgger","8":"pa_erscheinungsjahr-21776","9":"pa_region-oesterreich","10":"pa_sprache-de","12":"first","13":"instock","14":"taxable","15":"shipping-taxable","16":"purchasable","17":"product-type-simple"},"_links":{"self":[{"href":"https:\/\/pizbube.ch\/en\/wp-json\/wp\/v2\/product\/147923","targetHints":{"allow":["GET"]}}],"collection":[{"href":"https:\/\/pizbube.ch\/en\/wp-json\/wp\/v2\/product"}],"about":[{"href":"https:\/\/pizbube.ch\/en\/wp-json\/wp\/v2\/types\/product"}],"wp:featuredmedia":[{"embeddable":true,"href":"https:\/\/pizbube.ch\/en\/wp-json\/wp\/v2\/media\/31439"}],"wp:attachment":[{"href":"https:\/\/pizbube.ch\/en\/wp-json\/wp\/v2\/media?parent=147923"}],"wp:term":[{"taxonomy":"product_brand","embeddable":true,"href":"https:\/\/pizbube.ch\/en\/wp-json\/wp\/v2\/product_brand?post=147923"},{"taxonomy":"product_cat","embeddable":true,"href":"https:\/\/pizbube.ch\/en\/wp-json\/wp\/v2\/product_cat?post=147923"},{"taxonomy":"product_tag","embeddable":true,"href":"https:\/\/pizbube.ch\/en\/wp-json\/wp\/v2\/product_tag?post=147923"}],"curies":[{"name":"wp","href":"https:\/\/api.w.org\/{rel}","templated":true}]}}