{"id":147924,"date":"2021-01-15T10:56:15","date_gmt":"2021-01-15T10:56:15","guid":{"rendered":"https:\/\/codengine3.ch\/?product=import-placeholder-for-205034"},"modified":"2021-01-15T14:38:12","modified_gmt":"2021-01-15T14:38:12","slug":"alpenkueche","status":"publish","type":"product","link":"https:\/\/pizbube.ch\/en\/shop\/alpenkueche\/","title":{"rendered":"Alpenk\u00fcche"},"content":{"rendered":"<p>Saftige Almen, gl\u00fcckliche K\u00fche, echter Bergk\u00e4se, s\u00fc\u00dfe Mehlspeisen und<br \/>\nH\u00fcttenromantik locken j\u00e4hrlich viele Touristen in die Alpen. Wenn Sie das<br \/>\nBesondere suchen, gehen Sie mit unseren Autoren auf eine kulinarische<br \/>\nEntdeckungsreise. Sie stellen Ihnen u. a. einen ehemaligen Sternekoch auf<br \/>\neiner Almh\u00fctte vor und die Himbeerk\u00f6nige der Franz\u00f6sischen Alpen, bei denen<br \/>\nSie wunderbare Konfit\u00fcren bekommen. Sie erz\u00e4hlen, warum in Mund in den<br \/>\nSchweizer Alpen Safran geerntet und wo in Graub\u00fcnden Sie die besten Capuns,<br \/>\ndie k\u00f6stlichen Mangoldwickel, finden. Dazu gibt es \u00c4lplermagronen, Pizzocheri<br \/>\nund Kasnudeln, Struklji, Polenta und Fondue, deftige Fleischgerichte und<br \/>\nverf\u00fchrerische S\u00fc\u00dfspeisen auf traditionelle und neue Art. Mehr als 120<br \/>\nauthentische Rezepte aus allen Alpenregionen, spannende Reportagen und<br \/>\nwundersch\u00f6ne Bilder machen Lust aufs Nachkochen und wecken Urlaubsstimmung.<\/p>","protected":false},"excerpt":{"rendered":"<p>Saftige Almen, gl\u00fcckliche K\u00fche, echter Bergk\u00e4se, s\u00fc\u00dfe Mehlspeisen und H\u00fcttenromantik locken j\u00e4hrlich viele Touristen in die Alpen. Wenn Sie das Besondere suchen, gehen Sie mit unseren Autoren auf eine kulinarische Entdeckungsreise. Sie stellen Ihnen u. a. einen ehemaligen Sternekoch auf einer Almh\u00fctte vor und die Himbeerk\u00f6nige der Franz\u00f6sischen Alpen, bei denen Sie wunderbare Konfit\u00fcren bekommen. [&#8230;]\n","protected":false},"featured_media":33620,"template":"","meta":[],"product_brand":[],"product_cat":[21542],"product_tag":[],"class_list":{"0":"post-147924","1":"product","2":"type-product","3":"status-publish","4":"has-post-thumbnail","6":"product_cat-sachbuecher-dokumentationen","7":"pa_autor-bingemer-gerlach","8":"pa_erscheinungsjahr-21568","9":"pa_region-deutschland","10":"pa_sprache-de","12":"first","13":"instock","14":"taxable","15":"shipping-taxable","16":"purchasable","17":"product-type-simple"},"_links":{"self":[{"href":"https:\/\/pizbube.ch\/en\/wp-json\/wp\/v2\/product\/147924","targetHints":{"allow":["GET"]}}],"collection":[{"href":"https:\/\/pizbube.ch\/en\/wp-json\/wp\/v2\/product"}],"about":[{"href":"https:\/\/pizbube.ch\/en\/wp-json\/wp\/v2\/types\/product"}],"wp:featuredmedia":[{"embeddable":true,"href":"https:\/\/pizbube.ch\/en\/wp-json\/wp\/v2\/media\/33620"}],"wp:attachment":[{"href":"https:\/\/pizbube.ch\/en\/wp-json\/wp\/v2\/media?parent=147924"}],"wp:term":[{"taxonomy":"product_brand","embeddable":true,"href":"https:\/\/pizbube.ch\/en\/wp-json\/wp\/v2\/product_brand?post=147924"},{"taxonomy":"product_cat","embeddable":true,"href":"https:\/\/pizbube.ch\/en\/wp-json\/wp\/v2\/product_cat?post=147924"},{"taxonomy":"product_tag","embeddable":true,"href":"https:\/\/pizbube.ch\/en\/wp-json\/wp\/v2\/product_tag?post=147924"}],"curies":[{"name":"wp","href":"https:\/\/api.w.org\/{rel}","templated":true}]}}