{"id":147925,"date":"2021-01-15T10:56:15","date_gmt":"2021-01-15T10:56:15","guid":{"rendered":"https:\/\/codengine3.ch\/?product=import-placeholder-for-206117"},"modified":"2021-01-15T14:46:30","modified_gmt":"2021-01-15T14:46:30","slug":"alpechuchi","status":"publish","type":"product","link":"https:\/\/pizbube.ch\/en\/shop\/alpechuchi\/","title":{"rendered":"Alpechuchi"},"content":{"rendered":"<p>Die Vorstellungen vom Alp-Leben reichen von abenteuerlich bis magisch; wer<br \/>\neinmal oben war, sehnt sich immer wieder zur\u00fcck. Klingende Stille, duftende<br \/>\nMatten, weiter Himmel &#8230; &#8211; und dann all die feinen Dinge aus frischer Milch,<br \/>\nRahm, Butter, Ziger und K\u00e4se!<\/p>\n<p>Im alptauglichen Buch finden sich abwechslungsreiche Rezepte mit einfachsten<br \/>\nZutaten. Sie garantieren w\u00e4hrschaften Genuss, bei dem Kuhglockengel\u00e4ut und<br \/>\nAlpsegen inklusive sind.<\/p>\n<p>Um den Vitaminbedarf zu decken, wird auch mit Kr\u00e4utern, Wurzeln und Beeren,<br \/>\nwelche auf Alpwiesen gefunden werden, gekocht. Zudem finden sich Anregungen,<br \/>\nwas w\u00e4hrend einer Alpsaison an Gem\u00fcse und Kr\u00e4utern kultiviert werden kann.<br \/>\n5. Auflg. 2013<\/p>","protected":false},"excerpt":{"rendered":"<p>Die Vorstellungen vom Alp-Leben reichen von abenteuerlich bis magisch; wer einmal oben war, sehnt sich immer wieder zur\u00fcck. Klingende Stille, duftende Matten, weiter Himmel &#8230; &#8211; und dann all die feinen Dinge aus frischer Milch, Rahm, Butter, Ziger und K\u00e4se! Im alptauglichen Buch finden sich abwechslungsreiche Rezepte mit einfachsten Zutaten. Sie garantieren w\u00e4hrschaften Genuss, bei [&#8230;]\n","protected":false},"featured_media":35035,"template":"","meta":[],"product_brand":[],"product_cat":[21542],"product_tag":[],"class_list":{"0":"post-147925","1":"product","2":"type-product","3":"status-publish","4":"has-post-thumbnail","6":"product_cat-sachbuecher-dokumentationen","7":"pa_autor-bienerth","8":"pa_erscheinungsjahr-21568","9":"pa_region-schweiz","10":"pa_sprache-de","12":"first","13":"instock","14":"taxable","15":"shipping-taxable","16":"purchasable","17":"product-type-simple"},"_links":{"self":[{"href":"https:\/\/pizbube.ch\/en\/wp-json\/wp\/v2\/product\/147925","targetHints":{"allow":["GET"]}}],"collection":[{"href":"https:\/\/pizbube.ch\/en\/wp-json\/wp\/v2\/product"}],"about":[{"href":"https:\/\/pizbube.ch\/en\/wp-json\/wp\/v2\/types\/product"}],"wp:featuredmedia":[{"embeddable":true,"href":"https:\/\/pizbube.ch\/en\/wp-json\/wp\/v2\/media\/35035"}],"wp:attachment":[{"href":"https:\/\/pizbube.ch\/en\/wp-json\/wp\/v2\/media?parent=147925"}],"wp:term":[{"taxonomy":"product_brand","embeddable":true,"href":"https:\/\/pizbube.ch\/en\/wp-json\/wp\/v2\/product_brand?post=147925"},{"taxonomy":"product_cat","embeddable":true,"href":"https:\/\/pizbube.ch\/en\/wp-json\/wp\/v2\/product_cat?post=147925"},{"taxonomy":"product_tag","embeddable":true,"href":"https:\/\/pizbube.ch\/en\/wp-json\/wp\/v2\/product_tag?post=147925"}],"curies":[{"name":"wp","href":"https:\/\/api.w.org\/{rel}","templated":true}]}}