{"id":147926,"date":"2021-01-15T10:56:15","date_gmt":"2021-01-15T10:56:15","guid":{"rendered":"https:\/\/codengine3.ch\/?product=import-placeholder-for-208358"},"modified":"2021-01-15T17:53:05","modified_gmt":"2021-01-15T17:53:05","slug":"weekends-fuer-geniesser","status":"publish","type":"product","link":"https:\/\/pizbube.ch\/en\/shop\/weekends-fuer-geniesser\/","title":{"rendered":"Weekends f\u00fcr Geniesser"},"content":{"rendered":"<p>Weekend-Ferien sind so beliebt wie sinnvoll: Spontan wegfahren und abtauchen,<br \/>\nein Wochenende lang eine neue Umgebung entdecken und geniessen, das ist die<br \/>\nbeste Art, um sich neuen Schwung f\u00fcr den Alltag zu verschaffen. Mit dem<br \/>\nSammelband \u00abWeekends f\u00fcr Geniesser\u00bb gelingt der Tapetenwechsel jederzeit.<br \/>\nDieser Reisef\u00fchrer bietet 40 bew\u00e4hrte Ideen f\u00fcr rundum genussreiche, erholsame<br \/>\nKurzferien in der Schweiz und im benachbarten Ausland.<\/p>\n<p>Mit mehreren Programmvorschl\u00e4gen f\u00fcr jeden Tag sowie allen Detailinformationen<br \/>\nzu Anreise, Unterkunft, Verpflegungsm\u00f6glichkeiten, \u00d6ffnungszeiten, Velomiete<br \/>\netc. nimmt Ihnen das Buch s\u00e4mtliche Vorbereitungsarbeit ab. Gabrielle Attinger<br \/>\nhat an jedem Reiseziel eine besonders stimmungsvolle Unterkunft ausgew\u00e4hlt,<br \/>\ndie bequemsten Entdeckungsm\u00f6glichkeiten getestet und die sch\u00f6nsten<br \/>\nVerpflegungsst\u00e4tten unterwegs notiert.<\/p>\n<p>Wer diesen F\u00fchrer in der Hand hat, braucht nur noch die Reisetasche zu packen<br \/>\nund los gehts \u2013 zu einem von 40 verschiedenen Nahreisezielen in Fr\u00fchling,<br \/>\nSommer, Herbst und Winter.<\/p>","protected":false},"excerpt":{"rendered":"<p>Weekend-Ferien sind so beliebt wie sinnvoll: Spontan wegfahren und abtauchen, ein Wochenende lang eine neue Umgebung entdecken und geniessen, das ist die beste Art, um sich neuen Schwung f\u00fcr den Alltag zu verschaffen. Mit dem Sammelband \u00abWeekends f\u00fcr Geniesser\u00bb gelingt der Tapetenwechsel jederzeit. Dieser Reisef\u00fchrer bietet 40 bew\u00e4hrte Ideen f\u00fcr rundum genussreiche, erholsame Kurzferien in [&#8230;]\n","protected":false},"featured_media":40084,"template":"","meta":[],"product_brand":[],"product_cat":[21542],"product_tag":[],"class_list":{"0":"post-147926","1":"product","2":"type-product","3":"status-publish","4":"has-post-thumbnail","6":"product_cat-sachbuecher-dokumentationen","7":"pa_autor-attinger","8":"pa_erscheinungsjahr-21571","9":"pa_region-schweiz","10":"pa_sprache-de","12":"first","13":"instock","14":"taxable","15":"shipping-taxable","16":"purchasable","17":"product-type-simple"},"_links":{"self":[{"href":"https:\/\/pizbube.ch\/en\/wp-json\/wp\/v2\/product\/147926","targetHints":{"allow":["GET"]}}],"collection":[{"href":"https:\/\/pizbube.ch\/en\/wp-json\/wp\/v2\/product"}],"about":[{"href":"https:\/\/pizbube.ch\/en\/wp-json\/wp\/v2\/types\/product"}],"wp:featuredmedia":[{"embeddable":true,"href":"https:\/\/pizbube.ch\/en\/wp-json\/wp\/v2\/media\/40084"}],"wp:attachment":[{"href":"https:\/\/pizbube.ch\/en\/wp-json\/wp\/v2\/media?parent=147926"}],"wp:term":[{"taxonomy":"product_brand","embeddable":true,"href":"https:\/\/pizbube.ch\/en\/wp-json\/wp\/v2\/product_brand?post=147926"},{"taxonomy":"product_cat","embeddable":true,"href":"https:\/\/pizbube.ch\/en\/wp-json\/wp\/v2\/product_cat?post=147926"},{"taxonomy":"product_tag","embeddable":true,"href":"https:\/\/pizbube.ch\/en\/wp-json\/wp\/v2\/product_tag?post=147926"}],"curies":[{"name":"wp","href":"https:\/\/api.w.org\/{rel}","templated":true}]}}