{"id":147930,"date":"2021-01-15T10:56:16","date_gmt":"2021-01-15T10:56:16","guid":{"rendered":"https:\/\/codengine3.ch\/?product=import-placeholder-for-200308"},"modified":"2021-06-19T13:31:11","modified_gmt":"2021-06-19T11:31:11","slug":"cumbres-de-los-picos-de-europa-164-cumbres-255-ascensiones","status":"publish","type":"product","link":"https:\/\/pizbube.ch\/en\/shop\/cumbres-de-los-picos-de-europa-164-cumbres-255-ascensiones\/","title":{"rendered":"Cumbres de los Picos de Europa &#8211; 164 cumbres 255 ascensiones"},"content":{"rendered":"<p>Esta gu\u00eda de temporada estival, describe exhaustivamente c\u00f3mo alcanzar 164<br \/>\ncumbres en los Picos de Europa a trav\u00e9s de 255 ascensiones diferentes.<\/p>\n<p>Sus 560 p\u00e1ginas contienen informaci\u00f3n pr\u00e1ctica y contrastada, fruto de los m\u00e1s<br \/>\nde treinta y cinco a\u00f1os que el autor lleva recorriendo estos lugares.<\/p>\n<p>Adem\u00e1s, casi 2000 fotograf\u00edas para rese\u00f1ar tanto los recorridos como las vistas<br \/>\npanor\u00e1micas desde las cumbres.<\/p>","protected":false},"excerpt":{"rendered":"<p>Esta gu\u00eda de temporada estival, describe exhaustivamente c\u00f3mo alcanzar 164 cumbres en los Picos de Europa a trav\u00e9s de 255 ascensiones diferentes. Sus 560 p\u00e1ginas contienen informaci\u00f3n pr\u00e1ctica y contrastada, fruto de los m\u00e1s de treinta y cinco a\u00f1os que el autor lleva recorriendo estos lugares. Adem\u00e1s, casi 2000 fotograf\u00edas para rese\u00f1ar tanto los recorridos [&#8230;]\n","protected":false},"featured_media":157051,"template":"","meta":[],"product_brand":[],"product_cat":[21544],"product_tag":[],"class_list":{"0":"post-147930","1":"product","2":"type-product","3":"status-publish","4":"has-post-thumbnail","6":"product_cat-fuehrerliteratur-alpin-sommer","7":"pa_autor-boza","8":"pa_erscheinungsjahr-21558","9":"pa_region-spanien","10":"pa_sprache-es","12":"first","13":"instock","14":"taxable","15":"shipping-taxable","16":"purchasable","17":"product-type-simple"},"_links":{"self":[{"href":"https:\/\/pizbube.ch\/en\/wp-json\/wp\/v2\/product\/147930","targetHints":{"allow":["GET"]}}],"collection":[{"href":"https:\/\/pizbube.ch\/en\/wp-json\/wp\/v2\/product"}],"about":[{"href":"https:\/\/pizbube.ch\/en\/wp-json\/wp\/v2\/types\/product"}],"wp:featuredmedia":[{"embeddable":true,"href":"https:\/\/pizbube.ch\/en\/wp-json\/wp\/v2\/media\/157051"}],"wp:attachment":[{"href":"https:\/\/pizbube.ch\/en\/wp-json\/wp\/v2\/media?parent=147930"}],"wp:term":[{"taxonomy":"product_brand","embeddable":true,"href":"https:\/\/pizbube.ch\/en\/wp-json\/wp\/v2\/product_brand?post=147930"},{"taxonomy":"product_cat","embeddable":true,"href":"https:\/\/pizbube.ch\/en\/wp-json\/wp\/v2\/product_cat?post=147930"},{"taxonomy":"product_tag","embeddable":true,"href":"https:\/\/pizbube.ch\/en\/wp-json\/wp\/v2\/product_tag?post=147930"}],"curies":[{"name":"wp","href":"https:\/\/api.w.org\/{rel}","templated":true}]}}