{"id":147932,"date":"2021-01-15T10:56:16","date_gmt":"2021-01-15T10:56:16","guid":{"rendered":"https:\/\/codengine3.ch\/?product=import-placeholder-for-204174"},"modified":"2021-01-15T14:30:37","modified_gmt":"2021-01-15T14:30:37","slug":"50-montanas-de-los-picos-de-europa-las-mejores-ascensiones","status":"publish","type":"product","link":"https:\/\/pizbube.ch\/en\/shop\/50-montanas-de-los-picos-de-europa-las-mejores-ascensiones\/","title":{"rendered":"50 monta\u00f1as de los Picos de Europa. Las mejores ascensiones"},"content":{"rendered":"<p>David Atela nos ofrece una relaci\u00f3n de itinerarios selectos en los Picos de<br \/>\nEuropa. Hay recorridos f\u00e1ciles, con largos paseos que concluyen sin<br \/>\ncomplicaci\u00f3n en una cumbre de f\u00e1cil acceso; tambi\u00e9n incluye las ascensiones<br \/>\nm\u00e1s afamadas hasta las principales cumbres del macizo, y a veces peque\u00f1as<br \/>\nvariantes menos visitadas de similar complejidad. Por \u00faltimo aparecen<br \/>\nelegantes crestas y escaladas cl\u00e1sicas de dificultad baja-media.<\/p>","protected":false},"excerpt":{"rendered":"<p>David Atela nos ofrece una relaci\u00f3n de itinerarios selectos en los Picos de Europa. Hay recorridos f\u00e1ciles, con largos paseos que concluyen sin complicaci\u00f3n en una cumbre de f\u00e1cil acceso; tambi\u00e9n incluye las ascensiones m\u00e1s afamadas hasta las principales cumbres del macizo, y a veces peque\u00f1as variantes menos visitadas de similar complejidad. Por \u00faltimo aparecen [&#8230;]\n","protected":false},"featured_media":31958,"template":"","meta":[],"product_brand":[],"product_cat":[21544],"product_tag":[],"class_list":{"0":"post-147932","1":"product","2":"type-product","3":"status-publish","4":"has-post-thumbnail","6":"product_cat-fuehrerliteratur-alpin-sommer","7":"pa_autor-atela","8":"pa_erscheinungsjahr-21763","9":"pa_region-spanien","10":"pa_sprache-sp","12":"first","13":"instock","14":"taxable","15":"shipping-taxable","16":"purchasable","17":"product-type-simple"},"_links":{"self":[{"href":"https:\/\/pizbube.ch\/en\/wp-json\/wp\/v2\/product\/147932","targetHints":{"allow":["GET"]}}],"collection":[{"href":"https:\/\/pizbube.ch\/en\/wp-json\/wp\/v2\/product"}],"about":[{"href":"https:\/\/pizbube.ch\/en\/wp-json\/wp\/v2\/types\/product"}],"wp:featuredmedia":[{"embeddable":true,"href":"https:\/\/pizbube.ch\/en\/wp-json\/wp\/v2\/media\/31958"}],"wp:attachment":[{"href":"https:\/\/pizbube.ch\/en\/wp-json\/wp\/v2\/media?parent=147932"}],"wp:term":[{"taxonomy":"product_brand","embeddable":true,"href":"https:\/\/pizbube.ch\/en\/wp-json\/wp\/v2\/product_brand?post=147932"},{"taxonomy":"product_cat","embeddable":true,"href":"https:\/\/pizbube.ch\/en\/wp-json\/wp\/v2\/product_cat?post=147932"},{"taxonomy":"product_tag","embeddable":true,"href":"https:\/\/pizbube.ch\/en\/wp-json\/wp\/v2\/product_tag?post=147932"}],"curies":[{"name":"wp","href":"https:\/\/api.w.org\/{rel}","templated":true}]}}