{"id":147933,"date":"2021-01-15T10:56:16","date_gmt":"2021-01-15T10:56:16","guid":{"rendered":"https:\/\/codengine3.ch\/?product=import-placeholder-for-203348"},"modified":"2021-01-15T14:22:20","modified_gmt":"2021-01-15T14:22:20","slug":"picos-de-europa-travesias-ascensiones-y-escaladas","status":"publish","type":"product","link":"https:\/\/pizbube.ch\/en\/shop\/picos-de-europa-travesias-ascensiones-y-escaladas\/","title":{"rendered":"Picos de Europa Traves\u00edas, ascensiones y escaladas"},"content":{"rendered":"<p>A la vez que gu\u00eda para realizar las traves\u00edas, ascensiones y escaldas<br \/>\npropuestas, en esta obra encontraremos las \u00e9picas y jugosas historias vividas<br \/>\npor los primeros monta\u00f1eros y escaladores que se adentraron por este ca\u00f3tico<br \/>\nmar de monta\u00f1as. Las m\u00e1s de 200 fotograf\u00edas a todo color que se incluyen<br \/>\npermiten la contemplaci\u00f3n de paisajes ins\u00f3litos e im\u00e1genes espectaculares. En<br \/>\nuna primera parte se describe y explica con gran claridad la orograf\u00eda de los<br \/>\nPicos de Europa, as\u00ed como un cap\u00edtulo espec\u00edfico sobre el hombre en los Picos<br \/>\ncon la historia de estas cumbres, datos de aproximaci\u00f3n e informaci\u00f3n sobre<br \/>\nrefugios. En la segunda parte de esta obra se rese\u00f1an detalladamente 13 rutas<br \/>\ncl\u00e1sicas, 18 ascensiones, 4 escaladas sencillas, 12 de dificultad y dos<br \/>\ninvernales.<\/p>","protected":false},"excerpt":{"rendered":"<p>A la vez que gu\u00eda para realizar las traves\u00edas, ascensiones y escaldas propuestas, en esta obra encontraremos las \u00e9picas y jugosas historias vividas por los primeros monta\u00f1eros y escaladores que se adentraron por este ca\u00f3tico mar de monta\u00f1as. Las m\u00e1s de 200 fotograf\u00edas a todo color que se incluyen permiten la contemplaci\u00f3n de paisajes ins\u00f3litos [&#8230;]\n","protected":false},"featured_media":30935,"template":"","meta":[],"product_brand":[],"product_cat":[21542],"product_tag":[],"class_list":{"0":"post-147933","1":"product","2":"type-product","3":"status-publish","4":"has-post-thumbnail","6":"product_cat-sachbuecher-dokumentationen","7":"pa_autor-cubillas","8":"pa_erscheinungsjahr-22144","9":"pa_region-spanien","10":"pa_sprache-sp","12":"first","13":"instock","14":"taxable","15":"shipping-taxable","16":"purchasable","17":"product-type-simple"},"_links":{"self":[{"href":"https:\/\/pizbube.ch\/en\/wp-json\/wp\/v2\/product\/147933","targetHints":{"allow":["GET"]}}],"collection":[{"href":"https:\/\/pizbube.ch\/en\/wp-json\/wp\/v2\/product"}],"about":[{"href":"https:\/\/pizbube.ch\/en\/wp-json\/wp\/v2\/types\/product"}],"wp:featuredmedia":[{"embeddable":true,"href":"https:\/\/pizbube.ch\/en\/wp-json\/wp\/v2\/media\/30935"}],"wp:attachment":[{"href":"https:\/\/pizbube.ch\/en\/wp-json\/wp\/v2\/media?parent=147933"}],"wp:term":[{"taxonomy":"product_brand","embeddable":true,"href":"https:\/\/pizbube.ch\/en\/wp-json\/wp\/v2\/product_brand?post=147933"},{"taxonomy":"product_cat","embeddable":true,"href":"https:\/\/pizbube.ch\/en\/wp-json\/wp\/v2\/product_cat?post=147933"},{"taxonomy":"product_tag","embeddable":true,"href":"https:\/\/pizbube.ch\/en\/wp-json\/wp\/v2\/product_tag?post=147933"}],"curies":[{"name":"wp","href":"https:\/\/api.w.org\/{rel}","templated":true}]}}