{"id":147945,"date":"2021-01-15T10:56:16","date_gmt":"2021-01-15T10:56:16","guid":{"rendered":"https:\/\/codengine3.ch\/?product=import-placeholder-for-200312"},"modified":"2021-01-15T10:56:21","modified_gmt":"2021-01-15T10:56:21","slug":"watzmanntrek","status":"publish","type":"product","link":"https:\/\/pizbube.ch\/en\/shop\/watzmanntrek\/","title":{"rendered":"Watzmanntrek"},"content":{"rendered":"<p>Der Nationalpark Berchtesgaden mit dem ber\u00fchmten Watzmann und dem K\u00f6nigssee<br \/>\ngilt als eine der sch\u00f6nsten Bergregionen in ganz Europa. Der Watzmanntrek<br \/>\nerschlie\u00dft das Gebiet auf einer unvergesslichen Route von H\u00fctte zu H\u00fctte, die<br \/>\nimmer wieder fantastische Ausblicke auf Berge und Seen bietet. Eine<br \/>\ndetaillierte Beschreibung des Weges finden Sie in diesem Buch, das neben der<br \/>\nHauptroute auch einige Varianten vorstellt.<\/p>\n<p>Genaue Karten und H\u00f6henprofile helfen bei der Orientierung, Angaben zu den<br \/>\nH\u00fctten am Weg erleichtern die Suche nach einer \u00dcbernachtungsm\u00f6glichkeit. Im<br \/>\nKapitel \u201eReise-Infos von A bis Z\u201c finden Sie au\u00dferdem viele praktische Tipps<br \/>\nzu Themen wie Anforderungen, Gehzeiten und Wetter.<\/p>\n<p>1. Auflage 2016, 127 Seiten, 12 Karten, 40 farbige Abbildungen, 16 farbige<br \/>\nH\u00f6henprofile<\/p>","protected":false},"excerpt":{"rendered":"<p>Der Nationalpark Berchtesgaden mit dem ber\u00fchmten Watzmann und dem K\u00f6nigssee gilt als eine der sch\u00f6nsten Bergregionen in ganz Europa. Der Watzmanntrek erschlie\u00dft das Gebiet auf einer unvergesslichen Route von H\u00fctte zu H\u00fctte, die immer wieder fantastische Ausblicke auf Berge und Seen bietet. Eine detaillierte Beschreibung des Weges finden Sie in diesem Buch, das neben der [&#8230;]\n","protected":false},"featured_media":26520,"template":"","meta":[],"product_brand":[],"product_cat":[21605],"product_tag":[],"class_list":{"0":"post-147945","1":"product","2":"type-product","3":"status-publish","4":"has-post-thumbnail","6":"product_cat-wanderfuehrer-trekking","7":"pa_autor-happe","8":"pa_erscheinungsjahr-21571","9":"pa_region-deutschland","10":"pa_sprache-de","12":"first","13":"instock","14":"taxable","15":"shipping-taxable","16":"purchasable","17":"product-type-simple"},"_links":{"self":[{"href":"https:\/\/pizbube.ch\/en\/wp-json\/wp\/v2\/product\/147945","targetHints":{"allow":["GET"]}}],"collection":[{"href":"https:\/\/pizbube.ch\/en\/wp-json\/wp\/v2\/product"}],"about":[{"href":"https:\/\/pizbube.ch\/en\/wp-json\/wp\/v2\/types\/product"}],"wp:featuredmedia":[{"embeddable":true,"href":"https:\/\/pizbube.ch\/en\/wp-json\/wp\/v2\/media\/26520"}],"wp:attachment":[{"href":"https:\/\/pizbube.ch\/en\/wp-json\/wp\/v2\/media?parent=147945"}],"wp:term":[{"taxonomy":"product_brand","embeddable":true,"href":"https:\/\/pizbube.ch\/en\/wp-json\/wp\/v2\/product_brand?post=147945"},{"taxonomy":"product_cat","embeddable":true,"href":"https:\/\/pizbube.ch\/en\/wp-json\/wp\/v2\/product_cat?post=147945"},{"taxonomy":"product_tag","embeddable":true,"href":"https:\/\/pizbube.ch\/en\/wp-json\/wp\/v2\/product_tag?post=147945"}],"curies":[{"name":"wp","href":"https:\/\/api.w.org\/{rel}","templated":true}]}}