{"id":147946,"date":"2021-01-15T10:56:16","date_gmt":"2021-01-15T10:56:16","guid":{"rendered":"https:\/\/codengine3.ch\/?product=import-placeholder-for-200978"},"modified":"2025-07-31T10:04:49","modified_gmt":"2025-07-31T08:04:49","slug":"watzmann-ostwand","status":"publish","type":"product","link":"https:\/\/pizbube.ch\/en\/shop\/watzmann-ostwand\/","title":{"rendered":"Watzmann Ostwand"},"content":{"rendered":"<p>Ein F\u00fchrer f\u00fcr die Begeher der klassischen Routen der Ostwand<\/p>\n<p>Die Watzmann-Ostwand z\u00e4hlt mit gewaltigen 2000 Metern H\u00f6henunterschied zu den<br \/>\nh\u00f6chsten Felsw\u00e4nden der Alpen. Landschaftlich reizvoll gelegen, rangierte sie<br \/>\nschon fr\u00fch unter den bekanntesten und attraktivsten bayerischen Kletterw\u00e4nden.<br \/>\nHeute ein Mu\u00df f\u00fcr jeden versierten Kletterer, hat sie seit 1981, als sie von<br \/>\netwa 100 Seilschaften pro Jahr durchstiegen wurde, an Beliebtheit sogar noch<br \/>\nzugenommen und blieb als eint\u00e4giger Marathondurchstieg wie als Zweitagesroute<br \/>\nmit Wandbiwak eine der gro\u00dfen bergsteigerischen Herausforderungen.<\/p>\n<p>Franz Rasp sen., brillanter Bergsteiger und Bergf\u00fchrer, kannte diese<br \/>\ngigantische Felswand wie kaum ein anderer und durchstieg sie beinahe 300 mal.<br \/>\nSeine vorliegende Publikation betreut nun Sohn Franz Rasp.<\/p>\n<p>Die genaue Beschreibung aller Routen, die Darstellung der Anstiege und<br \/>\nWegf\u00fchrungen durch detaillierte Fotos, die Hinweise auf die besonderen<br \/>\nGefahren der Wand, sowie die geeignete Ausr\u00fcstung werden bestimmt dazu<br \/>\nbeitragen, der Watzmann-Ostwand einiges von ihren Schrecken zu nehmen; dieser<br \/>\nsch\u00f6nen Wand, deren besonnene Durchsteigung jedem konditionsstarken Kletterer<br \/>\nals unverge\u00dfliches Bergerlebnis winkt.<\/p>\n<p>4. Auflage 2013<br \/>\n72 Seiten mit 20 Schwarz-Wei\u00df-Abbildungen<br \/>\nFormat 11 x 15 cm<br \/>\nkartonierter, cellophanierter Einband<\/p>","protected":false},"excerpt":{"rendered":"<p>Ein F\u00fchrer f\u00fcr die Begeher der klassischen Routen der Ostwand Die Watzmann-Ostwand z\u00e4hlt mit gewaltigen 2000 Metern H\u00f6henunterschied zu den h\u00f6chsten Felsw\u00e4nden der Alpen. Landschaftlich reizvoll gelegen, rangierte sie schon fr\u00fch unter den bekanntesten und attraktivsten bayerischen Kletterw\u00e4nden. Heute ein Mu\u00df f\u00fcr jeden versierten Kletterer, hat sie seit 1981, als sie von etwa 100 Seilschaften [&#8230;]\n","protected":false},"featured_media":158682,"template":"","meta":[],"product_brand":[],"product_cat":[21544],"product_tag":[],"class_list":{"0":"post-147946","1":"product","2":"type-product","3":"status-publish","4":"has-post-thumbnail","6":"product_cat-fuehrerliteratur-alpin-sommer","7":"pa_autor-rasp","8":"pa_erscheinungsjahr-21568","9":"pa_region-deutschland","10":"pa_sprache-de","12":"first","13":"outofstock","14":"taxable","15":"shipping-taxable","16":"purchasable","17":"product-type-simple"},"_links":{"self":[{"href":"https:\/\/pizbube.ch\/en\/wp-json\/wp\/v2\/product\/147946","targetHints":{"allow":["GET"]}}],"collection":[{"href":"https:\/\/pizbube.ch\/en\/wp-json\/wp\/v2\/product"}],"about":[{"href":"https:\/\/pizbube.ch\/en\/wp-json\/wp\/v2\/types\/product"}],"wp:featuredmedia":[{"embeddable":true,"href":"https:\/\/pizbube.ch\/en\/wp-json\/wp\/v2\/media\/158682"}],"wp:attachment":[{"href":"https:\/\/pizbube.ch\/en\/wp-json\/wp\/v2\/media?parent=147946"}],"wp:term":[{"taxonomy":"product_brand","embeddable":true,"href":"https:\/\/pizbube.ch\/en\/wp-json\/wp\/v2\/product_brand?post=147946"},{"taxonomy":"product_cat","embeddable":true,"href":"https:\/\/pizbube.ch\/en\/wp-json\/wp\/v2\/product_cat?post=147946"},{"taxonomy":"product_tag","embeddable":true,"href":"https:\/\/pizbube.ch\/en\/wp-json\/wp\/v2\/product_tag?post=147946"}],"curies":[{"name":"wp","href":"https:\/\/api.w.org\/{rel}","templated":true}]}}