{"id":147948,"date":"2021-01-15T10:56:17","date_gmt":"2021-01-15T10:56:17","guid":{"rendered":"https:\/\/codengine3.ch\/?product=import-placeholder-for-208296"},"modified":"2021-01-15T17:52:24","modified_gmt":"2021-01-15T17:52:24","slug":"toteis","status":"publish","type":"product","link":"https:\/\/pizbube.ch\/en\/shop\/toteis\/","title":{"rendered":"TOTEIS"},"content":{"rendered":"<p>T\u00f6dliches R\u00e4tsel im Watzmannkar<\/p>\n<p>Karl, Fotojournalist und begeisterter Bergsteiger, macht in den<br \/>\nBerchtesgadener Alpen eine erstaunliche Entdeckung. Von einer Felswand aus<br \/>\nsieht er einen geheimnisvollen Schatten im Toteis des Watzmannkars: Liegt dort<br \/>\netwa ein Flugzeug? Bei einem riskanten Alleingang birgt er Artefakte aus dem<br \/>\nEis, die diese Theorie best\u00e4tigen. Karl beginnt nachzuforschen: In den letzten<br \/>\nTagen des Dritten Reichs ist eine Ju 52 mit streng geheimer Fracht an Bord<br \/>\nabgest\u00fcrzt \u2013 aber was hatte sie geladen?  <\/p>\n<p>Bei seinen Recherchen wird Karl in einen brandgef\u00e4hrlichen Strudel gezogen.<br \/>\nGetrieben von seiner Neugier verliert er jede kritische Distanz und l\u00e4sst sich<br \/>\nmit den falschen Leuten ein. Bei einer geheimen Grabung im Kar st\u00f6\u00dft er<br \/>\ntats\u00e4chlich auf das verschollene Wrack. Viel zu sp\u00e4t merkt er, dass etwas<br \/>\ngnadenlos schiefl\u00e4uft. Jetzt geht es um Kopf und Kragen \u2013 zwanzig Meter tief<br \/>\nim Eis.<br \/>\nNach einer wahren Begebenheit: Im Watzmannkar finden sich tats\u00e4chlich<br \/>\n\u00dcberreste einer abgest\u00fcrzten Ju 52. Sie dienten dem Autor zur Vorlage f\u00fcr<br \/>\neinen Roman um ein historisches Geheimnis, der ebenso penibel recherchiert wie<br \/>\nplausibel erz\u00e4hlt ist.  <\/p>","protected":false},"excerpt":{"rendered":"<ul>\n<li><a href=\"https:\/\/pizbube.ch\/wp-content\/uploads\/attachments\/a_029\/D2968D1504E2F686B823D7344AF950BC.pdf\" target=\"_blank\" rel=\"noopener\">PDF: Leseprobe TOTEIS<\/a><\/li>\n<\/ul>","protected":false},"featured_media":39913,"template":"","meta":[],"product_brand":[],"product_cat":[21629],"product_tag":[],"class_list":{"0":"post-147948","1":"product","2":"type-product","3":"status-publish","4":"has-post-thumbnail","6":"product_cat-belletristik","7":"pa_autor-halder","8":"pa_erscheinungsjahr-21571","9":"pa_region-deutschland","10":"pa_sprache-de","12":"first","13":"instock","14":"taxable","15":"shipping-taxable","16":"purchasable","17":"product-type-simple"},"_links":{"self":[{"href":"https:\/\/pizbube.ch\/en\/wp-json\/wp\/v2\/product\/147948","targetHints":{"allow":["GET"]}}],"collection":[{"href":"https:\/\/pizbube.ch\/en\/wp-json\/wp\/v2\/product"}],"about":[{"href":"https:\/\/pizbube.ch\/en\/wp-json\/wp\/v2\/types\/product"}],"wp:featuredmedia":[{"embeddable":true,"href":"https:\/\/pizbube.ch\/en\/wp-json\/wp\/v2\/media\/39913"}],"wp:attachment":[{"href":"https:\/\/pizbube.ch\/en\/wp-json\/wp\/v2\/media?parent=147948"}],"wp:term":[{"taxonomy":"product_brand","embeddable":true,"href":"https:\/\/pizbube.ch\/en\/wp-json\/wp\/v2\/product_brand?post=147948"},{"taxonomy":"product_cat","embeddable":true,"href":"https:\/\/pizbube.ch\/en\/wp-json\/wp\/v2\/product_cat?post=147948"},{"taxonomy":"product_tag","embeddable":true,"href":"https:\/\/pizbube.ch\/en\/wp-json\/wp\/v2\/product_tag?post=147948"}],"curies":[{"name":"wp","href":"https:\/\/api.w.org\/{rel}","templated":true}]}}