{"id":147949,"date":"2021-01-15T10:56:17","date_gmt":"2021-01-15T10:56:17","guid":{"rendered":"https:\/\/codengine3.ch\/?product=import-placeholder-for-202545"},"modified":"2023-02-02T11:55:56","modified_gmt":"2023-02-02T10:55:56","slug":"berchtesgadener-und-chiemgauer-alpen-kaiser-und-steinbergen","status":"publish","type":"product","link":"https:\/\/pizbube.ch\/en\/shop\/berchtesgadener-und-chiemgauer-alpen-kaiser-und-steinbergen\/","title":{"rendered":"Berchtesgadener und Chiemgauer Alpen, Kaiser und Steinbergen"},"content":{"rendered":"<p>Mit Kaisergebirge und Steinbergen. 62 Skitouren um das Dreil\u00e4ndereck von<br \/>\nBayern, Salzburg und Tirol.<\/p>\n<p><span class=\"value\">Skitouren f\u00fcr jeden Geschmack bieten die Berchtesgadener und Chiemgauer Berge rund um das Dreil\u00e4ndereck von Bayern, Salzburg und Tirol. Im glitzernden Sonnenschein hinauf, oben ein herrliches Gipfelpanorama genie\u00dfen und im stiebenden Schnee hinab \u2013 ein Traum! Der Rother Skitourenf\u00fchrer \u00bbBerchtesgadener und Chiemgauer Alpen\u00ab pr\u00e4sentiert 62 abwechslungsreiche Skitouren \u2013 von Einsteigertouren bis zu anspruchsvollen Skitouren, alle aktuell recherchiert und pr\u00e4zise beschrieben.<\/span><\/p>\n<p>Die Chiemgauer und Dientner Berge locken mit reizvollem Almgel\u00e4nde, w\u00e4hrend das Kaisergebirge, die Loferer und Leoganger Steinberge sowie das Steinerne Meer die Skibergsteiger mit Fr\u00fchjahrsfirn unter grandioser Felskulisse bezaubern. In den Berchtesgadener Alpen schlie\u00dflich kann man im Fr\u00fchwinter die ersten Schw\u00fcnge in den Schnee zeichnen und im Fr\u00fchjahr Schritt f\u00fcr Schritt in hochalpine Regionen vorsto\u00dfen.<\/p>\n<p>Jede Skitour wird mit einer genauen Anstiegsbeschreibung, einem aussagekr\u00e4ftigen H\u00f6henprofil und einem detaillierten Kartenausschnitt vorgestellt. In zahlreiche Fotos ist der Routenverlauf eingezeichnet. GPS-Tracks stehen zum Download bereit. Eine Touren\u00fcbersicht informiert \u00fcbersichtlich zu Lawinengef\u00e4hrdung und Hangausrichtung, H\u00f6henunterschieden und Gehzeiten, Anforderungen und bester Jahreszeit und vielem mehr. Die Autoren, die die winterlichen Skiberge der Berchtesgadener und Chiemgauer Alpen bestens kennen, verraten au\u00dferdem einige sch\u00f6ne Varianten und Einkehrtipps.<\/p>\n<p><span class=\"value\">Die Beschreibungen der Skitouren ber\u00fccksichtigen die Routenempfehlungen des DAV-Projektes \u00bbSkibergsteigen umweltfreundlich\u00ab, das der DAV in Kooperation mit dem Bayerischen Umweltministerium f\u00fcr die Bayerischen Alpen durchf\u00fchrt. Der Skif\u00fchrer enth\u00e4lt zudem Verhaltenstipps f\u00fcr naturvertr\u00e4gliches Tourengehen. Auch die Anreisem\u00f6glichkeiten mit Bahn und Bus sind, sofern vorhanden, aufgef\u00fchrt.<\/span><\/p>\n<p>62 Skitouren f\u00fcr Einsteiger und Genie\u00dfer<br \/>\n7., komplett \u00fcberarbeitete Auflage 2023<br \/>\nSeiten: 216<br \/>\nAnzahl der Bilder: 187<br \/>\nAusstattung: 62 Tourenk\u00e4rtchen im Ma\u00dfstab 1:50.000, 62 H\u00f6henprofile, zwei \u00dcbersichtskarten im Ma\u00dfstab 1:350.000 und 1:700.000<\/p>","protected":false},"excerpt":{"rendered":"<p>Mit Kaisergebirge und Steinbergen. 62 Skitouren um das Dreil\u00e4ndereck von Bayern, Salzburg und Tirol. Skitouren f\u00fcr jeden Geschmack bieten die Berchtesgadener und Chiemgauer Berge rund um das Dreil\u00e4ndereck von Bayern, Salzburg und Tirol. Im glitzernden Sonnenschein hinauf, oben ein herrliches Gipfelpanorama genie\u00dfen und im stiebenden Schnee hinab \u2013 ein Traum! Der Rother Skitourenf\u00fchrer \u00bbBerchtesgadener und [&#8230;]\n","protected":false},"featured_media":165934,"template":"","meta":[],"product_brand":[],"product_cat":[21540],"product_tag":[],"class_list":{"0":"post-147949","1":"product","2":"type-product","3":"status-publish","4":"has-post-thumbnail","6":"product_cat-fuehrerliteratur-alpin-winter","7":"pa_autor-brandl","8":"pa_erscheinungsjahr-27129","9":"pa_region-oesterreich","10":"pa_sprache-de","12":"first","13":"instock","14":"taxable","15":"shipping-taxable","16":"purchasable","17":"product-type-simple"},"_links":{"self":[{"href":"https:\/\/pizbube.ch\/en\/wp-json\/wp\/v2\/product\/147949","targetHints":{"allow":["GET"]}}],"collection":[{"href":"https:\/\/pizbube.ch\/en\/wp-json\/wp\/v2\/product"}],"about":[{"href":"https:\/\/pizbube.ch\/en\/wp-json\/wp\/v2\/types\/product"}],"wp:featuredmedia":[{"embeddable":true,"href":"https:\/\/pizbube.ch\/en\/wp-json\/wp\/v2\/media\/165934"}],"wp:attachment":[{"href":"https:\/\/pizbube.ch\/en\/wp-json\/wp\/v2\/media?parent=147949"}],"wp:term":[{"taxonomy":"product_brand","embeddable":true,"href":"https:\/\/pizbube.ch\/en\/wp-json\/wp\/v2\/product_brand?post=147949"},{"taxonomy":"product_cat","embeddable":true,"href":"https:\/\/pizbube.ch\/en\/wp-json\/wp\/v2\/product_cat?post=147949"},{"taxonomy":"product_tag","embeddable":true,"href":"https:\/\/pizbube.ch\/en\/wp-json\/wp\/v2\/product_tag?post=147949"}],"curies":[{"name":"wp","href":"https:\/\/api.w.org\/{rel}","templated":true}]}}