{"id":147950,"date":"2021-01-15T10:56:17","date_gmt":"2021-01-15T10:56:17","guid":{"rendered":"https:\/\/codengine3.ch\/?product=import-placeholder-for-208554"},"modified":"2022-08-10T14:34:30","modified_gmt":"2022-08-10T12:34:30","slug":"wilde-wege-bayerische-alpen","status":"publish","type":"product","link":"https:\/\/pizbube.ch\/en\/shop\/wilde-wege-bayerische-alpen\/","title":{"rendered":"Wilde Wege-Bayerische Alpen"},"content":{"rendered":"<p>50 au\u00dfergew\u00f6hnliche Touren zwischen Ammergau und Berchtesgaden<\/p>\n<p>\u00bbWilde Wege\u00ab, das klingt spannend und nach einer guten Portion Abenteuer! Wer<br \/>\nnicht immer nur auf altbekannte Modeberge steigen, sondern die breit<br \/>\nausgetretenen Routen auch mal voller Entdeckungslust verlassen m\u00f6chte, h\u00e4lt<br \/>\nmit diesem Buch eine echte Fundgrube in der Hand. Alte, fast vergessene<br \/>\nJagdsteige aufsp\u00fcren, \u00fcber Schrofen und leichten Fels bis auf einsame<br \/>\nGipfelh\u00f6hen hinaufschleichen und mit alpiner Urspr\u00fcnglichkeit richtig auf<br \/>\nTuchf\u00fchlung gehen \u2013 das versprechen die 50 sorgf\u00e4ltig recherchierten Touren,<br \/>\ndie Alpenkenner Mark Zahel hier versammelt hat. Es sind \u00bbBayerische Hausberge\u00ab<br \/>\nder besonderen Art, die manch einem sicher neue, exklusive Erlebniswerte<br \/>\ner\u00f6ffnen und dar\u00fcber hinaus die M\u00f6glichkeit, als erfahrener Bergg\u00e4nger zu<br \/>\nreifen.<\/p>\n<p>Nat\u00fcrlich sind diese ausgefallenen Ziele eher anspruchsvoller Natur, weshalb<br \/>\nder Autor einer gr\u00fcndlichen Erkundung und ausf\u00fchrlichen Charakterisierung bzw.<br \/>\nRoutenbeschreibung h\u00f6chsten Stellenwert einr\u00e4umt und den Lesern somit einen<br \/>\nwertvollen Leitfaden an die Hand gibt.<\/p>\n<p>Das Spektrum beginnt bei Pfaden, auf denen man sich sozusagen behutsam an die<br \/>\n\u00bbWildheit\u00ab herantasten kann, und endet bei langen, teils weglosen hochalpinen<br \/>\nUnternehmungen mit Kletterstellen bis zum II. Grad. Zahlreiche \u00bbGeheimtipps\u00ab<br \/>\nvom Ammergebirge \u00fcber Wetterstein und Karwendel, die Bayerischen Voralpen,<br \/>\nKaisergebirge und Chiemgauer Alpen sowie das Berchtesgadener Land sind in dem<br \/>\nBand vertreten \u2013 summa summarum das Rother-Wanderbuch mit den etwas anderen<br \/>\nTouren.<\/p>\n<div class=\"col-12 col-md-6\">\n<div class=\"d-inline-block\">2., aktualisierte Auflage 2020<\/div>\n<\/div>\n<div class=\"d-inline-block strong mr-1\">\n<div class=\"d-inline-block strong mr-1\">208 Seiten, 160 Bilder<\/div>\n<\/div>\n<div class=\"col-12 col-md-6\">\n<div class=\"d-inline-block\">50 H\u00f6henprofile, 50 Wanderk\u00e4rtchen im Ma\u00dfstab 1:50.000, \u00dcbersichtskarte, Tourenmatrix, GPS-Tracks zum Download<\/div>\n<\/div>","protected":false},"excerpt":{"rendered":"<ul>\n<li><a href=\"https:\/\/pizbube.ch\/wp-content\/uploads\/attachments\/a_031\/E84A76EAB040388C686F6C64D24A71D9.pdf\" target=\"_blank\" rel=\"noopener\">PDF: wilde wege bayerische alpen_inhalt<\/a><\/li>\n<\/ul>","protected":false},"featured_media":163115,"template":"","meta":[],"product_brand":[],"product_cat":[21605],"product_tag":[],"class_list":{"0":"post-147950","1":"product","2":"type-product","3":"status-publish","4":"has-post-thumbnail","6":"product_cat-wanderfuehrer-trekking","7":"pa_autor-zahel","8":"pa_erscheinungsjahr-21558","9":"pa_region-deutschland","10":"pa_sprache-de","12":"first","13":"instock","14":"taxable","15":"shipping-taxable","16":"purchasable","17":"product-type-simple"},"_links":{"self":[{"href":"https:\/\/pizbube.ch\/en\/wp-json\/wp\/v2\/product\/147950","targetHints":{"allow":["GET"]}}],"collection":[{"href":"https:\/\/pizbube.ch\/en\/wp-json\/wp\/v2\/product"}],"about":[{"href":"https:\/\/pizbube.ch\/en\/wp-json\/wp\/v2\/types\/product"}],"wp:featuredmedia":[{"embeddable":true,"href":"https:\/\/pizbube.ch\/en\/wp-json\/wp\/v2\/media\/163115"}],"wp:attachment":[{"href":"https:\/\/pizbube.ch\/en\/wp-json\/wp\/v2\/media?parent=147950"}],"wp:term":[{"taxonomy":"product_brand","embeddable":true,"href":"https:\/\/pizbube.ch\/en\/wp-json\/wp\/v2\/product_brand?post=147950"},{"taxonomy":"product_cat","embeddable":true,"href":"https:\/\/pizbube.ch\/en\/wp-json\/wp\/v2\/product_cat?post=147950"},{"taxonomy":"product_tag","embeddable":true,"href":"https:\/\/pizbube.ch\/en\/wp-json\/wp\/v2\/product_tag?post=147950"}],"curies":[{"name":"wp","href":"https:\/\/api.w.org\/{rel}","templated":true}]}}