{"id":147952,"date":"2021-01-15T10:56:17","date_gmt":"2021-01-15T10:56:17","guid":{"rendered":"https:\/\/codengine3.ch\/?product=import-placeholder-for-205616"},"modified":"2021-01-15T14:42:38","modified_gmt":"2021-01-15T14:42:38","slug":"berchtesgadener-alpen-alpin","status":"publish","type":"product","link":"https:\/\/pizbube.ch\/en\/shop\/berchtesgadener-alpen-alpin\/","title":{"rendered":"Berchtesgadener Alpen alpin"},"content":{"rendered":"<p>\nAlpenvereinsf\u00fchrer alpin  <\/p>\n<p>Die in der S\u00fcdostecke Bayerns gelegenen Berchtesgadener Alpen ragen mit ihren<br \/>\nneun selbst\u00e4ndigen, den Talkessel von Berchtesgaden umgebenden Gebirgsst\u00f6cken<br \/>\nherzf\u00f6rmig in das Salzburger Land hinein. Sie genie\u00dfen in Bergsteigerkreisen<br \/>\ntraditionell eine besondere Wertsch\u00e4tzung: Angesichts einer mehr als<br \/>\n150j\u00e4hrigen bergsteigerischen und touristischen Tradition im Berchtesgadener<br \/>\nund Salzburger Land \u00fcberrascht die Unversehrtheit seiner Alpen, deren Gro\u00dfteil<br \/>\nvor 25 Jahren zum einzigen alpinen Nationalpark Deutschlands erkl\u00e4rt wurde.  <\/p>\n<p>Der F\u00fchrer wurde in dieser Auflage komplett \u00fcberarbeitet und auf die neuen<br \/>\nGrunds\u00e4tze f\u00fcr Alpenvereinsf\u00fchrer angepasst. Es erfolgt damit in dieser<br \/>\nAuflage auch erstmals eine Trennung zwischen Wander- und Bergtouren und<br \/>\nKletterouten. Dabei wurden alle ca. 770 Routenbeschreibungen textlich<br \/>\n\u00fcberarbeitet, au\u00dferdem kamen 265 Beschreibungen neu hinzu. Hierunter finden<br \/>\nsich auch zahlreiche Wanderungen in den Tal- und mittleren H\u00f6henlagen, so dass<br \/>\nder Nutzer des F\u00fchrers einen umfassenden \u00dcberblick \u00fcber die<br \/>\nTourenm\u00f6glichkeiten der Berchtesgadener Alpen erh\u00e4lt.  <\/p>\n<p>Alle bekannten Gipfel des Gebietes sind mit leichten Anstiegen (bis<br \/>\nSchwierigkeitsgrad II) beschrieben.<br \/>\nDer im Gebiet lebende Bernhard K\u00fchnhauser hat als umfassender Gebietskenner<br \/>\nmit seinen zahlreichen Helfern die vorliegende Auflage auf den neuesten Stand<br \/>\ngebracht. Bei den Routenbeschreibungen wurde vom Autor sehr viel Wert auf<br \/>\nAusf\u00fchrlichkeit und Aussagekraft der Beschreibungen gelegt, damit sich ein<br \/>\ngebietsfremder Wanderer und Bergsteiger bereits beim Lesen einen Eindruck vom<br \/>\nWegverlauf und den zu erwartenden Anforderungen machen kann. Dazu dienen auch<br \/>\ndie im Beschreibungskopf vorangestellten Kurzangaben zu den Routen. Bei jeder<br \/>\nRoute sind neben Gehzeit, Wegl\u00e4nge, H\u00f6henmeter auch noch eine<br \/>\nSchwierigkeitsangabe (nach dem DAV-Konzept), Anspruch, Charakteristik, kurze<br \/>\nVerlaufsbeschreibung sowie Kombinationsm\u00f6glichkeiten angef\u00fchrt. Au\u00dferdem sind<br \/>\nHinweise auf Mountainbike, Skitouren und Winterwanderungen vermerkt.<\/p>\n<p>Auch auf die M\u00f6glichkeit zur Nutzung des in der Region der Berchtesgadener<br \/>\nAlpen gut ausgebauten, Nahverkehrsnetzes wird durch Vermerk der Haltestellen<br \/>\nbeim Ausgangspunkt einer Tour hingewiesen.<br \/>\nDer vollst\u00e4ndig neu verfasste Alpenvereinsf\u00fchrer alpin vermittelt dem<br \/>\nAlpinisten &#8211; vom Wanderer bis hin zum Bergsteiger &#8211; auf bew\u00e4hrte, zuverl\u00e4ssige<br \/>\nArt und Weise eine umfassende Gebiets\u00fcbersicht. Dazu tr\u00e4gt auch bei, dass die<br \/>\nWanderungen und Bergtouren am Gebirgsstock des Hochk\u00f6nigs wieder in den F\u00fchrer<br \/>\naufgenommen wurde.  <\/p>\n<p>21. Auflage 2015, 612 Seiten mit 97 Schwarz-Wei\u00df-Abbildungen. Verfasst nach<br \/>\nden Richtlinien der UIAA  <\/p>","protected":false},"excerpt":{"rendered":"<p>Alpenvereinsf\u00fchrer alpin Die in der S\u00fcdostecke Bayerns gelegenen Berchtesgadener Alpen ragen mit ihren neun selbst\u00e4ndigen, den Talkessel von Berchtesgaden umgebenden Gebirgsst\u00f6cken herzf\u00f6rmig in das Salzburger Land hinein. Sie genie\u00dfen in Bergsteigerkreisen traditionell eine besondere Wertsch\u00e4tzung: Angesichts einer mehr als 150j\u00e4hrigen bergsteigerischen und touristischen Tradition im Berchtesgadener und Salzburger Land \u00fcberrascht die Unversehrtheit seiner Alpen, deren [&#8230;]\n","protected":false},"featured_media":39140,"template":"","meta":[],"product_brand":[],"product_cat":[21544],"product_tag":[],"class_list":{"0":"post-147952","1":"product","2":"type-product","3":"status-publish","4":"has-post-thumbnail","6":"product_cat-fuehrerliteratur-alpin-sommer","7":"pa_autor-kuehnhauser","8":"pa_erscheinungsjahr-21597","9":"pa_region-deutschland","10":"pa_sprache-de","12":"first","13":"outofstock","14":"taxable","15":"shipping-taxable","16":"purchasable","17":"product-type-simple"},"_links":{"self":[{"href":"https:\/\/pizbube.ch\/en\/wp-json\/wp\/v2\/product\/147952","targetHints":{"allow":["GET"]}}],"collection":[{"href":"https:\/\/pizbube.ch\/en\/wp-json\/wp\/v2\/product"}],"about":[{"href":"https:\/\/pizbube.ch\/en\/wp-json\/wp\/v2\/types\/product"}],"wp:featuredmedia":[{"embeddable":true,"href":"https:\/\/pizbube.ch\/en\/wp-json\/wp\/v2\/media\/39140"}],"wp:attachment":[{"href":"https:\/\/pizbube.ch\/en\/wp-json\/wp\/v2\/media?parent=147952"}],"wp:term":[{"taxonomy":"product_brand","embeddable":true,"href":"https:\/\/pizbube.ch\/en\/wp-json\/wp\/v2\/product_brand?post=147952"},{"taxonomy":"product_cat","embeddable":true,"href":"https:\/\/pizbube.ch\/en\/wp-json\/wp\/v2\/product_cat?post=147952"},{"taxonomy":"product_tag","embeddable":true,"href":"https:\/\/pizbube.ch\/en\/wp-json\/wp\/v2\/product_tag?post=147952"}],"curies":[{"name":"wp","href":"https:\/\/api.w.org\/{rel}","templated":true}]}}