{"id":147953,"date":"2021-01-15T10:56:17","date_gmt":"2021-01-15T10:56:17","guid":{"rendered":"https:\/\/codengine3.ch\/?product=import-placeholder-for-200354"},"modified":"2025-11-22T14:18:36","modified_gmt":"2025-11-22T13:18:36","slug":"berchtesgadener-land-die-schoensten-tal-und-hoehenwanderungen","status":"publish","type":"product","link":"https:\/\/pizbube.ch\/en\/shop\/berchtesgadener-land-die-schoensten-tal-und-hoehenwanderungen\/","title":{"rendered":"Berchtesgadener Land &#8211; Die sch\u00f6nsten Tal- und H\u00f6henwanderungen"},"content":{"rendered":"<p><span class=\"value\">Hohe Gipfel, gr\u00fcne Wiesen, schmucke Ortschaften \u2013 das Berchtesgadener Land ist Bayern wie aus dem Bilderbuch. Im Angesicht von \u00bbK\u00f6nig Watzmann\u00ab lassen sich abwechslungsreiche Wanderungen unternehmen, eine Brotzeit auf einer H\u00fctte genie\u00dfen und von den aussichtsreichen Gipfeln auf das blau schimmernde Wasser des K\u00f6nigssees blicken. Der Rother Wanderf\u00fchrer \u00bbBerchtesgadener Land\u00ab stellt die sch\u00f6nsten Touren auf beliebte Gipfel, zu Almen, Klammen und Seen vor.<\/span><\/p>\n<p>Die Wanderungen f\u00fchren durch die nahezu unber\u00fchrte Natur des Nationalparks Berchtesgaden und seiner Randgebiete. Dabei kommen ambitionierte Bergwanderer genauso auf ihre Kosten wie Familien mit Kindern. Und wer die Sch\u00f6nheit und Einsamkeit dieser urspr\u00fcnglichen Gebirgslandschaft in aller Ausf\u00fchrlichkeit erleben m\u00f6chte, den f\u00fchrt eine 5-Tages-Tour ins stille Herz des Nationalparks.<\/p>\n<p>Jede Wanderung wird mit einer exakten Wegbeschreibung, einem aussagekr\u00e4ftigen H\u00f6henprofil und einem Kartenausschnitt mit eingezeichnetem Routenverlauf vorgestellt. GPS-Tracks, die zum Download bereitstehen, machen die Touren leicht nachvollziehbar. \u00c4u\u00dferst praktisch ist die extra Tourenkarte zum Herausnehmen \u2013 mit s\u00e4mtlichen Routeneintragungen aller im Buch vorgestellten Wanderungen.<\/p>\n<p>144 Seiten, 51 Touren + extra Tourenkarte 1:50.000<br \/>\n51 H\u00f6henprofile, 51 Wanderk\u00e4rtchen im Ma\u00dfstab 1:50.000 und 75.000, zwei \u00dcbersichtskarten im Ma\u00dfstab 1:200.000 und 1:500.000. Mit extra Tourenkarte im Ma\u00dfstab 1:50.000.<br \/>\n18., aktualisierte Auflage 2022<\/p>","protected":false},"excerpt":{"rendered":"<p>Hohe Gipfel, gr\u00fcne Wiesen, schmucke Ortschaften \u2013 das Berchtesgadener Land ist Bayern wie aus dem Bilderbuch. Im Angesicht von \u00bbK\u00f6nig Watzmann\u00ab lassen sich abwechslungsreiche Wanderungen unternehmen, eine Brotzeit auf einer H\u00fctte genie\u00dfen und von den aussichtsreichen Gipfeln auf das blau schimmernde Wasser des K\u00f6nigssees blicken. Der Rother Wanderf\u00fchrer \u00bbBerchtesgadener Land\u00ab stellt die sch\u00f6nsten Touren auf [&#8230;]\n","protected":false},"featured_media":182250,"template":"","meta":[],"product_brand":[],"product_cat":[21605],"product_tag":[],"class_list":{"0":"post-147953","1":"product","2":"type-product","3":"status-publish","4":"has-post-thumbnail","6":"product_cat-wanderfuehrer-trekking","7":"pa_autor-bauregger","8":"pa_erscheinungsjahr-27013","9":"pa_region-deutschland","10":"pa_sprache-de","12":"first","13":"instock","14":"taxable","15":"shipping-taxable","16":"purchasable","17":"product-type-simple"},"_links":{"self":[{"href":"https:\/\/pizbube.ch\/en\/wp-json\/wp\/v2\/product\/147953","targetHints":{"allow":["GET"]}}],"collection":[{"href":"https:\/\/pizbube.ch\/en\/wp-json\/wp\/v2\/product"}],"about":[{"href":"https:\/\/pizbube.ch\/en\/wp-json\/wp\/v2\/types\/product"}],"wp:featuredmedia":[{"embeddable":true,"href":"https:\/\/pizbube.ch\/en\/wp-json\/wp\/v2\/media\/182250"}],"wp:attachment":[{"href":"https:\/\/pizbube.ch\/en\/wp-json\/wp\/v2\/media?parent=147953"}],"wp:term":[{"taxonomy":"product_brand","embeddable":true,"href":"https:\/\/pizbube.ch\/en\/wp-json\/wp\/v2\/product_brand?post=147953"},{"taxonomy":"product_cat","embeddable":true,"href":"https:\/\/pizbube.ch\/en\/wp-json\/wp\/v2\/product_cat?post=147953"},{"taxonomy":"product_tag","embeddable":true,"href":"https:\/\/pizbube.ch\/en\/wp-json\/wp\/v2\/product_tag?post=147953"}],"curies":[{"name":"wp","href":"https:\/\/api.w.org\/{rel}","templated":true}]}}