{"id":147956,"date":"2021-01-15T10:56:17","date_gmt":"2021-01-15T10:56:17","guid":{"rendered":"https:\/\/codengine3.ch\/?product=import-placeholder-for-204773"},"modified":"2025-12-23T12:03:20","modified_gmt":"2025-12-23T11:03:20","slug":"charamaio-mai-en-val-maira-135-skitouren","status":"publish","type":"product","link":"https:\/\/pizbube.ch\/en\/shop\/charamaio-mai-en-val-maira-135-skitouren\/","title":{"rendered":"Charamaio mai en Val Maira &#8211; 135 Skitouren"},"content":{"rendered":"<p>135 Skitouren im Valle Maira (deutsche Version)<\/p>\n<p>Dieser F\u00fchrer soll dazu dienen, sich der herrlichen winterlichen Einsamkeit<br \/>\ndes Valle Maira in den piemontesischen Alpen zu n\u00e4hern!<\/p>\n<p><span class=\"value\">Das Valle Maira ist ein Tal in den Cottischen Alpen im Piemont, Italien. Es ist bekannt f\u00fcr seine malerischen D\u00f6rfer und die unber\u00fchrte Natur, die es zu einem idealen Ort f\u00fcr Skitouren macht.<\/span><\/p>\n<p><span class=\"value\">Eine Skitour im Mairatal bietet eine beeindruckende Kulisse mit alpinen Gipfeln, einsamen T\u00e4lern und schneebedeckten W\u00e4ldern. Die meisten Touren beginnen in den D\u00f6rfern Elva oder Chiappera und f\u00fchren zu h\u00f6heren Gipfeln wie dem Rocca La Meja oder dem Monviso, dem h\u00f6chsten Berg der Cottischen Alpen. <\/span><\/p>\n<p>296 Seiten<\/p>\n<p>&gt; 135 Hauptrouten<br \/>\n&gt; 160 Varianten, \u00dcberschreitungen und Verbindungen, alle vom Autor selbst<br \/>\n&gt; begangen<br \/>\n&gt; 145 doppelseitige Fotografien<br \/>\n&gt; Die Touren sind als Fototopos auf den Fotografien eingezeichnet<br \/>\n&gt; Beschreibungen der einzelnen Tourenabschnitte<br \/>\n&gt; H\u00f6henunterschiede und durchschnittliche Gehzeiten<br \/>\n&gt; Bewertungen der skialpinistischen Schwierigkeit<br \/>\n&gt; Anmerungen zu Sicherheit und Risiken der einzelnen Touren<\/p>","protected":false},"excerpt":{"rendered":"<p>135 Skitouren im Valle Maira (deutsche Version) Dieser F\u00fchrer soll dazu dienen, sich der herrlichen winterlichen Einsamkeit des Valle Maira in den piemontesischen Alpen zu n\u00e4hern! Das Valle Maira ist ein Tal in den Cottischen Alpen im Piemont, Italien. Es ist bekannt f\u00fcr seine malerischen D\u00f6rfer und die unber\u00fchrte Natur, die es zu einem idealen [&#8230;]\n","protected":false},"featured_media":166709,"template":"","meta":[],"product_brand":[],"product_cat":[21540],"product_tag":[],"class_list":{"0":"post-147956","1":"product","2":"type-product","3":"status-publish","4":"has-post-thumbnail","6":"product_cat-fuehrerliteratur-alpin-winter","7":"pa_autor-rosano","8":"pa_erscheinungsjahr-21574","9":"pa_region-italien","10":"pa_sprache-de","12":"first","13":"outofstock","14":"taxable","15":"shipping-taxable","16":"purchasable","17":"product-type-simple"},"_links":{"self":[{"href":"https:\/\/pizbube.ch\/en\/wp-json\/wp\/v2\/product\/147956","targetHints":{"allow":["GET"]}}],"collection":[{"href":"https:\/\/pizbube.ch\/en\/wp-json\/wp\/v2\/product"}],"about":[{"href":"https:\/\/pizbube.ch\/en\/wp-json\/wp\/v2\/types\/product"}],"wp:featuredmedia":[{"embeddable":true,"href":"https:\/\/pizbube.ch\/en\/wp-json\/wp\/v2\/media\/166709"}],"wp:attachment":[{"href":"https:\/\/pizbube.ch\/en\/wp-json\/wp\/v2\/media?parent=147956"}],"wp:term":[{"taxonomy":"product_brand","embeddable":true,"href":"https:\/\/pizbube.ch\/en\/wp-json\/wp\/v2\/product_brand?post=147956"},{"taxonomy":"product_cat","embeddable":true,"href":"https:\/\/pizbube.ch\/en\/wp-json\/wp\/v2\/product_cat?post=147956"},{"taxonomy":"product_tag","embeddable":true,"href":"https:\/\/pizbube.ch\/en\/wp-json\/wp\/v2\/product_tag?post=147956"}],"curies":[{"name":"wp","href":"https:\/\/api.w.org\/{rel}","templated":true}]}}