{"id":147959,"date":"2021-01-15T10:56:22","date_gmt":"2021-01-15T10:56:22","guid":{"rendered":"https:\/\/codengine3.ch\/?product=import-placeholder-for-202805"},"modified":"2021-01-15T12:39:27","modified_gmt":"2021-01-15T12:39:27","slug":"annapurna-1100-000","status":"publish","type":"product","link":"https:\/\/pizbube.ch\/en\/shop\/annapurna-1100-000\/","title":{"rendered":"Annapurna 1:100.000"},"content":{"rendered":"<p>Einzelblattkarten mit H\u00f6henlinien in einer \u00c4quidistanz von 40 m (1:50.000)<br \/>\nbzw. 100 m (1:100.000), Schummerung, detaillierte Darstellung der Felsen,<br \/>\nGletscher, Mor\u00e4nen, Wald- und kultivierten Fl\u00e4chen und Siedlungen, teilweise<br \/>\nmit Wegmarkierungen, ohne Angabe der Projektionsarten, in unterschiedlichen<br \/>\nFormaten.  <\/p>\n<p>s \u00dcbersicht: 9 Annapurna (1:100.000)  <\/p>","protected":false},"excerpt":{"rendered":"<p>Einzelblattkarten mit H\u00f6henlinien in einer \u00c4quidistanz von 40 m (1:50.000) bzw. 100 m (1:100.000), Schummerung, detaillierte Darstellung der Felsen, Gletscher, Mor\u00e4nen, Wald- und kultivierten Fl\u00e4chen und Siedlungen, teilweise mit Wegmarkierungen, ohne Angabe der Projektionsarten, in unterschiedlichen Formaten. s \u00dcbersicht: 9 Annapurna (1:100.000)<\/p>","protected":false},"featured_media":30250,"template":"","meta":[],"product_brand":[],"product_cat":[21543],"product_tag":[],"class_list":{"0":"post-147959","1":"product","2":"type-product","3":"status-publish","4":"has-post-thumbnail","6":"product_cat-landkarten","7":"pa_autor-schneider-nelles","8":"pa_erscheinungsjahr-22167","9":"pa_region-asien","10":"pa_sprache-d","11":"pa_sprache-e","13":"first","14":"instock","15":"taxable","16":"shipping-taxable","17":"purchasable","18":"product-type-simple"},"_links":{"self":[{"href":"https:\/\/pizbube.ch\/en\/wp-json\/wp\/v2\/product\/147959","targetHints":{"allow":["GET"]}}],"collection":[{"href":"https:\/\/pizbube.ch\/en\/wp-json\/wp\/v2\/product"}],"about":[{"href":"https:\/\/pizbube.ch\/en\/wp-json\/wp\/v2\/types\/product"}],"wp:featuredmedia":[{"embeddable":true,"href":"https:\/\/pizbube.ch\/en\/wp-json\/wp\/v2\/media\/30250"}],"wp:attachment":[{"href":"https:\/\/pizbube.ch\/en\/wp-json\/wp\/v2\/media?parent=147959"}],"wp:term":[{"taxonomy":"product_brand","embeddable":true,"href":"https:\/\/pizbube.ch\/en\/wp-json\/wp\/v2\/product_brand?post=147959"},{"taxonomy":"product_cat","embeddable":true,"href":"https:\/\/pizbube.ch\/en\/wp-json\/wp\/v2\/product_cat?post=147959"},{"taxonomy":"product_tag","embeddable":true,"href":"https:\/\/pizbube.ch\/en\/wp-json\/wp\/v2\/product_tag?post=147959"}],"curies":[{"name":"wp","href":"https:\/\/api.w.org\/{rel}","templated":true}]}}