{"id":147965,"date":"2021-01-15T10:56:23","date_gmt":"2021-01-15T10:56:23","guid":{"rendered":"https:\/\/codengine3.ch\/?product=import-placeholder-for-208471"},"modified":"2021-07-29T17:57:44","modified_gmt":"2021-07-29T15:57:44","slug":"annapurna-une-histoire-humaine","status":"publish","type":"product","link":"https:\/\/pizbube.ch\/en\/shop\/annapurna-une-histoire-humaine\/","title":{"rendered":"Annapurna &#8211; Une histoire humaine"},"content":{"rendered":"<p>L&#8217;histoire d&#8217;une montagne mythique, th\u00e9\u00e2tre des plus grands exploits comme des<br \/>\nplus terribles drames, le 8000 le moins souvent gravi et le plus dangereux de<br \/>\nla plan\u00e8te.<\/p>\n<p>L\u2019Annapurna (8 091 m\u00e8tres) occupe une place particuli\u00e8re parmi les g\u00e9ants de<br \/>\nl\u2019Himalaya. Conquis en 1950 par Herzog et Lachenal, il fut le premier 8000<br \/>\ngravi par l\u2019homme (et le premier best-seller de la litt\u00e9rature de montagne).<\/p>\n<p>Immense massif aux dizaines de sommets culminants \u00e0 plus de 7 000 m\u00e8tres, dont<br \/>\nle Machhapuchhre, pic sacr\u00e9 interdit aux alpinistes, il abrite le tour des<br \/>\nAnnapurnas, le trek le plus fameux du monde, que tentent chaque ann\u00e9e plus de<br \/>\n50 000 touristes de tous les continents, en qu\u00eate de d\u00e9passement et<br \/>\nd\u2019\u00e9blouissements.<\/p>\n<p>Barri\u00e8re g\u00e9ographique qui arr\u00eate le d\u00e9ferlement de la mousson, s\u00e9parant la<br \/>\njungle au sud et le d\u00e9sert au nord, d\u00e9fi ultime des alpinistes en qu\u00eate de<br \/>\nsensations fortes, montagne sacr\u00e9e dont le Thorong La (5 400 m\u00e8tres) est<br \/>\ntravers\u00e9 par les hommes depuis la nuit des temps, l\u2019Annapurna a enfin sa<br \/>\nmonographie. Richement illustr\u00e9, l\u2019ouvrage plongera le lecteur dans l\u2019histoire<br \/>\net l\u2019accompagnera sur les chemins des Annapurnas, jetant des passerelles entre<br \/>\nles r\u00e9cits haletants ramen\u00e9s par les alpinistes de la haute altitude et ce que<br \/>\nle randonneur d\u2019aujourd\u2019hui peut en percevoir. Une plong\u00e9e dans le N\u00e9pal<br \/>\nmythique et contemporain.<\/p>","protected":false},"excerpt":{"rendered":"<ul>\n<li><a href=\"https:\/\/youtu.be\/n84gUNt7RLw\" target=\"_blank\" rel=\"noopener\">Video: &#171;Annapurna, une histoire humaine&#187; par l&#8217;auteur du livre Charlie Buffet<\/a><\/li>\n<\/ul>","protected":false},"featured_media":158202,"template":"","meta":[],"product_brand":[],"product_cat":[21542],"product_tag":[],"class_list":{"0":"post-147965","1":"product","2":"type-product","3":"status-publish","4":"has-post-thumbnail","6":"product_cat-sachbuecher-dokumentationen","7":"pa_autor-buffet","8":"pa_erscheinungsjahr-21574","9":"pa_region-asien","10":"pa_sprache-fr","12":"first","13":"onbackorder","14":"taxable","15":"shipping-taxable","16":"purchasable","17":"product-type-simple"},"_links":{"self":[{"href":"https:\/\/pizbube.ch\/en\/wp-json\/wp\/v2\/product\/147965","targetHints":{"allow":["GET"]}}],"collection":[{"href":"https:\/\/pizbube.ch\/en\/wp-json\/wp\/v2\/product"}],"about":[{"href":"https:\/\/pizbube.ch\/en\/wp-json\/wp\/v2\/types\/product"}],"wp:featuredmedia":[{"embeddable":true,"href":"https:\/\/pizbube.ch\/en\/wp-json\/wp\/v2\/media\/158202"}],"wp:attachment":[{"href":"https:\/\/pizbube.ch\/en\/wp-json\/wp\/v2\/media?parent=147965"}],"wp:term":[{"taxonomy":"product_brand","embeddable":true,"href":"https:\/\/pizbube.ch\/en\/wp-json\/wp\/v2\/product_brand?post=147965"},{"taxonomy":"product_cat","embeddable":true,"href":"https:\/\/pizbube.ch\/en\/wp-json\/wp\/v2\/product_cat?post=147965"},{"taxonomy":"product_tag","embeddable":true,"href":"https:\/\/pizbube.ch\/en\/wp-json\/wp\/v2\/product_tag?post=147965"}],"curies":[{"name":"wp","href":"https:\/\/api.w.org\/{rel}","templated":true}]}}