{"id":147970,"date":"2021-01-15T10:56:23","date_gmt":"2021-01-15T10:56:23","guid":{"rendered":"https:\/\/codengine3.ch\/?product=import-placeholder-for-200318"},"modified":"2021-01-15T10:56:26","modified_gmt":"2021-01-15T10:56:26","slug":"alpenueberquerung-garmisch-brixen","status":"publish","type":"product","link":"https:\/\/pizbube.ch\/en\/shop\/alpenueberquerung-garmisch-brixen\/","title":{"rendered":"Alpen\u00fcberquerung Garmisch &#8211; Brixen"},"content":{"rendered":"<p>Mit Varianten und Gipfeln  <\/p>\n<p>Eine neue Alpen\u00fcberquerung f\u00fchrt von Garmisch nach Brixen. Sie birgt \u2013 im<br \/>\nGegensatz zu vielen etablierten Wegen \u2013 die Einsamkeit und Ruhe, die man sich<br \/>\nin den Bergen w\u00fcnscht. In 12 Etappen f\u00fchrt diese Route \u00fcber die Alpen \u2013 ideal<br \/>\nalso auch f\u00fcr einen k\u00fcrzeren Bergurlaub.<\/p>\n<p>Auf dieser Transalp geht es vom m\u00e4chtigen Wettersteingebirge und den Mieminger<br \/>\nBergen zun\u00e4chst hinunter ins Tiroler Inntal. Die anschlie\u00dfende<br \/>\nHochgebirgsregion der Stubaier Alpen ist das Herzst\u00fcck dieser<br \/>\nAlpen\u00fcberquerung. \u00dcber Almwiesen mit imposanten Gletscherblicken, vorbei an<br \/>\nklaren Berg-seen f\u00fchrt die Route zu tollen H\u00fctten samt herrlichen<br \/>\nGipfeloptionen. Bei Sterzing erreicht man schlie\u00dflich die S\u00fcdtiroler Berge. In<br \/>\nden stillen Sarntaler Alpen r\u00fccken die Dolomiten im Blickfeld immer n\u00e4her, bis<br \/>\nman im traditionsreichen Brixen nach eineinhalb bis zwei Wochen das Ziel<br \/>\nerreicht.<\/p>\n<p>Die Journalistin Andrea Strau\u00df und der Fotojournalist Andreas Strau\u00df sind als<br \/>\ninternational \u00fcberaus erfahrene Alpinisten und DAV-Fach\u00fcbungsleiter auch<br \/>\nausgewiesene Kenner des Ostalpenraumes. Sie beschreiben in ihrem Buch<br \/>\nausf\u00fchrlich die Hauptroute von Garmisch nach Brixen in zw\u00f6lf Etappen.<\/p>\n<p>Dar\u00fcber hinaus gibt der Wanderf\u00fchrer jede Menge an weiteren Tipps f\u00fcr<br \/>\nattraktive Gipfelbesteigungen, sch\u00f6ne Kurzziele am Ende der Tagesetappen,<br \/>\nanspruchsvollere Varianten, f\u00fcr alternative Einstiegsm\u00f6glichkeiten und f\u00fcr<br \/>\nsinnvolle Abstiege ins Tal. Erg\u00e4nzt werden die Etappenbeschreibungen durch<br \/>\ninteressante Hintergrundinformationen zu Natur und Kultur sowie zu<br \/>\ntouristischen Attraktionen. Detaillierte Kartenausschnitte sowie<br \/>\naussagekr\u00e4ftige H\u00f6henprofile machen alle Tourenvorschl\u00e4ge gut und sicher<br \/>\nnachvollziehbar.<\/p>\n<p>1. Auflage 2018; 160 Seiten mit 127 Farbabbildungen<br \/>\n34 H\u00f6henprofile, 34 Wanderk\u00e4rtchen im Ma\u00dfstab 1:50.000 und 75.000, eine<br \/>\n\u00dcbersichtskarte, GPS-Tracks zum Download  <\/p>","protected":false},"excerpt":{"rendered":"<ul>\n<li><a href=\"https:\/\/pizbube.ch\/wp-content\/uploads\/attachments\/a_002\/1E23D192DD93C40F6F850FF7FA788D29.pdf\" target=\"_blank\" rel=\"noopener\">PDF: alpen\u00fcberquerung_garmisch_brixen_inhalt.pdf<\/a><\/li>\n<\/ul>","protected":false},"featured_media":26532,"template":"","meta":[],"product_brand":[],"product_cat":[21605],"product_tag":[],"class_list":{"0":"post-147970","1":"product","2":"type-product","3":"status-publish","4":"has-post-thumbnail","6":"product_cat-wanderfuehrer-trekking","7":"pa_autor-strauss","8":"pa_erscheinungsjahr-21546","9":"pa_region-deutschland","10":"pa_sprache-de","12":"first","13":"instock","14":"taxable","15":"shipping-taxable","16":"purchasable","17":"product-type-simple"},"_links":{"self":[{"href":"https:\/\/pizbube.ch\/en\/wp-json\/wp\/v2\/product\/147970","targetHints":{"allow":["GET"]}}],"collection":[{"href":"https:\/\/pizbube.ch\/en\/wp-json\/wp\/v2\/product"}],"about":[{"href":"https:\/\/pizbube.ch\/en\/wp-json\/wp\/v2\/types\/product"}],"wp:featuredmedia":[{"embeddable":true,"href":"https:\/\/pizbube.ch\/en\/wp-json\/wp\/v2\/media\/26532"}],"wp:attachment":[{"href":"https:\/\/pizbube.ch\/en\/wp-json\/wp\/v2\/media?parent=147970"}],"wp:term":[{"taxonomy":"product_brand","embeddable":true,"href":"https:\/\/pizbube.ch\/en\/wp-json\/wp\/v2\/product_brand?post=147970"},{"taxonomy":"product_cat","embeddable":true,"href":"https:\/\/pizbube.ch\/en\/wp-json\/wp\/v2\/product_cat?post=147970"},{"taxonomy":"product_tag","embeddable":true,"href":"https:\/\/pizbube.ch\/en\/wp-json\/wp\/v2\/product_tag?post=147970"}],"curies":[{"name":"wp","href":"https:\/\/api.w.org\/{rel}","templated":true}]}}