{"id":147971,"date":"2021-01-15T10:56:23","date_gmt":"2021-01-15T10:56:23","guid":{"rendered":"https:\/\/codengine3.ch\/?product=import-placeholder-for-208089"},"modified":"2021-02-26T12:57:14","modified_gmt":"2021-02-26T11:57:14","slug":"alpenueberquerung-salzburg-triest","status":"publish","type":"product","link":"https:\/\/pizbube.ch\/en\/shop\/alpenueberquerung-salzburg-triest\/","title":{"rendered":"Alpen\u00fcberquerung Salzburg &#8211; Triest"},"content":{"rendered":"<p>Alpen\u00fcberquerung Salzburg \u2013 Triest in 28 Etappen<\/p>\n<p>28 Tage Natur pur abseits vom Massentourismus und vor atemberaubender<br \/>\nBergkulisse! Von Salzburg nach Triest f\u00fchrt eine neue Route \u00fcber die Ostalpen:<br \/>\nin 28 eindrucksvollen Etappen und auf rund 500 Kilometern durch drei<br \/>\nNationalparks, vier L\u00e4nder und \u00fcber sieben Gebirgsgruppen bis ans Mittelmeer.<\/p>\n<p>Diese Alpen\u00fcberquerung ist ein unvergessliches Weitwander-Abenteuer.<\/p>\n<p>Vor atemberaubender Bergkulisse beginnt dieses grandiose Weitwander-Abenteuer.<br \/>\nEs f\u00fchrt durch den Nationalpark Berchtesgaden, den Nationalpark Hohe Tauern<br \/>\nund den Triglav-Nationalpark in den Julischen Alpen. Unterwegs genie\u00dft man<br \/>\nNatur pur: einsame Wege, auf denen man Steinb\u00f6cke und Murmeltiere entdecken<br \/>\nkann, viele Gipfel und gem\u00fctliche H\u00fcttenabende.<\/p>\n<p>Und nach 23 Tagen ist auf dem letzten Alpenpass am Horizont pl\u00f6tzlich die<br \/>\nAdria auszumachen! Nachdem man das Hochgebirge bew\u00e4ltigt hat, folgen reizvolle<br \/>\nWege durch sch\u00f6ne Mittelgebirgs- und K\u00fcstenlandschaften. Das Finale der<br \/>\nAlpen\u00fcberquerung Salzburg \u2013 Triest ist die abends festlich beleuchtete Piazza<br \/>\ndell\u2019Unita d\u2019Italia.<\/p>\n<p>Jede Etappe dieser neuen Alpen\u00fcberquerung wird umfassend vorgestellt:<br \/>\nzuverl\u00e4ssige Wegbeschreibungen, kompakte Informationen zur Infrastruktur,<br \/>\nWanderk\u00e4rtchen mit eingezeichnetem Routenverlauf und aussagekr\u00e4ftige<br \/>\nH\u00f6henprofile. F\u00fcr vier besonders knifflige Stellen gibt es einfachere<br \/>\nUmgehungs- bzw. Schlechtwettervarianten. Zudem stehen GPS-Daten zum Download<br \/>\nzur Verf\u00fcgung.<\/p>\n<p>3. Auflage 2020; 184 Seiten mit 112 Farbabbildungen<br \/>\n28 H\u00f6henprofile, 28 Wanderk\u00e4rtchen im Ma\u00dfstab 1:75.000, eine \u00dcbersichtskarte,<br \/>\nGPS-Tracks zum Download<\/p>","protected":false},"excerpt":{"rendered":"<ul>\n<li><a href=\"https:\/\/pizbube.ch\/wp-content\/uploads\/attachments\/a_028\/C394E137B461C7EEC36E260C1B34244E.pdf\" target=\"_blank\" rel=\"noopener\">PDF: salzburg_triest_inhalt.pdf<\/a><\/li>\n<\/ul>","protected":false},"featured_media":156060,"template":"","meta":[],"product_brand":[],"product_cat":[21605],"product_tag":[],"class_list":{"0":"post-147971","1":"product","2":"type-product","3":"status-publish","4":"has-post-thumbnail","6":"product_cat-wanderfuehrer-trekking","7":"pa_autor-herrmann","8":"pa_erscheinungsjahr-21571","9":"pa_region-oesterreich","10":"pa_sprache-de","12":"first","13":"instock","14":"taxable","15":"shipping-taxable","16":"purchasable","17":"product-type-simple"},"_links":{"self":[{"href":"https:\/\/pizbube.ch\/en\/wp-json\/wp\/v2\/product\/147971","targetHints":{"allow":["GET"]}}],"collection":[{"href":"https:\/\/pizbube.ch\/en\/wp-json\/wp\/v2\/product"}],"about":[{"href":"https:\/\/pizbube.ch\/en\/wp-json\/wp\/v2\/types\/product"}],"wp:featuredmedia":[{"embeddable":true,"href":"https:\/\/pizbube.ch\/en\/wp-json\/wp\/v2\/media\/156060"}],"wp:attachment":[{"href":"https:\/\/pizbube.ch\/en\/wp-json\/wp\/v2\/media?parent=147971"}],"wp:term":[{"taxonomy":"product_brand","embeddable":true,"href":"https:\/\/pizbube.ch\/en\/wp-json\/wp\/v2\/product_brand?post=147971"},{"taxonomy":"product_cat","embeddable":true,"href":"https:\/\/pizbube.ch\/en\/wp-json\/wp\/v2\/product_cat?post=147971"},{"taxonomy":"product_tag","embeddable":true,"href":"https:\/\/pizbube.ch\/en\/wp-json\/wp\/v2\/product_tag?post=147971"}],"curies":[{"name":"wp","href":"https:\/\/api.w.org\/{rel}","templated":true}]}}