{"id":147972,"date":"2021-01-15T10:56:23","date_gmt":"2021-01-15T10:56:23","guid":{"rendered":"https:\/\/codengine3.ch\/?product=import-placeholder-for-206613"},"modified":"2021-01-15T14:50:15","modified_gmt":"2021-01-15T14:50:15","slug":"alpenueberquerung-von-muenchen-nach-venedig","status":"publish","type":"product","link":"https:\/\/pizbube.ch\/en\/shop\/alpenueberquerung-von-muenchen-nach-venedig\/","title":{"rendered":"Alpen\u00fcberquerung von M\u00fcnchen nach Venedig"},"content":{"rendered":"<p>Belege f\u00fcr Routen und Handelswege \u00fcber die Alpen gibt es bereits aus der<br \/>\nBronzezeit, aber erst seit Ende des 17. Jahrhunderts haben sie auch eine<br \/>\ntouristische Bedeutung. Heutzutage gibt es eine ganze Reihe von M\u00f6glichkeiten<br \/>\ndas zwischen 150 und 250 km breite Bergmassiv zu \u00fcberwinden. Zu den sch\u00f6nsten<br \/>\nRouten z\u00e4hlt vermutlich aber jene vom Hauptbahnhof in M\u00fcnchen auf den<br \/>\nMarkusplatz von Venedig.  <\/p>","protected":false},"excerpt":{"rendered":"<p>Belege f\u00fcr Routen und Handelswege \u00fcber die Alpen gibt es bereits aus der Bronzezeit, aber erst seit Ende des 17. Jahrhunderts haben sie auch eine touristische Bedeutung. Heutzutage gibt es eine ganze Reihe von M\u00f6glichkeiten das zwischen 150 und 250 km breite Bergmassiv zu \u00fcberwinden. Zu den sch\u00f6nsten Routen z\u00e4hlt vermutlich aber jene vom Hauptbahnhof [&#8230;]\n","protected":false},"featured_media":35708,"template":"","meta":[],"product_brand":[],"product_cat":[21605],"product_tag":[],"class_list":{"0":"post-147972","1":"product","2":"type-product","3":"status-publish","4":"has-post-thumbnail","6":"product_cat-wanderfuehrer-trekking","7":"pa_autor-martin","8":"pa_erscheinungsjahr-21610","9":"pa_region-uebrigers-europa","10":"pa_sprache-de","12":"first","13":"instock","14":"taxable","15":"shipping-taxable","16":"purchasable","17":"product-type-simple"},"_links":{"self":[{"href":"https:\/\/pizbube.ch\/en\/wp-json\/wp\/v2\/product\/147972","targetHints":{"allow":["GET"]}}],"collection":[{"href":"https:\/\/pizbube.ch\/en\/wp-json\/wp\/v2\/product"}],"about":[{"href":"https:\/\/pizbube.ch\/en\/wp-json\/wp\/v2\/types\/product"}],"wp:featuredmedia":[{"embeddable":true,"href":"https:\/\/pizbube.ch\/en\/wp-json\/wp\/v2\/media\/35708"}],"wp:attachment":[{"href":"https:\/\/pizbube.ch\/en\/wp-json\/wp\/v2\/media?parent=147972"}],"wp:term":[{"taxonomy":"product_brand","embeddable":true,"href":"https:\/\/pizbube.ch\/en\/wp-json\/wp\/v2\/product_brand?post=147972"},{"taxonomy":"product_cat","embeddable":true,"href":"https:\/\/pizbube.ch\/en\/wp-json\/wp\/v2\/product_cat?post=147972"},{"taxonomy":"product_tag","embeddable":true,"href":"https:\/\/pizbube.ch\/en\/wp-json\/wp\/v2\/product_tag?post=147972"}],"curies":[{"name":"wp","href":"https:\/\/api.w.org\/{rel}","templated":true}]}}