{"id":147974,"date":"2021-01-15T10:56:23","date_gmt":"2021-01-15T10:56:23","guid":{"rendered":"https:\/\/codengine3.ch\/?product=import-placeholder-for-206116"},"modified":"2021-01-15T14:46:30","modified_gmt":"2021-01-15T14:46:30","slug":"ueber-die-alpen-2","status":"publish","type":"product","link":"https:\/\/pizbube.ch\/en\/shop\/ueber-die-alpen-2\/","title":{"rendered":"\u00dcber die Alpen"},"content":{"rendered":"<p>Von Triest nach Monaco &#8211; zu Fuss durch eine verschwindende Landschaft<br \/>\nDer packende Erfahrungsbericht einer Alpen\u00fcberquerung  <\/p>\n<p>Zu Fu\u00df auf dem Roten Weg durch die Alpen &#8211; das ist immer noch eines der gro\u00dfen<br \/>\nAbenteuer im Herzen Europas. Martin Prinz machte sich im Juni 2008 in Triest<br \/>\nauf, um in 161 Tagesetappen 2500 Kilometer bis nach Monaco zu wandern. Allein<br \/>\n\u00fcberquerte er mehrmals den Alpenhauptkamm, passierte 44-mal nationale Grenzen,<br \/>\nstieg bis ins hochalpine Stockwerk &#8211; Witterung und Unw\u00e4gbarkeiten ausgesetzt.<br \/>\nIm pers\u00f6nlichen Erleben \u00f6ffnet sich eine Welt, die vom Menschen als<br \/>\nKulturlandschaft einst zug\u00e4nglich gemacht wurde, doch heute weit schneller<br \/>\nverschwindet, als es unser Blick auf das gr\u00f6\u00dfte Fremdenverkehrsgebiet der Erde<br \/>\nwahrhaben will. So f\u00fchrt diese Reise in eine Wirklichkeit, deren Erz\u00e4hlung den<br \/>\nLeser ebenso wie den Wanderer nicht losl\u00e4sst.  <\/p>","protected":false},"excerpt":{"rendered":"<p>Von Triest nach Monaco &#8211; zu Fuss durch eine verschwindende Landschaft Der packende Erfahrungsbericht einer Alpen\u00fcberquerung Zu Fu\u00df auf dem Roten Weg durch die Alpen &#8211; das ist immer noch eines der gro\u00dfen Abenteuer im Herzen Europas. Martin Prinz machte sich im Juni 2008 in Triest auf, um in 161 Tagesetappen 2500 Kilometer bis nach [&#8230;]\n","protected":false},"featured_media":35034,"template":"","meta":[],"product_brand":[],"product_cat":[21542],"product_tag":[],"class_list":{"0":"post-147974","1":"product","2":"type-product","3":"status-publish","4":"has-post-thumbnail","6":"product_cat-sachbuecher-dokumentationen","7":"pa_autor-prinz","8":"pa_erscheinungsjahr-21830","9":"pa_region-deutschland","10":"pa_sprache-de","12":"first","13":"instock","14":"taxable","15":"shipping-taxable","16":"purchasable","17":"product-type-simple"},"_links":{"self":[{"href":"https:\/\/pizbube.ch\/en\/wp-json\/wp\/v2\/product\/147974","targetHints":{"allow":["GET"]}}],"collection":[{"href":"https:\/\/pizbube.ch\/en\/wp-json\/wp\/v2\/product"}],"about":[{"href":"https:\/\/pizbube.ch\/en\/wp-json\/wp\/v2\/types\/product"}],"wp:featuredmedia":[{"embeddable":true,"href":"https:\/\/pizbube.ch\/en\/wp-json\/wp\/v2\/media\/35034"}],"wp:attachment":[{"href":"https:\/\/pizbube.ch\/en\/wp-json\/wp\/v2\/media?parent=147974"}],"wp:term":[{"taxonomy":"product_brand","embeddable":true,"href":"https:\/\/pizbube.ch\/en\/wp-json\/wp\/v2\/product_brand?post=147974"},{"taxonomy":"product_cat","embeddable":true,"href":"https:\/\/pizbube.ch\/en\/wp-json\/wp\/v2\/product_cat?post=147974"},{"taxonomy":"product_tag","embeddable":true,"href":"https:\/\/pizbube.ch\/en\/wp-json\/wp\/v2\/product_tag?post=147974"}],"curies":[{"name":"wp","href":"https:\/\/api.w.org\/{rel}","templated":true}]}}