{"id":147975,"date":"2021-01-15T10:56:23","date_gmt":"2021-01-15T10:56:23","guid":{"rendered":"https:\/\/codengine3.ch\/?product=import-placeholder-for-205027"},"modified":"2021-01-15T14:38:07","modified_gmt":"2021-01-15T14:38:07","slug":"alpentreks-15-grossartige-wege-ueber-die-alpen","status":"publish","type":"product","link":"https:\/\/pizbube.ch\/en\/shop\/alpentreks-15-grossartige-wege-ueber-die-alpen\/","title":{"rendered":"Alpentreks &#8211; 15 gro\u00dfartige Wege \u00fcber die Alpen"},"content":{"rendered":"<p>\n15 Ausgew\u00e4hlte Touren f\u00fcr den anspruchsvollen Bergsteiger auf seinem Weg \u00fcber<br \/>\ndie Alpen. Mit Detailkarten zu jeder Tour. Ob von Nord nach S\u00fcd oder von West<br \/>\nnach Ost: Mit etwas Kondition ist das Abenteuer Alpen\u00fcberquerung von jedem<br \/>\nBergfreund zu bew\u00e4ltigen.  <\/p>\n<p>Dieser Band bietet dazu die 15 sch\u00f6nsten Alpentreks. Mit detaillierten<br \/>\nToureninformationen zu Gesamt- und Etappenl\u00e4ngen, Schwierigkeitsgraden, Start-<br \/>\nund Zielorten, Wanderkarten, Routenbeschreibungen, Tipps zu An-, R\u00fcckreise und<br \/>\n\u00dcbernachtung. F\u00fcr alle, die davon tr\u00e4umen zu Fu\u00df \u00fcber die Alpen zu wandern.  <\/p>\n<p>Komplett \u00fcberarbeitete und erweiterte Auflage 2019  <\/p>","protected":false},"excerpt":{"rendered":"<p>15 Ausgew\u00e4hlte Touren f\u00fcr den anspruchsvollen Bergsteiger auf seinem Weg \u00fcber die Alpen. Mit Detailkarten zu jeder Tour. Ob von Nord nach S\u00fcd oder von West nach Ost: Mit etwas Kondition ist das Abenteuer Alpen\u00fcberquerung von jedem Bergfreund zu bew\u00e4ltigen. Dieser Band bietet dazu die 15 sch\u00f6nsten Alpentreks. Mit detaillierten Toureninformationen zu Gesamt- und Etappenl\u00e4ngen, [&#8230;]\n","protected":false},"featured_media":40682,"template":"","meta":[],"product_brand":[],"product_cat":[21605],"product_tag":[],"class_list":{"0":"post-147975","1":"product","2":"type-product","3":"status-publish","4":"has-post-thumbnail","6":"product_cat-wanderfuehrer-trekking","7":"pa_autor-strauss","8":"pa_erscheinungsjahr-21586","9":"pa_region-schweiz","10":"pa_sprache-de","12":"first","13":"instock","14":"taxable","15":"shipping-taxable","16":"purchasable","17":"product-type-simple"},"_links":{"self":[{"href":"https:\/\/pizbube.ch\/en\/wp-json\/wp\/v2\/product\/147975","targetHints":{"allow":["GET"]}}],"collection":[{"href":"https:\/\/pizbube.ch\/en\/wp-json\/wp\/v2\/product"}],"about":[{"href":"https:\/\/pizbube.ch\/en\/wp-json\/wp\/v2\/types\/product"}],"wp:featuredmedia":[{"embeddable":true,"href":"https:\/\/pizbube.ch\/en\/wp-json\/wp\/v2\/media\/40682"}],"wp:attachment":[{"href":"https:\/\/pizbube.ch\/en\/wp-json\/wp\/v2\/media?parent=147975"}],"wp:term":[{"taxonomy":"product_brand","embeddable":true,"href":"https:\/\/pizbube.ch\/en\/wp-json\/wp\/v2\/product_brand?post=147975"},{"taxonomy":"product_cat","embeddable":true,"href":"https:\/\/pizbube.ch\/en\/wp-json\/wp\/v2\/product_cat?post=147975"},{"taxonomy":"product_tag","embeddable":true,"href":"https:\/\/pizbube.ch\/en\/wp-json\/wp\/v2\/product_tag?post=147975"}],"curies":[{"name":"wp","href":"https:\/\/api.w.org\/{rel}","templated":true}]}}