{"id":147976,"date":"2021-01-15T10:56:23","date_gmt":"2021-01-15T10:56:23","guid":{"rendered":"https:\/\/codengine3.ch\/?product=import-placeholder-for-206286"},"modified":"2021-01-15T14:47:50","modified_gmt":"2021-01-15T14:47:50","slug":"suedalpentreks-20-grosse-durchquerungen-von-huette-zu-huette","status":"publish","type":"product","link":"https:\/\/pizbube.ch\/en\/shop\/suedalpentreks-20-grosse-durchquerungen-von-huette-zu-huette\/","title":{"rendered":"S\u00fcdalpentreks &#8211; 20 gro\u00dfe Durchquerungen von H\u00fctte zu H\u00fctte"},"content":{"rendered":"<p>Mehrtagestouren auf der Sonnenseite der Alpen  <\/p>\n<p>K\u00f6nigsdisziplin Mehrtagestouren &#8211; vom Wandern von H\u00fctte zu H\u00fctte, dem<br \/>\nDurchqueren ganzer Gebirgsgruppen zu Fu\u00df, lassen sich immer mehr Menschen<br \/>\nbegeistern. Analog zu seinem ersten Band &#8218;Abenteuer Alpentreks&#8216; beschreibt<br \/>\nErfolgsautor Mark Zahel 20 Mehrtagestouren durch die reizvollsten<br \/>\nBerglandschaften der S\u00fcdalpen. Traumhafte Bilder und informative Texte,<br \/>\nerg\u00e4nzt durch Karten und viele Tipps stimmen ein auf die Sch\u00f6nheit dieser<br \/>\nalpinen Regionen.<br \/>\n192 Seiten, ca. 180 Abbildungen, Format 24,5 x 30,5 cm, Hardcover mit<br \/>\nSchutzumschlag  <\/p>","protected":false},"excerpt":{"rendered":"<p>Mehrtagestouren auf der Sonnenseite der Alpen K\u00f6nigsdisziplin Mehrtagestouren &#8211; vom Wandern von H\u00fctte zu H\u00fctte, dem Durchqueren ganzer Gebirgsgruppen zu Fu\u00df, lassen sich immer mehr Menschen begeistern. Analog zu seinem ersten Band &#8218;Abenteuer Alpentreks&#8216; beschreibt Erfolgsautor Mark Zahel 20 Mehrtagestouren durch die reizvollsten Berglandschaften der S\u00fcdalpen. Traumhafte Bilder und informative Texte, erg\u00e4nzt durch Karten und [&#8230;]\n","protected":false},"featured_media":35272,"template":"","meta":[],"product_brand":[],"product_cat":[21542],"product_tag":[],"class_list":{"0":"post-147976","1":"product","2":"type-product","3":"status-publish","4":"has-post-thumbnail","6":"product_cat-sachbuecher-dokumentationen","7":"pa_autor-zahel","8":"pa_erscheinungsjahr-21830","9":"pa_region-deutschland","10":"pa_sprache-de","12":"first","13":"instock","14":"taxable","15":"shipping-taxable","16":"purchasable","17":"product-type-simple"},"_links":{"self":[{"href":"https:\/\/pizbube.ch\/en\/wp-json\/wp\/v2\/product\/147976","targetHints":{"allow":["GET"]}}],"collection":[{"href":"https:\/\/pizbube.ch\/en\/wp-json\/wp\/v2\/product"}],"about":[{"href":"https:\/\/pizbube.ch\/en\/wp-json\/wp\/v2\/types\/product"}],"wp:featuredmedia":[{"embeddable":true,"href":"https:\/\/pizbube.ch\/en\/wp-json\/wp\/v2\/media\/35272"}],"wp:attachment":[{"href":"https:\/\/pizbube.ch\/en\/wp-json\/wp\/v2\/media?parent=147976"}],"wp:term":[{"taxonomy":"product_brand","embeddable":true,"href":"https:\/\/pizbube.ch\/en\/wp-json\/wp\/v2\/product_brand?post=147976"},{"taxonomy":"product_cat","embeddable":true,"href":"https:\/\/pizbube.ch\/en\/wp-json\/wp\/v2\/product_cat?post=147976"},{"taxonomy":"product_tag","embeddable":true,"href":"https:\/\/pizbube.ch\/en\/wp-json\/wp\/v2\/product_tag?post=147976"}],"curies":[{"name":"wp","href":"https:\/\/api.w.org\/{rel}","templated":true}]}}