{"id":147977,"date":"2021-01-15T10:56:23","date_gmt":"2021-01-15T10:56:23","guid":{"rendered":"https:\/\/codengine3.ch\/?product=import-placeholder-for-208162"},"modified":"2023-08-03T11:31:27","modified_gmt":"2023-08-03T09:31:27","slug":"tiroler-hoehenweg-von-mayrhofen-nach-meran","status":"publish","type":"product","link":"https:\/\/pizbube.ch\/en\/shop\/tiroler-hoehenweg-von-mayrhofen-nach-meran\/","title":{"rendered":"Tiroler H\u00f6henweg &#8211; Von Mayrhofen nach Meran"},"content":{"rendered":"<p>Alle Etappen, mit Varianten und Gipfeln<\/p>\n<p>Eine grandiose Gebirgswelt, gem\u00fctliche H\u00fctten und eine gute Portion<br \/>\nBergeinsamkeit \u2013 der Tiroler H\u00f6henweg erf\u00fcllt wohl alle W\u00fcnsche, die man an<br \/>\neine alpinen Weitwanderweg nur stellen kann. In 13 Etappen verl\u00e4uft der Weg<br \/>\nvon Tirol nach S\u00fcdtirol \u2013 und das auf nahezu einsamen Pfaden. Der Rother<br \/>\nWanderf\u00fchrer \u00bbTiroler H\u00f6henweg\u00ab beschreibt s\u00e4mtliche Etappen mit allen<br \/>\nwichtigen Infos. Zus\u00e4tzlich stellt er zahlreiche Varianten und<br \/>\nGipfelbesteigungen \u2013 darunter neun Dreitausender \u2013 vor, die Lust auf mehr<br \/>\nBergabenteuer machen.<\/p>\n<p>Auf seiner Route passiert der Tiroler H\u00f6henweg Bergregionen<br \/>\nunterschiedlichster Charakteristik: Er f\u00fchrt durch die Zillertaler Alpen mit<br \/>\nihren beeindruckenden Gletschern, \u00fcber den Brenner und anschlie\u00dfend durch die<br \/>\nTribulaune mit ihren hellen Dolomit-Zacken. Danach streift er die Stubaier und<br \/>\ndie \u00d6tztaler Alpen und durchquert die S\u00fcdtiroler Texelgruppe mit den<br \/>\nsagenhaften Spronser Seen. Nach 130 Kilometern erreicht er schlie\u00dflich Meran.<\/p>\n<p>Als grenz\u00fcberschreitender Fernwanderweg verbindet der Tiroler H\u00f6henweg<br \/>\n\u00fcbrigens, was der Erste Weltkrieg einst getrennt hat. Die Etappen werden mit<br \/>\nexakten Wegbeschreibungen, Kartenausschnitten mit eingezeichnetem<br \/>\nRoutenverlauf und aussagekr\u00e4ftigen H\u00f6henprofilen pr\u00e4sentiert. Infos zu<br \/>\nVerkehrsmitteln und Einkaufs-m\u00f6glichkeiten vereinfachen die Etappenplanung.<br \/>\nGPS-Tracks stehen zum Download bereit. Zudem bietet der Wanderf\u00fchrer<br \/>\nausf\u00fchrliche Informationen zu Geschichte, Kultur und Sehensw\u00fcrdigkeiten sowie<br \/>\nviele Tipps zu lohnenden Einkehrm\u00f6glichkeiten.<\/p>\n<p>2. Auflage 2022<br \/>\n224 Seiten mit 192 Farbabbildungen<br \/>\n51 H\u00f6henprofile, 51 Wanderk\u00e4rtchen im Ma\u00dfstab 1:75.000, zwei \u00dcbersichtskarten,<br \/>\nGPS-Tracks zum Download<\/p>","protected":false},"excerpt":{"rendered":"<p>Alle Etappen, mit Varianten und Gipfeln Eine grandiose Gebirgswelt, gem\u00fctliche H\u00fctten und eine gute Portion Bergeinsamkeit \u2013 der Tiroler H\u00f6henweg erf\u00fcllt wohl alle W\u00fcnsche, die man an eine alpinen Weitwanderweg nur stellen kann. In 13 Etappen verl\u00e4uft der Weg von Tirol nach S\u00fcdtirol \u2013 und das auf nahezu einsamen Pfaden. Der Rother Wanderf\u00fchrer \u00bbTiroler H\u00f6henweg\u00ab [&#8230;]\n","protected":false},"featured_media":168886,"template":"","meta":[],"product_brand":[],"product_cat":[21605],"product_tag":[],"class_list":{"0":"post-147977","1":"product","2":"type-product","3":"status-publish","4":"has-post-thumbnail","6":"product_cat-wanderfuehrer-trekking","7":"pa_autor-starke","8":"pa_erscheinungsjahr-27013","9":"pa_region-italien","10":"pa_sprache-de","12":"first","13":"instock","14":"taxable","15":"shipping-taxable","16":"purchasable","17":"product-type-simple"},"_links":{"self":[{"href":"https:\/\/pizbube.ch\/en\/wp-json\/wp\/v2\/product\/147977","targetHints":{"allow":["GET"]}}],"collection":[{"href":"https:\/\/pizbube.ch\/en\/wp-json\/wp\/v2\/product"}],"about":[{"href":"https:\/\/pizbube.ch\/en\/wp-json\/wp\/v2\/types\/product"}],"wp:featuredmedia":[{"embeddable":true,"href":"https:\/\/pizbube.ch\/en\/wp-json\/wp\/v2\/media\/168886"}],"wp:attachment":[{"href":"https:\/\/pizbube.ch\/en\/wp-json\/wp\/v2\/media?parent=147977"}],"wp:term":[{"taxonomy":"product_brand","embeddable":true,"href":"https:\/\/pizbube.ch\/en\/wp-json\/wp\/v2\/product_brand?post=147977"},{"taxonomy":"product_cat","embeddable":true,"href":"https:\/\/pizbube.ch\/en\/wp-json\/wp\/v2\/product_cat?post=147977"},{"taxonomy":"product_tag","embeddable":true,"href":"https:\/\/pizbube.ch\/en\/wp-json\/wp\/v2\/product_tag?post=147977"}],"curies":[{"name":"wp","href":"https:\/\/api.w.org\/{rel}","templated":true}]}}