{"id":147979,"date":"2021-01-15T10:56:23","date_gmt":"2021-01-15T10:56:23","guid":{"rendered":"https:\/\/codengine3.ch\/?product=import-placeholder-for-207604"},"modified":"2024-01-26T18:04:04","modified_gmt":"2024-01-26T17:04:04","slug":"adam-ondra","status":"publish","type":"product","link":"https:\/\/pizbube.ch\/en\/shop\/adam-ondra\/","title":{"rendered":"Adam Ondra"},"content":{"rendered":"<p>This coffee table book is mapping Adam&#8217;s life for the last two years with<br \/>\nseries of rock climbing pictures by the famous climbing photographer Bernardo<br \/>\nGimen\u00e9z, as well as sport climbing photos from Championship competitions by<br \/>\nLuk\u00e1\u0161 B\u00edba.<\/p>\n<p>All of them are also followed by a text from Adam himself describing his view<br \/>\non climbing, competitions, motivation, comfort zone, and many others.<\/p>\n<p>The book cover is made of a white textile. The high-quality paper with pure<br \/>\nconcept of photo printing will make this book to be a centrepiece of your<br \/>\nbookcase. (223 pages)<\/p>","protected":false},"excerpt":{"rendered":"<p>This coffee table book is mapping Adam&#8217;s life for the last two years with series of rock climbing pictures by the famous climbing photographer Bernardo Gimen\u00e9z, as well as sport climbing photos from Championship competitions by Luk\u00e1\u0161 B\u00edba. All of them are also followed by a text from Adam himself describing his view on climbing, [&#8230;]\n","protected":false},"featured_media":171351,"template":"","meta":[],"product_brand":[],"product_cat":[21542],"product_tag":[],"class_list":{"0":"post-147979","1":"product","2":"type-product","3":"status-publish","4":"has-post-thumbnail","6":"product_cat-sachbuecher-dokumentationen","7":"pa_autor-gimenez","8":"pa_erscheinungsjahr-21586","9":"pa_region-osteuropa","10":"pa_sprache-en","12":"first","13":"instock","14":"taxable","15":"shipping-taxable","16":"purchasable","17":"product-type-simple"},"_links":{"self":[{"href":"https:\/\/pizbube.ch\/en\/wp-json\/wp\/v2\/product\/147979","targetHints":{"allow":["GET"]}}],"collection":[{"href":"https:\/\/pizbube.ch\/en\/wp-json\/wp\/v2\/product"}],"about":[{"href":"https:\/\/pizbube.ch\/en\/wp-json\/wp\/v2\/types\/product"}],"wp:featuredmedia":[{"embeddable":true,"href":"https:\/\/pizbube.ch\/en\/wp-json\/wp\/v2\/media\/171351"}],"wp:attachment":[{"href":"https:\/\/pizbube.ch\/en\/wp-json\/wp\/v2\/media?parent=147979"}],"wp:term":[{"taxonomy":"product_brand","embeddable":true,"href":"https:\/\/pizbube.ch\/en\/wp-json\/wp\/v2\/product_brand?post=147979"},{"taxonomy":"product_cat","embeddable":true,"href":"https:\/\/pizbube.ch\/en\/wp-json\/wp\/v2\/product_cat?post=147979"},{"taxonomy":"product_tag","embeddable":true,"href":"https:\/\/pizbube.ch\/en\/wp-json\/wp\/v2\/product_tag?post=147979"}],"curies":[{"name":"wp","href":"https:\/\/api.w.org\/{rel}","templated":true}]}}