{"id":147980,"date":"2021-01-15T10:56:23","date_gmt":"2021-01-15T10:56:23","guid":{"rendered":"https:\/\/codengine3.ch\/?product=import-placeholder-for-200321"},"modified":"2023-03-25T11:00:17","modified_gmt":"2023-03-25T10:00:17","slug":"solothurn-olten-aarau","status":"publish","type":"product","link":"https:\/\/pizbube.ch\/en\/shop\/solothurn-olten-aarau\/","title":{"rendered":"Solothurn Olten Aarau"},"content":{"rendered":"<p>Wandern, wo die moderne Schweiz entstand: eine Spurensuche f\u00fcr Stadt- und<br \/>\nWeitwanderer. Der neue Bauer &amp; Frischknecht.<br \/>\nStreifz\u00fcge zwischen Aare und Jura<\/p>\n<p>\u00bbSolothurn Olten Aarau\u00ab ist ein Wanderbuch. Eine facettenreiche und<br \/>\n\u00fcberraschende Spurensuche in den St\u00e4dten von heute auf den Spuren von gestern.<br \/>\nDie drei St\u00e4dte zwischen Aare und Jura spiegeln die Entstehungsgeschichte der<br \/>\nmodernen Schweiz, vom Niedergang des Ancien R\u00e9gime bis zum Schweizer<br \/>\nBundesstaat von 1848 und zum Aufbruch ins Industriezeitalter.<\/p>\n<p>\u00bbSolothurn Olten Aarau\u00ab ist ein Lesebuch. Es l\u00e4sst Augenzeugen berichten vom<br \/>\nbarocken Solothurn der Ambassadoren und von Solothurns Kapitulation 1798,<br \/>\nerz\u00e4hlt vom \u00bbRu\u0308tli des Freisinns\u00ab anno 1830 in Balsthal, vom Tunnelbau am<br \/>\nHauenstein und der Entstehung der Eisenbahnerstadt Olten. Und f\u00fchrt durch die<br \/>\nerste Hauptstadt der<br \/>\nHelvetischen Republik, Aarau, wo sp\u00e4ter Sch\u00fctzen- und Turnerfeste Gottfried<br \/>\nKeller zum F\u00e4hnlein der sieben Aufrechten anregten.<\/p>\n<p>\u00bbSolothurn Olten Aarau\u00ab ist ein Buch f\u00fcr Weitwanderer. Mit einem langen<br \/>\nAarebummel und einer mehrt\u00e4gigen Wanderung \u00fcber die Jurah\u00f6hen werden auch sie<br \/>\nin Stimmung gebracht. Historische Stiche und Fotografien illustrieren die<br \/>\nVergangenheit, drei Portfolios der Fotografin Sabina Bobst zeichnen ein Bild<br \/>\nvon heute.<\/p>","protected":false},"excerpt":{"rendered":"<p>Wandern, wo die moderne Schweiz entstand: eine Spurensuche f\u00fcr Stadt- und Weitwanderer. Der neue Bauer &amp; Frischknecht. Streifz\u00fcge zwischen Aare und Jura \u00bbSolothurn Olten Aarau\u00ab ist ein Wanderbuch. Eine facettenreiche und \u00fcberraschende Spurensuche in den St\u00e4dten von heute auf den Spuren von gestern. Die drei St\u00e4dte zwischen Aare und Jura spiegeln die Entstehungsgeschichte der modernen [&#8230;]\n","protected":false},"featured_media":26540,"template":"","meta":[],"product_brand":[],"product_cat":[21605],"product_tag":[],"class_list":{"0":"post-147980","1":"product","2":"type-product","3":"status-publish","4":"has-post-thumbnail","6":"product_cat-wanderfuehrer-trekking","7":"pa_autor-bauer-frischknecht","8":"pa_erscheinungsjahr-21597","9":"pa_region-schweiz","10":"pa_sprache-de","12":"first","13":"onbackorder","14":"taxable","15":"shipping-taxable","16":"purchasable","17":"product-type-simple"},"_links":{"self":[{"href":"https:\/\/pizbube.ch\/en\/wp-json\/wp\/v2\/product\/147980","targetHints":{"allow":["GET"]}}],"collection":[{"href":"https:\/\/pizbube.ch\/en\/wp-json\/wp\/v2\/product"}],"about":[{"href":"https:\/\/pizbube.ch\/en\/wp-json\/wp\/v2\/types\/product"}],"wp:featuredmedia":[{"embeddable":true,"href":"https:\/\/pizbube.ch\/en\/wp-json\/wp\/v2\/media\/26540"}],"wp:attachment":[{"href":"https:\/\/pizbube.ch\/en\/wp-json\/wp\/v2\/media?parent=147980"}],"wp:term":[{"taxonomy":"product_brand","embeddable":true,"href":"https:\/\/pizbube.ch\/en\/wp-json\/wp\/v2\/product_brand?post=147980"},{"taxonomy":"product_cat","embeddable":true,"href":"https:\/\/pizbube.ch\/en\/wp-json\/wp\/v2\/product_cat?post=147980"},{"taxonomy":"product_tag","embeddable":true,"href":"https:\/\/pizbube.ch\/en\/wp-json\/wp\/v2\/product_tag?post=147980"}],"curies":[{"name":"wp","href":"https:\/\/api.w.org\/{rel}","templated":true}]}}