{"id":147981,"date":"2021-01-15T10:56:23","date_gmt":"2021-01-15T10:56:23","guid":{"rendered":"https:\/\/codengine3.ch\/?product=import-placeholder-for-203795"},"modified":"2021-07-10T09:02:28","modified_gmt":"2021-07-10T07:02:28","slug":"dort-oben-die-freiheit-streifzuege-durch-den-solothurner-jura","status":"publish","type":"product","link":"https:\/\/pizbube.ch\/en\/shop\/dort-oben-die-freiheit-streifzuege-durch-den-solothurner-jura\/","title":{"rendered":"Dort oben die Freiheit Streifz\u00fcge durch den Solothurner Jura"},"content":{"rendered":"<p>Eine wunderbare Entdeckungsreise in die nahe und doch wenig bekannte<br \/>\nLandschaft des Solothurner Juras.<br \/>\nDer Berg, wie der Jura in Solothurn genannt wird, ist mit seinem runden,<br \/>\nweiten R\u00fccken geduldig. Seine weichen Schultern setzen Bergg\u00e4nger nur selten<br \/>\neinem Bew\u00e4hrungsdruck aus. Der Jura ist nicht fordernd wie die Alpen. Er ist<br \/>\naber auch karg und ein ideales Projektionsfeld f\u00fcr alle m\u00f6glichen Sehns\u00fcchte.<br \/>\nDer Jura ist Lebensraum, Freiraum, Spielwiese von Zwergen und Hexen,<br \/>\nSagenland, Heiligenland. Aber auch Bombenleger hat er hervorgebracht,<br \/>\nf\u00fchrenden italienischen Kommunisten als Schulungsort gedient, und die Bauern<br \/>\nund Sennen vom Berg geh\u00f6rten meist nicht zu den Duckm\u00e4usern. Der Jura bietet<br \/>\nHeilung, etwa in der Form der unz\u00e4hligen Heilkr\u00e4uter, die sich in den mageren<br \/>\nBergmatten finden, und etliche Winkel gelten gar als Orte der Kraft. Von<br \/>\nalledem handelt dieses Buch.<br \/>\nNicht zuletzt f\u00fchrt es Leserinnen und Leser mit auf k\u00fcrzere und ausgedehnte<br \/>\nWanderungen durch diese besondere Jura-Landschaft.<\/p>","protected":false},"excerpt":{"rendered":"<p>Eine wunderbare Entdeckungsreise in die nahe und doch wenig bekannte Landschaft des Solothurner Juras. Der Berg, wie der Jura in Solothurn genannt wird, ist mit seinem runden, weiten R\u00fccken geduldig. Seine weichen Schultern setzen Bergg\u00e4nger nur selten einem Bew\u00e4hrungsdruck aus. Der Jura ist nicht fordernd wie die Alpen. Er ist aber auch karg und ein [&#8230;]\n","protected":false},"featured_media":31481,"template":"","meta":[],"product_brand":[],"product_cat":[21605],"product_tag":[],"class_list":{"0":"post-147981","1":"product","2":"type-product","3":"status-publish","4":"has-post-thumbnail","6":"product_cat-wanderfuehrer-trekking","7":"pa_autor-hafner","8":"pa_erscheinungsjahr-21776","9":"pa_region-schweiz","10":"pa_sprache-de","12":"first","13":"outofstock","14":"taxable","15":"shipping-taxable","16":"purchasable","17":"product-type-simple"},"_links":{"self":[{"href":"https:\/\/pizbube.ch\/en\/wp-json\/wp\/v2\/product\/147981","targetHints":{"allow":["GET"]}}],"collection":[{"href":"https:\/\/pizbube.ch\/en\/wp-json\/wp\/v2\/product"}],"about":[{"href":"https:\/\/pizbube.ch\/en\/wp-json\/wp\/v2\/types\/product"}],"wp:featuredmedia":[{"embeddable":true,"href":"https:\/\/pizbube.ch\/en\/wp-json\/wp\/v2\/media\/31481"}],"wp:attachment":[{"href":"https:\/\/pizbube.ch\/en\/wp-json\/wp\/v2\/media?parent=147981"}],"wp:term":[{"taxonomy":"product_brand","embeddable":true,"href":"https:\/\/pizbube.ch\/en\/wp-json\/wp\/v2\/product_brand?post=147981"},{"taxonomy":"product_cat","embeddable":true,"href":"https:\/\/pizbube.ch\/en\/wp-json\/wp\/v2\/product_cat?post=147981"},{"taxonomy":"product_tag","embeddable":true,"href":"https:\/\/pizbube.ch\/en\/wp-json\/wp\/v2\/product_tag?post=147981"}],"curies":[{"name":"wp","href":"https:\/\/api.w.org\/{rel}","templated":true}]}}