{"id":147982,"date":"2021-01-15T10:56:23","date_gmt":"2021-01-15T10:56:23","guid":{"rendered":"https:\/\/codengine3.ch\/?product=import-placeholder-for-207009"},"modified":"2024-04-26T10:37:06","modified_gmt":"2024-04-26T08:37:06","slug":"kletterfuehrer-solothurner-jura-jura-soleurois-guide-descalade","status":"publish","type":"product","link":"https:\/\/pizbube.ch\/en\/shop\/kletterfuehrer-solothurner-jura-jura-soleurois-guide-descalade\/","title":{"rendered":"Kletterf\u00fchrer Solothurner Jura \/ Jura Soleurois Guide d`escalade"},"content":{"rendered":"<p>Grenchen \/ Solothurn \/ Balsthal \/ Olten \/ Aarau \/ Baden<\/p>\n<p>Dieser zweisprachige F\u00fchrer deckt die vielen sch\u00f6nen Klettergebiete des<br \/>\nSolothurner Juras von den H\u00f6hen oberhalb von Grenchen \u00fcber die Region Balsthal<br \/>\nbis nach Baden (AG) ab. Nicht weniger als 1700 Routen in jedem<br \/>\nSchwierigkeitsgrad sind detailliert beschrieben, und viele Fotos erg\u00e4nzen die<br \/>\nsorgf\u00e4ltigen Skizzen der 36 Sektoren. Ein Dossier \u00fcber Geschichte, Geologie<br \/>\nund Natur sowie Hinweise auf landschaftliche Sehensw\u00fcrdigkeiten runden den<br \/>\nF\u00fchrer ab.<\/p>\n<p>Deutsch\/Fran\u00e7ais, 288 Seiten, farbig, Softcover<\/p>\n<p>Des hauteurs de Granges (SO) aux derniers ressauts de Baden, en passant par la<br \/>\nr\u00e9gion de Balsthal, ce guide en deux langues d\u00e9crit une magnifique r\u00e9gion<br \/>\nriche en sites d\u2019escalade de toute beaut\u00e9.<\/p>\n<p>Pas moins de 1700 voies de tous niveaux y sont d\u00e9crites avec pr\u00e9cisions. De<br \/>\nnombreuses photos illustrent \u00e0 merveille les croquis des 36 secteurs. Un<br \/>\ndossier (histoire, g\u00e9ologie et nature) et des indications sur les curiosit\u00e9s<br \/>\nnaturelles compl\u00e8tent l\u2019ensemble.<br \/>\nDeutsch\/Fran\u00e7ais, 288 pages, 35 cartes synoptiques, 140 topos des voies, 7<br \/>\nitin\u00e9raires sur photos noir-rouge, 59 itin\u00e9raires sur photos en couleur,<\/p>\n<p>200 photos en couleur, 4 photos noir-blanc<\/p>","protected":false},"excerpt":{"rendered":"<ul>\n<li><a href=\"https:\/\/pizbube.ch\/wp-content\/uploads\/attachments\/a_016\/62A7D5BFFCE285AE9AFD0580DD91B900.pdf\" target=\"_blank\" rel=\"noopener\">PDF: Leseprobe_Kletterf\u00fchrer_Solothurner_Jura<\/a><\/li>\n<\/ul>","protected":false},"featured_media":156372,"template":"","meta":[],"product_brand":[],"product_cat":[21539],"product_tag":[],"class_list":{"0":"post-147982","1":"product","2":"type-product","3":"status-publish","4":"has-post-thumbnail","6":"product_cat-fuehrerliteratur-sportklettern-bouldern","7":"pa_autor-girardin","8":"pa_erscheinungsjahr-21621","9":"pa_region-schweiz","10":"pa_sprache-de-fr","12":"first","13":"outofstock","14":"taxable","15":"shipping-taxable","16":"purchasable","17":"product-type-simple"},"_links":{"self":[{"href":"https:\/\/pizbube.ch\/en\/wp-json\/wp\/v2\/product\/147982","targetHints":{"allow":["GET"]}}],"collection":[{"href":"https:\/\/pizbube.ch\/en\/wp-json\/wp\/v2\/product"}],"about":[{"href":"https:\/\/pizbube.ch\/en\/wp-json\/wp\/v2\/types\/product"}],"wp:featuredmedia":[{"embeddable":true,"href":"https:\/\/pizbube.ch\/en\/wp-json\/wp\/v2\/media\/156372"}],"wp:attachment":[{"href":"https:\/\/pizbube.ch\/en\/wp-json\/wp\/v2\/media?parent=147982"}],"wp:term":[{"taxonomy":"product_brand","embeddable":true,"href":"https:\/\/pizbube.ch\/en\/wp-json\/wp\/v2\/product_brand?post=147982"},{"taxonomy":"product_cat","embeddable":true,"href":"https:\/\/pizbube.ch\/en\/wp-json\/wp\/v2\/product_cat?post=147982"},{"taxonomy":"product_tag","embeddable":true,"href":"https:\/\/pizbube.ch\/en\/wp-json\/wp\/v2\/product_tag?post=147982"}],"curies":[{"name":"wp","href":"https:\/\/api.w.org\/{rel}","templated":true}]}}