{"id":147983,"date":"2021-01-15T10:56:23","date_gmt":"2021-01-15T10:56:23","guid":{"rendered":"https:\/\/codengine3.ch\/?product=import-placeholder-for-206241"},"modified":"2026-02-21T09:04:49","modified_gmt":"2026-02-21T08:04:49","slug":"die-roestigraben-route","status":"publish","type":"product","link":"https:\/\/pizbube.ch\/en\/shop\/die-roestigraben-route\/","title":{"rendered":"Die R\u00f6stigraben-Route"},"content":{"rendered":"<p>Zu Fu\u00df vom Jura bis zum Matterhorn<\/p>\n<p>Gr\u00fcezi \u2013 Bonjour! Ausfl\u00fcge und Begegnungen an der Sprachgrenze zwischen<br \/>\nRomandie und Deutschschweiz.<br \/>\nDie Grenze zwischen Deutsch- und Westschweiz \u2013 der R\u00f6stigraben \u2013 ist auch eine<br \/>\nKulturgrenze und der &#8218;Zankapfel&#8216; aller Diskussionen um schwei\u00adzerische<br \/>\nIdentit\u00e4t. Wir wollen wandernd ergr\u00fcnden, ob der viel beschworene und<br \/>\nbeschimpfte Graben wirklich existiert und wie die Menschen hier leben.<br \/>\nAuf dem Sprachgrenzweg vom Jura zum Matterhorn erwarten uns nicht nur<br \/>\ninteressante Begegnungen links und rechts des R\u00f6stigrabens, sondern auch wenig<br \/>\nbekannte Landschaften. Die Route f\u00fchrt quer durch die Schweiz, \u00fcber den Jura,<br \/>\ndurch das Mittelland, in die Voralpen und \u00fcber<br \/>\ndie Alpen, von Neum\u00fchle im L\u00fctzeltal bis an den Fu\u00df des Matterhorns. Unterwegs<br \/>\ntreffen wir auf gr\u00f6\u00dfere und kleinere D\u00f6rfer und St\u00e4dte wie Biel\/Bienne oder<br \/>\nFribourg\/Freiburg, aber auch auf einsame Landstriche.<br \/>\nDie Route ist in 22 Tagesetappen unterteilt. Unterwegs weist der Wanderf\u00fchrer<br \/>\nimmer wieder auf Vorder- und Hintergr\u00fcndiges, auf Ge\u00adschichten und<br \/>\nGeschichtliches hin, zum Beispiel auf das jurassische Dorf, das vier Jahre<br \/>\nlang eine freie Republik war, oder auf die freibur\u00adgische Ferienhaussiedlung,<br \/>\nmit der es eines Tages buchst\u00e4blich bergab ging. Nat\u00fcrlich fehlen auch<br \/>\nausf\u00fchrliche Informationen zu Wegen, Unterk\u00fcnften und Restaurants nicht.<\/p>","protected":false},"excerpt":{"rendered":"<p>Zu Fu\u00df vom Jura bis zum Matterhorn Gr\u00fcezi \u2013 Bonjour! Ausfl\u00fcge und Begegnungen an der Sprachgrenze zwischen Romandie und Deutschschweiz. Die Grenze zwischen Deutsch- und Westschweiz \u2013 der R\u00f6stigraben \u2013 ist auch eine Kulturgrenze und der &#8218;Zankapfel&#8216; aller Diskussionen um schwei\u00adzerische Identit\u00e4t. Wir wollen wandernd ergr\u00fcnden, ob der viel beschworene und beschimpfte Graben wirklich existiert [&#8230;]\n","protected":false},"featured_media":35213,"template":"","meta":[],"product_brand":[],"product_cat":[21605],"product_tag":[],"class_list":{"0":"post-147983","1":"product","2":"type-product","3":"status-publish","4":"has-post-thumbnail","6":"product_cat-wanderfuehrer-trekking","7":"pa_autor-bachmann","8":"pa_erscheinungsjahr-21830","9":"pa_region-schweiz","10":"pa_sprache-de","12":"first","13":"instock","14":"taxable","15":"shipping-taxable","16":"purchasable","17":"product-type-simple"},"_links":{"self":[{"href":"https:\/\/pizbube.ch\/en\/wp-json\/wp\/v2\/product\/147983","targetHints":{"allow":["GET"]}}],"collection":[{"href":"https:\/\/pizbube.ch\/en\/wp-json\/wp\/v2\/product"}],"about":[{"href":"https:\/\/pizbube.ch\/en\/wp-json\/wp\/v2\/types\/product"}],"wp:featuredmedia":[{"embeddable":true,"href":"https:\/\/pizbube.ch\/en\/wp-json\/wp\/v2\/media\/35213"}],"wp:attachment":[{"href":"https:\/\/pizbube.ch\/en\/wp-json\/wp\/v2\/media?parent=147983"}],"wp:term":[{"taxonomy":"product_brand","embeddable":true,"href":"https:\/\/pizbube.ch\/en\/wp-json\/wp\/v2\/product_brand?post=147983"},{"taxonomy":"product_cat","embeddable":true,"href":"https:\/\/pizbube.ch\/en\/wp-json\/wp\/v2\/product_cat?post=147983"},{"taxonomy":"product_tag","embeddable":true,"href":"https:\/\/pizbube.ch\/en\/wp-json\/wp\/v2\/product_tag?post=147983"}],"curies":[{"name":"wp","href":"https:\/\/api.w.org\/{rel}","templated":true}]}}