{"id":147984,"date":"2021-01-15T10:56:23","date_gmt":"2021-01-15T10:56:23","guid":{"rendered":"https:\/\/codengine3.ch\/?product=import-placeholder-for-202057"},"modified":"2021-01-15T12:32:58","modified_gmt":"2021-01-15T12:32:58","slug":"querungen-dreimal-zu-fuss-durch-die-schweiz","status":"publish","type":"product","link":"https:\/\/pizbube.ch\/en\/shop\/querungen-dreimal-zu-fuss-durch-die-schweiz\/","title":{"rendered":"Querungen, Dreimal zu Fuss durch die Schweiz"},"content":{"rendered":"<p>Beschrieben sind 3 thematische Wanderrouten von Basel aus: dem Rhein entlang<br \/>\nins Vorarlberg (Wasserwerke), \u00fcber den Gotthard nach Como (Schutz und Trutz)<br \/>\nund \u00fcber Biel nach Savoyen.<\/p>\n<p>Zu Fu\u00df quer durch die Schweiz \u2013 verbl\u00fcffend, wie solche \u00bbQuerungen\u00ab das Bild<br \/>\ndes Landes ver\u00e4ndern und erg\u00e4nzen. Abseits von Haupt-Reiserouten und<br \/>\nklischeehaften Touristenattraktionen wird die Schweiz in ihrer Vielfalt<br \/>\nerlebbar.<br \/>\nMargrit und J\u00fcrgen Wiegand stellen drei thematische Wanderrouten von Basel aus<br \/>\nvor: Diese f\u00fchren dem Rhein entlang bis nach Vorarlberg (\u00bbWasserwerke\u00ab), \u00fcber<br \/>\nLuzern und den Gotthard nach Como (\u00bbSchutz und Trutz\u00ab) und \u00fcber Biel der<br \/>\nfranz\u00f6sisch-deutschen Sprachgrenze entlang bis nach Savoyen (\u00bbKultur-<br \/>\nGrenzschl\u00e4ngeln\u00ab).<br \/>\nDie Routen m\u00fcssen nicht Etappe f\u00fcr Etappe erwandert werden, doch die<br \/>\nKonsequenz steigert das Erebnis. Sp\u00fcr- und sichtbar werden so gleitende<br \/>\n\u00dcberg\u00e4nge von n\u00f6rdlicher in s\u00fcdliche Vegetation in der Leventina, von der<br \/>\nh\u00fcgeligen Saane-Landschaft in die Bergebiete des Greyerzer Landes oder vom<br \/>\nurspr\u00fcnglichen Rheinbett bei Koblenz zum neu gestalteten Flusslauf bei<br \/>\nReckingen.<\/p>","protected":false},"excerpt":{"rendered":"<p>Beschrieben sind 3 thematische Wanderrouten von Basel aus: dem Rhein entlang ins Vorarlberg (Wasserwerke), \u00fcber den Gotthard nach Como (Schutz und Trutz) und \u00fcber Biel nach Savoyen. Zu Fu\u00df quer durch die Schweiz \u2013 verbl\u00fcffend, wie solche \u00bbQuerungen\u00ab das Bild des Landes ver\u00e4ndern und erg\u00e4nzen. Abseits von Haupt-Reiserouten und klischeehaften Touristenattraktionen wird die Schweiz in [&#8230;]\n","protected":false},"featured_media":29439,"template":"","meta":[],"product_brand":[],"product_cat":[21605],"product_tag":[],"class_list":{"0":"post-147984","1":"product","2":"type-product","3":"status-publish","4":"has-post-thumbnail","6":"product_cat-wanderfuehrer-trekking","7":"pa_autor-wiegand","8":"pa_erscheinungsjahr-21750","9":"pa_region-schweiz","10":"pa_sprache-de","12":"first","13":"outofstock","14":"taxable","15":"shipping-taxable","16":"purchasable","17":"product-type-simple"},"_links":{"self":[{"href":"https:\/\/pizbube.ch\/en\/wp-json\/wp\/v2\/product\/147984","targetHints":{"allow":["GET"]}}],"collection":[{"href":"https:\/\/pizbube.ch\/en\/wp-json\/wp\/v2\/product"}],"about":[{"href":"https:\/\/pizbube.ch\/en\/wp-json\/wp\/v2\/types\/product"}],"wp:featuredmedia":[{"embeddable":true,"href":"https:\/\/pizbube.ch\/en\/wp-json\/wp\/v2\/media\/29439"}],"wp:attachment":[{"href":"https:\/\/pizbube.ch\/en\/wp-json\/wp\/v2\/media?parent=147984"}],"wp:term":[{"taxonomy":"product_brand","embeddable":true,"href":"https:\/\/pizbube.ch\/en\/wp-json\/wp\/v2\/product_brand?post=147984"},{"taxonomy":"product_cat","embeddable":true,"href":"https:\/\/pizbube.ch\/en\/wp-json\/wp\/v2\/product_cat?post=147984"},{"taxonomy":"product_tag","embeddable":true,"href":"https:\/\/pizbube.ch\/en\/wp-json\/wp\/v2\/product_tag?post=147984"}],"curies":[{"name":"wp","href":"https:\/\/api.w.org\/{rel}","templated":true}]}}