{"id":147985,"date":"2021-01-15T10:56:23","date_gmt":"2021-01-15T10:56:23","guid":{"rendered":"https:\/\/codengine3.ch\/?product=import-placeholder-for-201241"},"modified":"2021-01-15T11:59:48","modified_gmt":"2021-01-15T11:59:48","slug":"wanderbuch-aargau","status":"publish","type":"product","link":"https:\/\/pizbube.ch\/en\/shop\/wanderbuch-aargau\/","title":{"rendered":"Wanderbuch Aargau"},"content":{"rendered":"<p>Auf rund 30 Wanderungen lassen sich alle Teile des Aargaus erkunden. Begleitet<br \/>\nvon zahlreichen Bildern berichten die Texte \u00fcber herausragende<br \/>\nNatursch\u00f6nheiten und interessante Kulturdenkm\u00e4ler und zeigen spannende<br \/>\nZusammenh\u00e4nge auf.<\/p>\n<p>Die vorgestellten Routen sind einfach bis mittelschwer, zwischen 10 und 15<br \/>\nKilometern lang und<br \/>\nmit dem \u00f6ffentlichen Verkehr gut erreichbar. Mit detaillierten<br \/>\nRoutenbeschreibungen, \u00dcbersichtskarten und erstklassigen Fotografien<\/p>","protected":false},"excerpt":{"rendered":"<p>Auf rund 30 Wanderungen lassen sich alle Teile des Aargaus erkunden. Begleitet von zahlreichen Bildern berichten die Texte \u00fcber herausragende Natursch\u00f6nheiten und interessante Kulturdenkm\u00e4ler und zeigen spannende Zusammenh\u00e4nge auf. Die vorgestellten Routen sind einfach bis mittelschwer, zwischen 10 und 15 Kilometern lang und mit dem \u00f6ffentlichen Verkehr gut erreichbar. Mit detaillierten Routenbeschreibungen, \u00dcbersichtskarten und erstklassigen [&#8230;]\n","protected":false},"featured_media":28521,"template":"","meta":[],"product_brand":[],"product_cat":[21605],"product_tag":[],"class_list":{"0":"post-147985","1":"product","2":"type-product","3":"status-publish","4":"has-post-thumbnail","6":"product_cat-wanderfuehrer-trekking","7":"pa_autor-siegrist","8":"pa_erscheinungsjahr-21571","9":"pa_region-schweiz","10":"pa_sprache-de","12":"first","13":"instock","14":"taxable","15":"shipping-taxable","16":"purchasable","17":"product-type-simple"},"_links":{"self":[{"href":"https:\/\/pizbube.ch\/en\/wp-json\/wp\/v2\/product\/147985","targetHints":{"allow":["GET"]}}],"collection":[{"href":"https:\/\/pizbube.ch\/en\/wp-json\/wp\/v2\/product"}],"about":[{"href":"https:\/\/pizbube.ch\/en\/wp-json\/wp\/v2\/types\/product"}],"wp:featuredmedia":[{"embeddable":true,"href":"https:\/\/pizbube.ch\/en\/wp-json\/wp\/v2\/media\/28521"}],"wp:attachment":[{"href":"https:\/\/pizbube.ch\/en\/wp-json\/wp\/v2\/media?parent=147985"}],"wp:term":[{"taxonomy":"product_brand","embeddable":true,"href":"https:\/\/pizbube.ch\/en\/wp-json\/wp\/v2\/product_brand?post=147985"},{"taxonomy":"product_cat","embeddable":true,"href":"https:\/\/pizbube.ch\/en\/wp-json\/wp\/v2\/product_cat?post=147985"},{"taxonomy":"product_tag","embeddable":true,"href":"https:\/\/pizbube.ch\/en\/wp-json\/wp\/v2\/product_tag?post=147985"}],"curies":[{"name":"wp","href":"https:\/\/api.w.org\/{rel}","templated":true}]}}