{"id":147986,"date":"2021-01-15T10:56:23","date_gmt":"2021-01-15T10:56:23","guid":{"rendered":"https:\/\/codengine3.ch\/?product=import-placeholder-for-200322"},"modified":"2025-04-03T09:17:16","modified_gmt":"2025-04-03T07:17:16","slug":"die-schoensten-singletrails-der-alpen","status":"publish","type":"product","link":"https:\/\/pizbube.ch\/en\/shop\/die-schoensten-singletrails-der-alpen\/","title":{"rendered":"Die sch\u00f6nsten Singletrails der Alpen"},"content":{"rendered":"<p>20 traumhafte Bike-Pfade in Deutschland, \u00d6sterreich, Italien, Frankreich und<br \/>\nder Schweiz<\/p>\n<p>Trails f\u00fcr Genie\u00dfer Singletrails. Das sind stille, schmale Pfade abseits der<br \/>\nSzene-Treffpunkte, spannende Abfahrten jenseits des Downhill-Rummels, flowige<br \/>\nKurvenfolgen inmitten \u00fcberw\u00e4ltigender Landschaften. Dieses Buch stellt eine<br \/>\nAuswahl spektakul\u00e4r sch\u00f6ner Alpentrails aus Deutschland, \u00d6sterreich, Italien,<br \/>\nFrankreich und der Schweiz vor. Fantastische Shots der besten Bike-Fotografen,<br \/>\nRoutenkarten und ansteckend enthusiastische Beschreibungen lassen den Leser<br \/>\nspontan zu Helm und Bikeschuhen greifen: lesen, losfahren, selbst entdecken!<br \/>\nDas Buch enth\u00e4lt unter anderem Trails in folgenden Regionen: Deutschland:<br \/>\nKampenwand, Tegernsee, Garmisch-Partenkirchen \u00d6sterreich: \u00d6tztal, Neukirchen<br \/>\nund Saalbach Schweiz: Zermatt, Verbier, St. Moritz und Davos Italien: Bozen,<br \/>\nKaltern und Dolomiten Frankreich: Alpe d\u00b4Huez und Portes du Soleil<br \/>\nSpecials: Dolomiti Freeride, Haute Route<\/p>","protected":false},"excerpt":{"rendered":"<p>20 traumhafte Bike-Pfade in Deutschland, \u00d6sterreich, Italien, Frankreich und der Schweiz Trails f\u00fcr Genie\u00dfer Singletrails. Das sind stille, schmale Pfade abseits der Szene-Treffpunkte, spannende Abfahrten jenseits des Downhill-Rummels, flowige Kurvenfolgen inmitten \u00fcberw\u00e4ltigender Landschaften. Dieses Buch stellt eine Auswahl spektakul\u00e4r sch\u00f6ner Alpentrails aus Deutschland, \u00d6sterreich, Italien, Frankreich und der Schweiz vor. Fantastische Shots der besten Bike-Fotografen, [&#8230;]\n","protected":false},"featured_media":26544,"template":"","meta":[],"product_brand":[],"product_cat":[21606],"product_tag":[],"class_list":{"0":"post-147986","1":"product","2":"type-product","3":"status-publish","4":"has-post-thumbnail","6":"product_cat-mountainbikefuehrer","7":"pa_autor-meyer","8":"pa_erscheinungsjahr-21621","9":"pa_region-schweiz","10":"pa_sprache-de","12":"first","13":"outofstock","14":"taxable","15":"shipping-taxable","16":"purchasable","17":"product-type-simple"},"_links":{"self":[{"href":"https:\/\/pizbube.ch\/en\/wp-json\/wp\/v2\/product\/147986","targetHints":{"allow":["GET"]}}],"collection":[{"href":"https:\/\/pizbube.ch\/en\/wp-json\/wp\/v2\/product"}],"about":[{"href":"https:\/\/pizbube.ch\/en\/wp-json\/wp\/v2\/types\/product"}],"wp:featuredmedia":[{"embeddable":true,"href":"https:\/\/pizbube.ch\/en\/wp-json\/wp\/v2\/media\/26544"}],"wp:attachment":[{"href":"https:\/\/pizbube.ch\/en\/wp-json\/wp\/v2\/media?parent=147986"}],"wp:term":[{"taxonomy":"product_brand","embeddable":true,"href":"https:\/\/pizbube.ch\/en\/wp-json\/wp\/v2\/product_brand?post=147986"},{"taxonomy":"product_cat","embeddable":true,"href":"https:\/\/pizbube.ch\/en\/wp-json\/wp\/v2\/product_cat?post=147986"},{"taxonomy":"product_tag","embeddable":true,"href":"https:\/\/pizbube.ch\/en\/wp-json\/wp\/v2\/product_tag?post=147986"}],"curies":[{"name":"wp","href":"https:\/\/api.w.org\/{rel}","templated":true}]}}