{"id":147987,"date":"2021-01-15T10:56:23","date_gmt":"2021-01-15T10:56:23","guid":{"rendered":"https:\/\/codengine3.ch\/?product=import-placeholder-for-206522"},"modified":"2025-04-03T09:16:19","modified_gmt":"2025-04-03T07:16:19","slug":"singletrails-in-den-schweizer-alpen","status":"publish","type":"product","link":"https:\/\/pizbube.ch\/en\/shop\/singletrails-in-den-schweizer-alpen\/","title":{"rendered":"Die sch\u00f6nsten Trails der Schweiz"},"content":{"rendered":"<div class=\"font-serif font-bold leading-snug md:leading-snug text-lg md:text-xl mb-3\"><span class=\"\">44 Touren zum Budgetpreis<\/span><\/div>\n<div><\/div>\n<div>\n<p>P\u00e4sse im Sturm erobern, idyllische T\u00e4ler durchfahren \u2013 die Alpen sind das Eldorado f\u00fcr Mountainbiker. Den Fahrtwind im Gesicht, das Gel\u00e4ut der Kuhglocken im Ohr und immer eine neue Herausforderung vor der Nase, wird hier jede Fahrradtour zum Abenteuer. F\u00fcr alle, die auf der Suche nach den sch\u00f6nsten Trails sind, bieten die Schweizer Berge einzigartige Transalp-Touren vor spektakul\u00e4ren Kulissen!<\/p>\n<p>Der Schweizer und passionierte MTB-Fan J\u00fcrg Buschor pr\u00e4sentiert auf \u00fcber 180 Seiten die 44 sch\u00f6nsten Trails in den Kantonen Graub\u00fcnden, Wallis und Tessin. Dabei gibt er nicht nur Tipps f\u00fcr eine gute Fahrt, sondern auch f\u00fcr g\u00fcnstige \u00dcbernachtungsm\u00f6glichkeiten. So gelingt der Urlaub in den Bergen zum Budgetpreis.<\/p>\n<p>Die 44 besten Mountainbike-Touren in den Schweizer Alpen<\/p>\n<p>Das Veloland Schweiz hat viel zu bieten. Fahren Sie gern gem\u00fctlich durch liebliche H\u00fcgellandschaften oder jagen Sie lieber in rasanten Abfahrten die Passstra\u00dfen hinab? Jede der einzigartigen Mountainbike-Strecken in diesem Buch f\u00fchrt Sie durch atemberaubende Landschaften mit Panoramablick auf schneebedeckte Viertausender, glitzernde Seen und malerische Bergd\u00f6rfer.<\/p>\n<ul>\n<li>44 Trails mit Beschreibung: Fimberpass, Alp Mora, Monte Generoso und viele mehr<\/li>\n<li>Karten mit Tourenverlauf und H\u00f6henprofilen<\/li>\n<li>Alle Fakten zu jedem Trail: Fahrzeit, Schwierigkeit, Distanz und H\u00f6henmeter<\/li>\n<li>GPS-Daten f\u00fcr alle Touren zum Download<\/li>\n<li>Tipps zu g\u00fcnstigen Unterk\u00fcnften, Restaurants und Bike-Stationen<\/li>\n<li>Gro\u00dfformatige Fotos machen sofort Lust aufs Losfahren<\/li>\n<\/ul>\n<p>Schwingen Sie sich auf den Sattel und erkunden Sie die aufsehenerregende Landschaft der Schweizer Alpen \u2013 Bike-Abenteuer pur!<\/p>\n<\/div>\n<p>3., erweiterte Auflage 2023<\/p>","protected":false},"excerpt":{"rendered":"<p>44 Touren zum Budgetpreis P\u00e4sse im Sturm erobern, idyllische T\u00e4ler durchfahren \u2013 die Alpen sind das Eldorado f\u00fcr Mountainbiker. Den Fahrtwind im Gesicht, das Gel\u00e4ut der Kuhglocken im Ohr und immer eine neue Herausforderung vor der Nase, wird hier jede Fahrradtour zum Abenteuer. F\u00fcr alle, die auf der Suche nach den sch\u00f6nsten Trails sind, bieten [&#8230;]\n","protected":false},"featured_media":179157,"template":"","meta":[],"product_brand":[],"product_cat":[21606],"product_tag":[],"class_list":{"0":"post-147987","1":"product","2":"type-product","3":"status-publish","4":"has-post-thumbnail","6":"product_cat-mountainbikefuehrer","7":"pa_autor-buschor","8":"pa_erscheinungsjahr-27129","9":"pa_region-schweiz","10":"pa_sprache-de","12":"first","13":"instock","14":"taxable","15":"shipping-taxable","16":"purchasable","17":"product-type-simple"},"_links":{"self":[{"href":"https:\/\/pizbube.ch\/en\/wp-json\/wp\/v2\/product\/147987","targetHints":{"allow":["GET"]}}],"collection":[{"href":"https:\/\/pizbube.ch\/en\/wp-json\/wp\/v2\/product"}],"about":[{"href":"https:\/\/pizbube.ch\/en\/wp-json\/wp\/v2\/types\/product"}],"wp:featuredmedia":[{"embeddable":true,"href":"https:\/\/pizbube.ch\/en\/wp-json\/wp\/v2\/media\/179157"}],"wp:attachment":[{"href":"https:\/\/pizbube.ch\/en\/wp-json\/wp\/v2\/media?parent=147987"}],"wp:term":[{"taxonomy":"product_brand","embeddable":true,"href":"https:\/\/pizbube.ch\/en\/wp-json\/wp\/v2\/product_brand?post=147987"},{"taxonomy":"product_cat","embeddable":true,"href":"https:\/\/pizbube.ch\/en\/wp-json\/wp\/v2\/product_cat?post=147987"},{"taxonomy":"product_tag","embeddable":true,"href":"https:\/\/pizbube.ch\/en\/wp-json\/wp\/v2\/product_tag?post=147987"}],"curies":[{"name":"wp","href":"https:\/\/api.w.org\/{rel}","templated":true}]}}