{"id":147989,"date":"2021-01-15T10:56:23","date_gmt":"2021-01-15T10:56:23","guid":{"rendered":"https:\/\/codengine3.ch\/?product=import-placeholder-for-206482"},"modified":"2021-01-15T14:49:15","modified_gmt":"2021-01-15T14:49:15","slug":"mountainbike-treks-suedtirol-und-dolomiten","status":"publish","type":"product","link":"https:\/\/pizbube.ch\/en\/shop\/mountainbike-treks-suedtirol-und-dolomiten\/","title":{"rendered":"Mountainbike Treks &#8211; S\u00fcdtirol und Dolomiten"},"content":{"rendered":"<p>Mountainbiketouren auf der Sonnenseite der Alpen  <\/p>\n<p>S\u00fcdtirol und Dolomiten \u2013 eine der sch\u00f6nsten und abwechslungsreichsten<br \/>\nGebirgslandschaften der Alpen. Auf uralten Handelswegen geht es steil bergauf;<br \/>\nMilit\u00e4r- und K\u00f6hlerpfade f\u00fchren durch tiefe W\u00e4lder zu abgelegenen Almen,<br \/>\nvorbei an Schluchten, D\u00f6rfern, Steinw\u00fcsten.<br \/>\nDieses Buch bietet 39 Touren in 11 Regionen von S\u00fcdtirol und den Dolomiten f\u00fcr<br \/>\njedes Niveau. Mit Tourencharakteristik, GPS-Tracks, Karten und H\u00f6hnprofilen.<br \/>\nDie dazugeh\u00f6rige CD liefert alles Wichtige zum Download.<br \/>\n192 Seiten, mit CD ca. 160 Abbildungen.  <\/p>","protected":false},"excerpt":{"rendered":"<p>Mountainbiketouren auf der Sonnenseite der Alpen S\u00fcdtirol und Dolomiten \u2013 eine der sch\u00f6nsten und abwechslungsreichsten Gebirgslandschaften der Alpen. Auf uralten Handelswegen geht es steil bergauf; Milit\u00e4r- und K\u00f6hlerpfade f\u00fchren durch tiefe W\u00e4lder zu abgelegenen Almen, vorbei an Schluchten, D\u00f6rfern, Steinw\u00fcsten. Dieses Buch bietet 39 Touren in 11 Regionen von S\u00fcdtirol und den Dolomiten f\u00fcr jedes [&#8230;]\n","protected":false},"featured_media":35530,"template":"","meta":[],"product_brand":[],"product_cat":[21606],"product_tag":[],"class_list":{"0":"post-147989","1":"product","2":"type-product","3":"status-publish","4":"has-post-thumbnail","6":"product_cat-mountainbikefuehrer","7":"pa_autor-preunkert-kreutzer-pietschmann","8":"pa_erscheinungsjahr-21610","9":"pa_region-italien","10":"pa_sprache-de","12":"first","13":"outofstock","14":"taxable","15":"shipping-taxable","16":"purchasable","17":"product-type-simple"},"_links":{"self":[{"href":"https:\/\/pizbube.ch\/en\/wp-json\/wp\/v2\/product\/147989","targetHints":{"allow":["GET"]}}],"collection":[{"href":"https:\/\/pizbube.ch\/en\/wp-json\/wp\/v2\/product"}],"about":[{"href":"https:\/\/pizbube.ch\/en\/wp-json\/wp\/v2\/types\/product"}],"wp:featuredmedia":[{"embeddable":true,"href":"https:\/\/pizbube.ch\/en\/wp-json\/wp\/v2\/media\/35530"}],"wp:attachment":[{"href":"https:\/\/pizbube.ch\/en\/wp-json\/wp\/v2\/media?parent=147989"}],"wp:term":[{"taxonomy":"product_brand","embeddable":true,"href":"https:\/\/pizbube.ch\/en\/wp-json\/wp\/v2\/product_brand?post=147989"},{"taxonomy":"product_cat","embeddable":true,"href":"https:\/\/pizbube.ch\/en\/wp-json\/wp\/v2\/product_cat?post=147989"},{"taxonomy":"product_tag","embeddable":true,"href":"https:\/\/pizbube.ch\/en\/wp-json\/wp\/v2\/product_tag?post=147989"}],"curies":[{"name":"wp","href":"https:\/\/api.w.org\/{rel}","templated":true}]}}