{"id":147990,"date":"2021-01-15T10:56:23","date_gmt":"2021-01-15T10:56:23","guid":{"rendered":"https:\/\/codengine3.ch\/?product=import-placeholder-for-203342"},"modified":"2021-01-15T14:22:18","modified_gmt":"2021-01-15T14:22:18","slug":"die-schoensten-bike-ferntouren-durch-die-alpen","status":"publish","type":"product","link":"https:\/\/pizbube.ch\/en\/shop\/die-schoensten-bike-ferntouren-durch-die-alpen\/","title":{"rendered":"Die sch\u00f6nsten Bike-Ferntouren durch die Alpen"},"content":{"rendered":"<p>Die 10 sch\u00f6nsten Routen durch die Alpen, auf Forst- und Alpstra\u00dfen,<br \/>\nSaumpfaden, Pass- und Wanderwegen, immer abseits des Autoverkehrs. Bekannte<br \/>\nTagestouren und neue, unbekannte Wege sind geschickt zu einmaligen,<br \/>\nanspruchsvollen Mountainbike- Ferntouren kombiniert. Jede Tour umfasst<br \/>\nzwischen f\u00fcnf und zehn Tagesetappen.<\/p>\n<p>Walserroute: Brig- Mittelberg, Alpenpassroute: Montreux- Sargans,<br \/>\nSonnenstubenroute: Scuol- Bellinzona, B\u00fcndner Ferienorteroute: Chur- Klosters-<br \/>\nArosa-Berg\u00fcn- Vals- Chur, Transalpinroute: Pont Canavese- Aosta- Fribourg,<br \/>\nSwiss Transalp Route: Chiasso- Rorschach, L\u00e4nder-Transalp-Route: Oberstdorf-<br \/>\nTirano, Racletteroute: Evian- Martigny- Oberwald, Voralpenroute: Buchs- Vevey,<br \/>\nTransalp extrem: Bregenz- Lecco<\/p>","protected":false},"excerpt":{"rendered":"<p>Die 10 sch\u00f6nsten Routen durch die Alpen, auf Forst- und Alpstra\u00dfen, Saumpfaden, Pass- und Wanderwegen, immer abseits des Autoverkehrs. Bekannte Tagestouren und neue, unbekannte Wege sind geschickt zu einmaligen, anspruchsvollen Mountainbike- Ferntouren kombiniert. Jede Tour umfasst zwischen f\u00fcnf und zehn Tagesetappen. Walserroute: Brig- Mittelberg, Alpenpassroute: Montreux- Sargans, Sonnenstubenroute: Scuol- Bellinzona, B\u00fcndner Ferienorteroute: Chur- Klosters- Arosa-Berg\u00fcn- [&#8230;]\n","protected":false},"featured_media":30928,"template":"","meta":[],"product_brand":[],"product_cat":[21606],"product_tag":[],"class_list":{"0":"post-147990","1":"product","2":"type-product","3":"status-publish","4":"has-post-thumbnail","6":"product_cat-mountainbikefuehrer","7":"pa_autor-zentner","8":"pa_erscheinungsjahr-21920","9":"pa_region-schweiz","10":"pa_sprache-de","12":"first","13":"outofstock","14":"taxable","15":"shipping-taxable","16":"purchasable","17":"product-type-simple"},"_links":{"self":[{"href":"https:\/\/pizbube.ch\/en\/wp-json\/wp\/v2\/product\/147990","targetHints":{"allow":["GET"]}}],"collection":[{"href":"https:\/\/pizbube.ch\/en\/wp-json\/wp\/v2\/product"}],"about":[{"href":"https:\/\/pizbube.ch\/en\/wp-json\/wp\/v2\/types\/product"}],"wp:featuredmedia":[{"embeddable":true,"href":"https:\/\/pizbube.ch\/en\/wp-json\/wp\/v2\/media\/30928"}],"wp:attachment":[{"href":"https:\/\/pizbube.ch\/en\/wp-json\/wp\/v2\/media?parent=147990"}],"wp:term":[{"taxonomy":"product_brand","embeddable":true,"href":"https:\/\/pizbube.ch\/en\/wp-json\/wp\/v2\/product_brand?post=147990"},{"taxonomy":"product_cat","embeddable":true,"href":"https:\/\/pizbube.ch\/en\/wp-json\/wp\/v2\/product_cat?post=147990"},{"taxonomy":"product_tag","embeddable":true,"href":"https:\/\/pizbube.ch\/en\/wp-json\/wp\/v2\/product_tag?post=147990"}],"curies":[{"name":"wp","href":"https:\/\/api.w.org\/{rel}","templated":true}]}}