{"id":147991,"date":"2021-01-15T10:56:23","date_gmt":"2021-01-15T10:56:23","guid":{"rendered":"https:\/\/codengine3.ch\/?product=import-placeholder-for-207501"},"modified":"2021-01-15T16:03:59","modified_gmt":"2021-01-15T16:03:59","slug":"7-bike-summits-der-alpen","status":"publish","type":"product","link":"https:\/\/pizbube.ch\/en\/shop\/7-bike-summits-der-alpen\/","title":{"rendered":"7 Bike-Summits der Alpen"},"content":{"rendered":"<p>Gipfelgl\u00fcck mit dem MTB auf den h\u00f6chsten bikebaren Bergen der Alpen<\/p>\n<p>H\u00f6henluft f\u00fcr Mountainbiker<br \/>\nWo der Kiesweg endet, f\u00e4ngt f\u00fcr ihn das Mountainbiken an: Autor Carsten<br \/>\nSchymik beschreibt in seinem neuen Bike-Guide die sieben sch\u00f6nsten und<br \/>\nh\u00f6chsten Gipfel der Alpen, die mit dem Bike befahrbar sind: Piz Nair (St.<br \/>\nMoritz), Monte Grappa (Venetien), Monte Stino (Idrosee), Monte Tamaro (Luganer<br \/>\nSee), Plose (Brixen), Mont Chaberton (Val di Susa) sowie das Unterrothorn<br \/>\n(Zermatt). F\u00fcr jede Region werden zus\u00e4tzliche Tourenm\u00f6glichkeiten vorgestellt<br \/>\n\u0096 unvergesslicher Bike-Urlaub garantiert.<br \/>\n192 Seiten, ca. 160 Abbildungen, Format 16,5 x 23,5 cm, Broschur mit<br \/>\nFadenheftung<\/p>","protected":false},"excerpt":{"rendered":"<p>Gipfelgl\u00fcck mit dem MTB auf den h\u00f6chsten bikebaren Bergen der Alpen H\u00f6henluft f\u00fcr Mountainbiker Wo der Kiesweg endet, f\u00e4ngt f\u00fcr ihn das Mountainbiken an: Autor Carsten Schymik beschreibt in seinem neuen Bike-Guide die sieben sch\u00f6nsten und h\u00f6chsten Gipfel der Alpen, die mit dem Bike befahrbar sind: Piz Nair (St. Moritz), Monte Grappa (Venetien), Monte Stino [&#8230;]\n","protected":false},"featured_media":37661,"template":"","meta":[],"product_brand":[],"product_cat":[21606],"product_tag":[],"class_list":{"0":"post-147991","1":"product","2":"type-product","3":"status-publish","4":"has-post-thumbnail","6":"product_cat-mountainbikefuehrer","7":"pa_autor-schymik","8":"pa_erscheinungsjahr-21550","9":"pa_region-schweiz","10":"pa_sprache-de","12":"first","13":"outofstock","14":"taxable","15":"shipping-taxable","16":"purchasable","17":"product-type-simple"},"_links":{"self":[{"href":"https:\/\/pizbube.ch\/en\/wp-json\/wp\/v2\/product\/147991","targetHints":{"allow":["GET"]}}],"collection":[{"href":"https:\/\/pizbube.ch\/en\/wp-json\/wp\/v2\/product"}],"about":[{"href":"https:\/\/pizbube.ch\/en\/wp-json\/wp\/v2\/types\/product"}],"wp:featuredmedia":[{"embeddable":true,"href":"https:\/\/pizbube.ch\/en\/wp-json\/wp\/v2\/media\/37661"}],"wp:attachment":[{"href":"https:\/\/pizbube.ch\/en\/wp-json\/wp\/v2\/media?parent=147991"}],"wp:term":[{"taxonomy":"product_brand","embeddable":true,"href":"https:\/\/pizbube.ch\/en\/wp-json\/wp\/v2\/product_brand?post=147991"},{"taxonomy":"product_cat","embeddable":true,"href":"https:\/\/pizbube.ch\/en\/wp-json\/wp\/v2\/product_cat?post=147991"},{"taxonomy":"product_tag","embeddable":true,"href":"https:\/\/pizbube.ch\/en\/wp-json\/wp\/v2\/product_tag?post=147991"}],"curies":[{"name":"wp","href":"https:\/\/api.w.org\/{rel}","templated":true}]}}